{"id":323,"date":"2026-02-26T19:32:22","date_gmt":"2026-02-26T19:32:22","guid":{"rendered":"https:\/\/boldogbuldog.hu\/?post_type=product&#038;p=323"},"modified":"2026-03-06T13:16:14","modified_gmt":"2026-03-06T13:16:14","slug":"willowy-special-menu-20kg","status":"publish","type":"product","link":"https:\/\/boldogbuldog.hu\/index.php\/termek\/willowy-special-menu-20kg\/","title":{"rendered":"Willowy Special Menu 20kg"},"content":{"rendered":"","protected":false},"excerpt":{"rendered":"<p><b data-path-to-node=\"7\" data-index-in-node=\"0\">Komplett eledel kuty\u00e1knak<\/b><\/p>\n<p><b data-path-to-node=\"7\" data-index-in-node=\"26\">\u00d6sszet\u00e9tele:<\/b> Gabonaf\u00e9l\u00e9k, h\u00fas \u00e9s \u00e1llati mell\u00e9kterm\u00e9kek,baromfi min.: 10%, n\u00f6v\u00e9nyi kivonatok, n\u00f6v\u00e9nyi eredet\u0171 mell\u00e9kterm\u00e9kek, keny\u00e9r \u00e9s s\u00fct\u0151ipari term\u00e9kek, h\u00fcvelyesek, olajok \u00e9s zs\u00edrok, \u00e9leszt\u0151, \u00e1sv\u00e1nyi anyagok.<\/p>\n<p><b data-path-to-node=\"7\" data-index-in-node=\"237\">Analitikus komponensek:<\/b> Nyersfeh\u00e9rje-tartalom: 24%. Olajok \u00e9s zs\u00edrok brutt\u00f3: 10%. Nyers rostok: 4%. Szervetlen anyag: 9,5%. Nedvess\u00e9g: 10%. Foszfor: 1,3%. K\u00e1lcium: 1,9%.<\/p>\n<p><b data-path-to-node=\"7\" data-index-in-node=\"407\">Adal\u00e9kanyagok: Vitaminok, provitaminok:<\/b>A-Vitamin (E672): 14.000 NE, D3 Vitamin (E671): 1.500 NE, E-vitamin (alfa-tokoferol): 80 mg.<\/p>\n<p><b data-path-to-node=\"7\" data-index-in-node=\"540\">Nyomelemet tartalmaz:<\/b> E1 vas (ferrous sulphate monohydrate): 250 mg\/kg; E2 J\u00f3d (calcium iodate anhydrous): 0,5 mg\/kg; E4 R\u00e9z (cupric sulfate pentahydrate): 10 mg\/kg; E5 Magn\u00e9zium (manganous oxide): 3 mg\/kg; E6 Cink (zinc sulphate monohydrate): 230 mg\/kg; E8 Sel\u00e9n (sodium selenite): 0,4 mg\/kg.<\/p>\n<p><b data-path-to-node=\"7\" data-index-in-node=\"834\">Antioxid\u00e1nsok E320:<\/b> 150 mg\/kg.<\/p>\n<p><b data-path-to-node=\"7\" data-index-in-node=\"865\">Felhaszn\u00e1l\u00e1si javaslatok:<\/b> <span class=\"citation-2889\">Sz\u00e1razon t\u00e1laland\u00f3. Az eledel adagja f\u00fcgg a kutya fajt\u00e1j\u00e1t\u00f3l, aktivit\u00e1s\u00e1t\u00f3<\/span><span class=\"citation-2888 citation-2889 citation-end-2889\">l \u00e9s a k\u00f6rnyezeti viszonyokt\u00f3l. Helyezzen a kutya napi sz\u00fcks\u00e9glet\u00e9nek megfelel\u0151 eledelt egy tiszta t\u00e1lba, <\/span><span class=\"citation-2888\">a <\/span><span class=\"citation-2886 citation-2887 citation-2888 citation-end-2888\">mell\u00e9kelt t\u00e1bl\u00e1zatban jel\u00f6lt adagok figyelembev\u00e9tel\u00e9vel egyszeri, vagy k\u00e9tszeri \u00e9tkez\u00e9sre elosztva. \u00dcg<\/span><span class=\"citation-2886 citation-2887 citation-end-2887\">yeljen r\u00e1, hogy mindig a megszokott id\u0151pontban etesse meg az ebet,\u00e9s mindig k\u00e9sz\u00edtsen az \u00e9tel mell\u00e9<\/span><span class=\"citation-2886 citation-end-2886\"> friss, tiszta vizet i<\/span>s.<\/p>\n<p><b data-path-to-node=\"7\" data-index-in-node=\"1299\">T\u00e1rol\u00e1s:<\/b> Az eredeti csomagol\u00e1sban, sz\u00e1raz, h\u0171v\u00f6s helyen t\u00e1roland\u00f3. Felhaszn\u00e1lhat\u00f3 a csomagol\u00e1s fels\u0151 r\u00e9sz\u00e9n jelzett id\u0151pontig.<\/p>\n<p><b data-path-to-node=\"7\" data-index-in-node=\"1426\">Sz\u00e1rmaz\u00e1si hely:<\/b> Spanyolorsz\u00e1g.<\/p>\n","protected":false},"featured_media":459,"template":"","meta":{"site-sidebar-layout":"default","site-content-layout":"","ast-site-content-layout":"default","site-content-style":"default","site-sidebar-style":"default","ast-global-header-display":"","ast-banner-title-visibility":"","ast-main-header-display":"","ast-hfb-above-header-display":"","ast-hfb-below-header-display":"","ast-hfb-mobile-header-display":"","site-post-title":"","ast-breadcrumbs-content":"","ast-featured-img":"","footer-sml-layout":"","ast-disable-related-posts":"","theme-transparent-header-meta":"default","adv-header-id-meta":"","stick-header-meta":"","header-above-stick-meta":"","header-main-stick-meta":"","header-below-stick-meta":"","astra-migrate-meta-layouts":"set","ast-page-background-enabled":"default","ast-page-background-meta":{"desktop":{"background-color":"var(--ast-global-color-5)","background-image":"","background-repeat":"repeat","background-position":"center center","background-size":"auto","background-attachment":"scroll","background-type":"","background-media":"","overlay-type":"","overlay-color":"","overlay-opacity":"","overlay-gradient":""},"tablet":{"background-color":"","background-image":"","background-repeat":"repeat","background-position":"center center","background-size":"auto","background-attachment":"scroll","background-type":"","background-media":"","overlay-type":"","overlay-color":"","overlay-opacity":"","overlay-gradient":""},"mobile":{"background-color":"","background-image":"","background-repeat":"repeat","background-position":"center center","background-size":"auto","background-attachment":"scroll","background-type":"","background-media":"","overlay-type":"","overlay-color":"","overlay-opacity":"","overlay-gradient":""}},"ast-content-background-meta":{"desktop":{"background-color":"var(--ast-global-color-4)","background-image":"","background-repeat":"repeat","background-position":"center center","background-size":"auto","background-attachment":"scroll","background-type":"","background-media":"","overlay-type":"","overlay-color":"","overlay-opacity":"","overlay-gradient":""},"tablet":{"background-color":"var(--ast-global-color-4)","background-image":"","background-repeat":"repeat","background-position":"center center","background-size":"auto","background-attachment":"scroll","background-type":"","background-media":"","overlay-type":"","overlay-color":"","overlay-opacity":"","overlay-gradient":""},"mobile":{"background-color":"var(--ast-global-color-4)","background-image":"","background-repeat":"repeat","background-position":"center center","background-size":"auto","background-attachment":"scroll","background-type":"","background-media":"","overlay-type":"","overlay-color":"","overlay-opacity":"","overlay-gradient":""}}},"product_brand":[],"product_cat":[19,20],"product_tag":[],"class_list":{"0":"post-323","1":"product","2":"type-product","3":"status-publish","4":"has-post-thumbnail","6":"product_cat-kutya-eledelek","7":"product_cat-willowy","8":"desktop-align-left","9":"tablet-align-left","10":"mobile-align-left","12":"first","13":"instock","14":"shipping-taxable","15":"product-type-simple"},"_links":{"self":[{"href":"https:\/\/boldogbuldog.hu\/index.php\/wp-json\/wp\/v2\/product\/323","targetHints":{"allow":["GET"]}}],"collection":[{"href":"https:\/\/boldogbuldog.hu\/index.php\/wp-json\/wp\/v2\/product"}],"about":[{"href":"https:\/\/boldogbuldog.hu\/index.php\/wp-json\/wp\/v2\/types\/product"}],"wp:featuredmedia":[{"embeddable":true,"href":"https:\/\/boldogbuldog.hu\/index.php\/wp-json\/wp\/v2\/media\/459"}],"wp:attachment":[{"href":"https:\/\/boldogbuldog.hu\/index.php\/wp-json\/wp\/v2\/media?parent=323"}],"wp:term":[{"taxonomy":"product_brand","embeddable":true,"href":"https:\/\/boldogbuldog.hu\/index.php\/wp-json\/wp\/v2\/product_brand?post=323"},{"taxonomy":"product_cat","embeddable":true,"href":"https:\/\/boldogbuldog.hu\/index.php\/wp-json\/wp\/v2\/product_cat?post=323"},{"taxonomy":"product_tag","embeddable":true,"href":"https:\/\/boldogbuldog.hu\/index.php\/wp-json\/wp\/v2\/product_tag?post=323"}],"curies":[{"name":"wp","href":"https:\/\/api.w.org\/{rel}","templated":true}]}}