{"id":324,"date":"2026-02-26T19:32:53","date_gmt":"2026-02-26T19:32:53","guid":{"rendered":"https:\/\/boldogbuldog.hu\/?post_type=product&#038;p=324"},"modified":"2026-03-06T13:11:57","modified_gmt":"2026-03-06T13:11:57","slug":"willowy-high-energie-20kg","status":"publish","type":"product","link":"https:\/\/boldogbuldog.hu\/index.php\/termek\/willowy-high-energie-20kg\/","title":{"rendered":"Willowy High Energie 20kg"},"content":{"rendered":"","protected":false},"excerpt":{"rendered":"<p><b data-path-to-node=\"2\" data-index-in-node=\"0\">Komplett eledel kuty\u00e1knak<\/b><\/p>\n<p><b data-path-to-node=\"2\" data-index-in-node=\"26\">\u00d6sszet\u00e9tele:<\/b> Gabonaf\u00e9l\u00e9k\/rizs min.: 10%, h\u00fas \u00e9s \u00e1llati mell\u00e9kterm\u00e9kek, B\u00e1r\u00e1ny min.: 6%, n\u00f6v\u00e9nyi kivonatok, a n\u00f6<span class=\"citation-949 citation-950 citation-951 citation-952 citation-953 citation-954 citation-955 citation-end-955\">v\u00e9nyi eredet\u0171 mell\u00e9kterm\u00e9kek, olajok \u00e9s zs\u00edrok, \u00e9leszt\u0151, \u00e1sv\u00e1nyi anyagok.<\/span><\/p>\n<p><b data-path-to-node=\"2\" data-index-in-node=\"211\"><span class=\"citation-942 citation-943 citation-944 citation-945 citation-946 citation-947 citation-948\">Analitikus komponensek:<\/span><\/b><span class=\"citation-942 citation-943 citation-944 citation-945 citation-946 citation-947 citation-948 citation-end-948\"> Nyersfeh\u00e9rje-tartalom: 30%. Olajok \u00e9s zs\u00edrok brutt\u00f3: 16%. Nyers rostok: 2,5%. Szervetlen anyag: 8%. Nedvess\u00e9g: 10%. Foszfor: 1,2<\/span><span class=\"citation-942 citation-943 citation-944 citation-945 citation-946 citation-947 citation-end-947\">%. K\u00e1lcium: 1,6%.<\/span><\/p>\n<p><b data-path-to-node=\"2\" data-index-in-node=\"381\"><span class=\"citation-936 citation-937 citation-938 citation-939 citation-940 citation-941\">Adal\u00e9kanyagok: Vitaminok, provitaminok \u00e9s anyagok:<\/span><\/b><span class=\"citation-936 citation-937 citation-938 citation-939 citation-940 citation-941 citation-end-941\"> A-Vitamin<\/span><span class=\"citation-936 citation-937 citation-938 citation-939 citation-940 citation-end-940\">(E672): 20.000 NE, D3 Vitamin (E671): 2000 NE, E-vitami<\/span><span class=\"citation-936 citation-937 citation-938 citation-939 citation-end-939\">n (alfa-tokoferol): 120 mg.<\/span><\/p>\n<p><b data-path-to-node=\"2\" data-index-in-node=\"525\"><span class=\"citation-932 citation-933 citation-934 citation-935\">Nyomelemet tartalmaz:<\/span><\/b><span class=\"citation-932 citation-933 citation-934 citation-935 citation-end-935\"> E1 vas (ferrous sulphate monohydra<\/span><span class=\"citation-932 citation-933 citation-934 citation-end-934\">te): 350 mg\/kg; E2 J\u00f3d (calcium iodate anhydrous): 0,4 mg\/kg; E4 R\u00e9<\/span><span class=\"citation-932 citation-933 citation-end-933\">z (cupric sulfate pentahydrate): 10 mg\/kg; E5 Magn\u00e9zium (manganous oxide): 6 mg\/k<\/span><span class=\"citation-932 citation-end-932\">g; E6 Cink (zinc su<\/span>lphate monohydrate, <span class=\"citation-931 citation-end-931\">kel\u00e1tjai Gly tal\u00e1lkozott): 350 mg\/kg; E8 Sel\u00e9n (sodium selenite): 0,5 mg\/kg.<\/span><\/p>\n<p><b data-path-to-node=\"2\" data-index-in-node=\"845\"><span class=\"citation-930\">Felhaszn\u00e1l\u00e1si javaslatok:<\/span><\/b> <span class=\"citation-929 citation-930\">Sz\u00e1razon t\u00e1laland\u00f3. Az eledel adagja f\u00fcgg a kutya fajt\u00e1j\u00e1t\u00f3l, aktivit\u00e1s\u00e1t\u00f3<\/span><span class=\"citation-928 citation-929 citation-930 citation-end-930\">l \u00e9s a k\u00f6rnyeze<\/span><span class=\"citation-928 citation-929 citation-end-929\">ti viszonyokt\u00f3l. Helyezzen a kutya napi sz\u00fcks\u00e9glet\u00e9nek megfelel\u0151 eledelt egy tiszta t\u00e1lba, <\/span><span class=\"citation-928\">a <\/span><span class=\"citation-927 citation-928 citation-end-928\">mell\u00e9kelt t\u00e1bl\u00e1zatban jel\u00f6lt adagok figyelembev\u00e9tel\u00e9vel egyszeri, vagy k\u00e9tszeri \u00e9tkez\u00e9sre elosztva. \u00dcg<\/span><span class=\"citation-927 citation-end-927\">yeljen r\u00e1, hogy mindig a megszokott id\u0151pontban etesse meg az ebet \u00e9s mindig k\u00e9sz\u00edtsen az \u00e9tel mell\u00e9 friss, tiszta vizet i<\/span>s.<\/p>\n<p><b data-path-to-node=\"2\" data-index-in-node=\"1279\">T\u00e1rol\u00e1s:<\/b> Az eredeti csomagol\u00e1sban, sz\u00e1raz, h\u0171v\u00f6s helyen t\u00e1roland\u00f3. Felhaszn\u00e1lhat\u00f3 a csomagol\u00e1s fels\u0151 r\u00e9sz\u00e9n jelzett id\u0151pontig.<\/p>\n<p><b data-path-to-node=\"2\" data-index-in-node=\"1406\">Sz\u00e1rmaz\u00e1si hely:<\/b> Spanyolorsz\u00e1g.<\/p>\n","protected":false},"featured_media":458,"template":"","meta":{"site-sidebar-layout":"default","site-content-layout":"","ast-site-content-layout":"default","site-content-style":"default","site-sidebar-style":"default","ast-global-header-display":"","ast-banner-title-visibility":"","ast-main-header-display":"","ast-hfb-above-header-display":"","ast-hfb-below-header-display":"","ast-hfb-mobile-header-display":"","site-post-title":"","ast-breadcrumbs-content":"","ast-featured-img":"","footer-sml-layout":"","ast-disable-related-posts":"","theme-transparent-header-meta":"default","adv-header-id-meta":"","stick-header-meta":"","header-above-stick-meta":"","header-main-stick-meta":"","header-below-stick-meta":"","astra-migrate-meta-layouts":"set","ast-page-background-enabled":"default","ast-page-background-meta":{"desktop":{"background-color":"var(--ast-global-color-5)","background-image":"","background-repeat":"repeat","background-position":"center center","background-size":"auto","background-attachment":"scroll","background-type":"","background-media":"","overlay-type":"","overlay-color":"","overlay-opacity":"","overlay-gradient":""},"tablet":{"background-color":"","background-image":"","background-repeat":"repeat","background-position":"center center","background-size":"auto","background-attachment":"scroll","background-type":"","background-media":"","overlay-type":"","overlay-color":"","overlay-opacity":"","overlay-gradient":""},"mobile":{"background-color":"","background-image":"","background-repeat":"repeat","background-position":"center center","background-size":"auto","background-attachment":"scroll","background-type":"","background-media":"","overlay-type":"","overlay-color":"","overlay-opacity":"","overlay-gradient":""}},"ast-content-background-meta":{"desktop":{"background-color":"var(--ast-global-color-4)","background-image":"","background-repeat":"repeat","background-position":"center center","background-size":"auto","background-attachment":"scroll","background-type":"","background-media":"","overlay-type":"","overlay-color":"","overlay-opacity":"","overlay-gradient":""},"tablet":{"background-color":"var(--ast-global-color-4)","background-image":"","background-repeat":"repeat","background-position":"center center","background-size":"auto","background-attachment":"scroll","background-type":"","background-media":"","overlay-type":"","overlay-color":"","overlay-opacity":"","overlay-gradient":""},"mobile":{"background-color":"var(--ast-global-color-4)","background-image":"","background-repeat":"repeat","background-position":"center center","background-size":"auto","background-attachment":"scroll","background-type":"","background-media":"","overlay-type":"","overlay-color":"","overlay-opacity":"","overlay-gradient":""}}},"product_brand":[],"product_cat":[19,20],"product_tag":[],"class_list":{"0":"post-324","1":"product","2":"type-product","3":"status-publish","4":"has-post-thumbnail","6":"product_cat-kutya-eledelek","7":"product_cat-willowy","8":"desktop-align-left","9":"tablet-align-left","10":"mobile-align-left","12":"first","13":"instock","14":"shipping-taxable","15":"product-type-simple"},"_links":{"self":[{"href":"https:\/\/boldogbuldog.hu\/index.php\/wp-json\/wp\/v2\/product\/324","targetHints":{"allow":["GET"]}}],"collection":[{"href":"https:\/\/boldogbuldog.hu\/index.php\/wp-json\/wp\/v2\/product"}],"about":[{"href":"https:\/\/boldogbuldog.hu\/index.php\/wp-json\/wp\/v2\/types\/product"}],"wp:featuredmedia":[{"embeddable":true,"href":"https:\/\/boldogbuldog.hu\/index.php\/wp-json\/wp\/v2\/media\/458"}],"wp:attachment":[{"href":"https:\/\/boldogbuldog.hu\/index.php\/wp-json\/wp\/v2\/media?parent=324"}],"wp:term":[{"taxonomy":"product_brand","embeddable":true,"href":"https:\/\/boldogbuldog.hu\/index.php\/wp-json\/wp\/v2\/product_brand?post=324"},{"taxonomy":"product_cat","embeddable":true,"href":"https:\/\/boldogbuldog.hu\/index.php\/wp-json\/wp\/v2\/product_cat?post=324"},{"taxonomy":"product_tag","embeddable":true,"href":"https:\/\/boldogbuldog.hu\/index.php\/wp-json\/wp\/v2\/product_tag?post=324"}],"curies":[{"name":"wp","href":"https:\/\/api.w.org\/{rel}","templated":true}]}}