{"id":344,"date":"2026-02-26T20:09:25","date_gmt":"2026-02-26T20:09:25","guid":{"rendered":"https:\/\/boldogbuldog.hu\/?post_type=product&#038;p=344"},"modified":"2026-03-06T14:00:49","modified_gmt":"2026-03-06T14:00:49","slug":"willowy-gold-puppy","status":"publish","type":"product","link":"https:\/\/boldogbuldog.hu\/index.php\/termek\/willowy-gold-puppy\/","title":{"rendered":"Willowy Gold Puppy 15kg"},"content":{"rendered":"","protected":false},"excerpt":{"rendered":"<p id=\"p-rc_8d073bd0d4b37a35-65\" data-path-to-node=\"2\"><b data-path-to-node=\"2\" data-index-in-node=\"0\">Komplett eledel k\u00f6ly\u00f6k kuty\u00e1knak<\/b><\/p>\n<p data-path-to-node=\"2\"><b data-path-to-node=\"2\" data-index-in-node=\"33\">\u00d6sszet\u00e9tele:<\/b> H\u00fas \u00e9s \u00e1lla<span class=\"citation-7778 citation-7779 citation-end-7779\">ti-sz\u00e1rmaz\u00e9kok, Baromfi min.: 25%, B\u00e1r\u00e1ny min.: 4%, Plazmafeh\u00e9rj\u00e9k min.: 5%; gabonaf\u00e9l\u00e9k\/rizs min.: 20%, hal \u00e9s sz\u00e1rmaz\u00e9kai (tonhal \u00e9telek \u00e9s a gadoids, olaj Om3), n\u00f6v\u00e9nyi kivonatok, keny\u00e9r \u00e9s s\u00fct\u0151ipari term\u00e9kek<\/span><span class=\"citation-7778 citation-end-7778\">, olajok \u00e9s zs\u00edrok,<\/span> a n\u00f6v\u00e9nyi eredet\u0171 sz\u00e1rmaz\u00e9kai, \u00e9leszt\u0151, \u00e1sv\u00e1nyi anyagok. Term\u00e9szetes antioxid\u00e1nsok, Gl\u00fck\u00f3zamin-hidroclorato, kondroitin-szulf\u00e1t, Bifidobakt\u00e9riumok, Probiotikumok, MOS, FOS, Yucca Schidigera.<\/p>\n<p>&nbsp;<\/p>\n<p data-path-to-node=\"3\"><b data-path-to-node=\"3\" data-index-in-node=\"0\">Analitikus komponensek:<\/b> Nyersfeh\u00e9rje-tartalom: 32%. Olajok \u00e9s zs\u00edrok brutt\u00f3: 21%. Nyers rostok: 2%. Szervetlen anyag: 7%. K\u00e1lcium: 1,3%. Foszfor: 1%. Nedvess\u00e9g: 10%. Gl\u00fck\u00f3zamin: 1300 (mg\/kg). Kondroitin: 950 (mg\/kg). Omega-6: 2,7%, Omega-3: 1,4%.<\/p>\n<p data-path-to-node=\"4\"><b data-path-to-node=\"4\" data-index-in-node=\"0\">Adal\u00e9kanyagok: Vitaminok, provitaminok:<\/b> A-Vitamin (E672): 24000 NE, D3 Vitamin (E671): 2000 NE, E-vitamin (RRR-alfa-tokoferol): 600 mg.<\/p>\n<p data-path-to-node=\"5\"><b data-path-to-node=\"5\" data-index-in-node=\"0\">Aminosavak:<\/b> Taurin 600 mg\/kg; L-lizin 250 mg, DL-metionin 200 mg.<\/p>\n<p data-path-to-node=\"6\"><b data-path-to-node=\"6\" data-index-in-node=\"0\">Nyomelemet tartalmaz:<\/b> E1 vas (ferrous sulphate monohydrate): 450 mg\/kg; E2 J\u00f3d (calcium iodate anhydrous): 0,5 mg\/kg; E4 R\u00e9z (cupric sulfate pentahydrate): 10 mg\/kg; E5 Magn\u00e9zium (manganous oxide): 10 mg\/kg; E6 Cink (zinc sulphate monohydrate, kel\u00e1tjai): 350 mg\/kg; E8 Sel\u00e9n (sodium selenite): 0,5 mg\/kg.<\/p>\n<p id=\"p-rc_8d073bd0d4b37a35-66\" data-path-to-node=\"7\"><b data-path-to-node=\"7\" data-index-in-node=\"0\">Felhaszn\u00e1l\u00e1si javaslatok:<\/b> Sz\u00e1razon t\u00e1laland\u00f3. Az eledel adagja f\u00fcgg a kutya fajt\u00e1j\u00e1t\u00f3l, akti<span class=\"citation-7777\">vit\u00e1s\u00e1t\u00f3l \u00e9s a k\u00f6rnyezeti viszonyokt\u00f3l. Helyezzen a kutya napi sz\u00fcks\u00e9glet\u00e9<\/span><span class=\"citation-7776 citation-7777 citation-end-7777\">nek megfelel\u0151 eledelt egy tiszta t\u00e1lba, a mell\u00e9kelt t\u00e1bl\u00e1zatban jel\u00f6lt adagok figyelembev\u00e9tel\u00e9vel egyszeri<\/span><span class=\"citation-7776\">, <\/span><span class=\"citation-7774 citation-7775 citation-7776 citation-end-7776\">vagy k\u00e9tszeri \u00e9tkez\u00e9sre elosztva. \u00dcgyeljen r\u00e1, hogy mindig a megszokott id\u0151pontban etesse meg az ebet <\/span><span class=\"citation-7774 citation-7775 citation-end-7775\">\u00e9s mindig k\u00e9sz\u00edtsen az \u00e9tel mell\u00e9 friss, tiszta vizet is.<\/span><\/p>\n<p id=\"p-rc_8d073bd0d4b37a35-67\" data-path-to-node=\"8\"><b data-path-to-node=\"8\" data-index-in-node=\"0\"><span class=\"citation-7772 citation-7773\">T\u00e1rol\u00e1s:<\/span><\/b><span class=\"citation-7772 citation-7773 citation-end-7773\"> Az eredeti csomagol\u00e1sban, s<\/span><span class=\"citation-7772 citation-end-7772\">z\u00e1raz, h\u0171v\u00f6s helyen t\u00e1<\/span>roland\u00f3. Felhaszn\u00e1lhat\u00f3 a csomagol\u00e1s fels\u0151 r\u00e9sz\u00e9n jelzett id\u0151pontig.<\/p>\n<p data-path-to-node=\"9\"><b data-path-to-node=\"9\" data-index-in-node=\"0\">Sz\u00e1rmaz\u00e1si hely:<\/b> Spanyolorsz\u00e1g.<\/p>\n","protected":false},"featured_media":464,"template":"","meta":{"site-sidebar-layout":"default","site-content-layout":"","ast-site-content-layout":"default","site-content-style":"default","site-sidebar-style":"default","ast-global-header-display":"","ast-banner-title-visibility":"","ast-main-header-display":"","ast-hfb-above-header-display":"","ast-hfb-below-header-display":"","ast-hfb-mobile-header-display":"","site-post-title":"","ast-breadcrumbs-content":"","ast-featured-img":"","footer-sml-layout":"","ast-disable-related-posts":"","theme-transparent-header-meta":"default","adv-header-id-meta":"","stick-header-meta":"","header-above-stick-meta":"","header-main-stick-meta":"","header-below-stick-meta":"","astra-migrate-meta-layouts":"set","ast-page-background-enabled":"default","ast-page-background-meta":{"desktop":{"background-color":"var(--ast-global-color-5)","background-image":"","background-repeat":"repeat","background-position":"center center","background-size":"auto","background-attachment":"scroll","background-type":"","background-media":"","overlay-type":"","overlay-color":"","overlay-opacity":"","overlay-gradient":""},"tablet":{"background-color":"","background-image":"","background-repeat":"repeat","background-position":"center center","background-size":"auto","background-attachment":"scroll","background-type":"","background-media":"","overlay-type":"","overlay-color":"","overlay-opacity":"","overlay-gradient":""},"mobile":{"background-color":"","background-image":"","background-repeat":"repeat","background-position":"center center","background-size":"auto","background-attachment":"scroll","background-type":"","background-media":"","overlay-type":"","overlay-color":"","overlay-opacity":"","overlay-gradient":""}},"ast-content-background-meta":{"desktop":{"background-color":"var(--ast-global-color-4)","background-image":"","background-repeat":"repeat","background-position":"center center","background-size":"auto","background-attachment":"scroll","background-type":"","background-media":"","overlay-type":"","overlay-color":"","overlay-opacity":"","overlay-gradient":""},"tablet":{"background-color":"var(--ast-global-color-4)","background-image":"","background-repeat":"repeat","background-position":"center center","background-size":"auto","background-attachment":"scroll","background-type":"","background-media":"","overlay-type":"","overlay-color":"","overlay-opacity":"","overlay-gradient":""},"mobile":{"background-color":"var(--ast-global-color-4)","background-image":"","background-repeat":"repeat","background-position":"center center","background-size":"auto","background-attachment":"scroll","background-type":"","background-media":"","overlay-type":"","overlay-color":"","overlay-opacity":"","overlay-gradient":""}}},"product_brand":[],"product_cat":[19,21],"product_tag":[],"class_list":{"0":"post-344","1":"product","2":"type-product","3":"status-publish","4":"has-post-thumbnail","6":"product_cat-kutya-eledelek","7":"product_cat-willowy-gold","8":"desktop-align-left","9":"tablet-align-left","10":"mobile-align-left","12":"first","13":"instock","14":"shipping-taxable","15":"product-type-simple"},"_links":{"self":[{"href":"https:\/\/boldogbuldog.hu\/index.php\/wp-json\/wp\/v2\/product\/344","targetHints":{"allow":["GET"]}}],"collection":[{"href":"https:\/\/boldogbuldog.hu\/index.php\/wp-json\/wp\/v2\/product"}],"about":[{"href":"https:\/\/boldogbuldog.hu\/index.php\/wp-json\/wp\/v2\/types\/product"}],"wp:featuredmedia":[{"embeddable":true,"href":"https:\/\/boldogbuldog.hu\/index.php\/wp-json\/wp\/v2\/media\/464"}],"wp:attachment":[{"href":"https:\/\/boldogbuldog.hu\/index.php\/wp-json\/wp\/v2\/media?parent=344"}],"wp:term":[{"taxonomy":"product_brand","embeddable":true,"href":"https:\/\/boldogbuldog.hu\/index.php\/wp-json\/wp\/v2\/product_brand?post=344"},{"taxonomy":"product_cat","embeddable":true,"href":"https:\/\/boldogbuldog.hu\/index.php\/wp-json\/wp\/v2\/product_cat?post=344"},{"taxonomy":"product_tag","embeddable":true,"href":"https:\/\/boldogbuldog.hu\/index.php\/wp-json\/wp\/v2\/product_tag?post=344"}],"curies":[{"name":"wp","href":"https:\/\/api.w.org\/{rel}","templated":true}]}}