{"id":346,"date":"2026-02-26T20:12:10","date_gmt":"2026-02-26T20:12:10","guid":{"rendered":"https:\/\/boldogbuldog.hu\/?post_type=product&#038;p=346"},"modified":"2026-03-06T13:58:11","modified_gmt":"2026-03-06T13:58:11","slug":"willowy-gold-all-breeds-15kg","status":"publish","type":"product","link":"https:\/\/boldogbuldog.hu\/index.php\/termek\/willowy-gold-all-breeds-15kg\/","title":{"rendered":"Willowy Gold All Breeds 15kg"},"content":{"rendered":"","protected":false},"excerpt":{"rendered":"<p data-path-to-node=\"1\"><b data-path-to-node=\"1\" data-index-in-node=\"3\">WILLOWY GOLD ADULT ALL BREEDS<\/b><\/p>\n<p data-path-to-node=\"2\"><b data-path-to-node=\"2\" data-index-in-node=\"0\">Komplett eledel kuty\u00e1knak<\/b> <b data-path-to-node=\"2\" data-index-in-node=\"26\">\u00d6sszet\u00e9tele:<\/b> csirke, rizs, kukorica, b\u00faza, baromfizsirad\u00e9k, kukorica, halliszt, term\u00e9szetes aroma, baromfi m\u00e1j, cukorr\u00e9pa-p\u00e9p, s\u00f6r\u00e9leszt\u0151, halolaj ricon <span class=\"math-inline\" data-math=\"\\Omega\" data-index-in-node=\"179\"><span class=\"katex\"><span class=\"katex-html\" aria-hidden=\"true\"><span class=\"base\"><span class=\"mord\">\u03a9<\/span><\/span><\/span><\/span><\/span> 3-ban gazdag, ligno-cellul\u00f3z, Gl\u00fck\u00f3zamin-hidroklorato, kondroitin-szulf\u00e1t, folsav, L-lizin, mann\u00e1n-oligoszacharidok, Frukto-oligoszacharidok, term\u00e9szetes antioxid\u00e1nsok, vitaminok \u00e9s \u00e1sv\u00e1nyi anyagok, cink kel\u00e1t, Yucca schidigera kivonat.<\/p>\n<p data-path-to-node=\"3\"><b data-path-to-node=\"3\" data-index-in-node=\"0\">Analitikus komponensek:<\/b> Nyersfeh\u00e9rje-tartalom: 29%. Olajok \u00e9s zs\u00edrok brutt\u00f3: 15%. Nyers rostok: 3%. Szervetlen anyag: 8%. K\u00e1lcium: 1,4%. Foszfor: 1,2%. Nedvess\u00e9g: 10%.<\/p>\n<p data-path-to-node=\"4\"><b data-path-to-node=\"4\" data-index-in-node=\"0\">Adal\u00e9kanyagok: Vitaminok, provitaminok:<\/b> A-Vitamin (E672): 24000 NE, D3 Vitamin (E671): 1800 NE, E-vitamin (RRR-alfa-tokoferol): 500 mg.<\/p>\n<p data-path-to-node=\"5\"><b data-path-to-node=\"5\" data-index-in-node=\"0\">Aminosavak:<\/b> L-lizin 250 mg.<\/p>\n<p data-path-to-node=\"6\"><b data-path-to-node=\"6\" data-index-in-node=\"0\">Nyomelemet tartalmaz:<\/b> E1 vas (ferrous sulphate monohydrate): 450 mg\/kg; E2 J\u00f3d (calcium iodate anhydrous): 0,5 mg\/kg; E4 R\u00e9z (cupric sulfate pentahydrate): 15 mg\/kg; E5 Magn\u00e9zium (manganous oxide): 6mg\/kg; E6 Cink (zinc sulphate monohydrate, kel\u00e1tjai): 250 mg\/kg; E8 Sel\u00e9n (sodium selenite): 0,5 mg\/kg.<\/p>\n<p id=\"p-rc_0ba85177f3662391-59\" data-path-to-node=\"7\"><b data-path-to-node=\"7\" data-index-in-node=\"0\">Felhaszn\u00e1l\u00e1si javaslatok:<\/b> <span class=\"citation-7527\">Sz\u00e1razon t\u00e1laland\u00f3. Az eledel adagja f\u00fcgg a kutya fajt\u00e1j\u00e1t\u00f3l, aktivit\u00e1s\u00e1t\u00f3<\/span><span class=\"citation-7526 citation-7527 citation-end-7527\">l \u00e9s a k\u00f6rnyezeti viszonyokt\u00f3l. Helyezzen a kutya napi sz\u00fcks\u00e9glet\u00e9nek megfelel\u0151 eledelt egy tiszta t\u00e1lba, <\/span><span class=\"citation-7526\">a <\/span><span class=\"citation-7525 citation-7526 citation-end-7526\">mell\u00e9kelt t\u00e1bl\u00e1zatban jel\u00f6lt adagok figyelembev\u00e9tel\u00e9vel egyszeri, vagy k\u00e9tszeri \u00e9tkez\u00e9sre elosztva. \u00dcg<\/span><span class=\"citation-7525 citation-end-7525\">yeljen r\u00e1, hogy mindig a megszokott id\u0151pontban etesse meg az ebet \u00e9s mindig k\u00e9sz\u00edtsen az \u00e9tel mell\u00e9 friss, tiszta vizet i<\/span>s.<\/p>\n<p data-path-to-node=\"9\"><b data-path-to-node=\"9\" data-index-in-node=\"0\">Sz\u00e1rmaz\u00e1si hely:<\/b> Spanyolorsz\u00e1g.<\/p>\n","protected":false},"featured_media":462,"template":"","meta":{"site-sidebar-layout":"default","site-content-layout":"","ast-site-content-layout":"default","site-content-style":"default","site-sidebar-style":"default","ast-global-header-display":"","ast-banner-title-visibility":"","ast-main-header-display":"","ast-hfb-above-header-display":"","ast-hfb-below-header-display":"","ast-hfb-mobile-header-display":"","site-post-title":"","ast-breadcrumbs-content":"","ast-featured-img":"","footer-sml-layout":"","ast-disable-related-posts":"","theme-transparent-header-meta":"default","adv-header-id-meta":"","stick-header-meta":"","header-above-stick-meta":"","header-main-stick-meta":"","header-below-stick-meta":"","astra-migrate-meta-layouts":"set","ast-page-background-enabled":"default","ast-page-background-meta":{"desktop":{"background-color":"var(--ast-global-color-5)","background-image":"","background-repeat":"repeat","background-position":"center center","background-size":"auto","background-attachment":"scroll","background-type":"","background-media":"","overlay-type":"","overlay-color":"","overlay-opacity":"","overlay-gradient":""},"tablet":{"background-color":"","background-image":"","background-repeat":"repeat","background-position":"center center","background-size":"auto","background-attachment":"scroll","background-type":"","background-media":"","overlay-type":"","overlay-color":"","overlay-opacity":"","overlay-gradient":""},"mobile":{"background-color":"","background-image":"","background-repeat":"repeat","background-position":"center center","background-size":"auto","background-attachment":"scroll","background-type":"","background-media":"","overlay-type":"","overlay-color":"","overlay-opacity":"","overlay-gradient":""}},"ast-content-background-meta":{"desktop":{"background-color":"var(--ast-global-color-4)","background-image":"","background-repeat":"repeat","background-position":"center center","background-size":"auto","background-attachment":"scroll","background-type":"","background-media":"","overlay-type":"","overlay-color":"","overlay-opacity":"","overlay-gradient":""},"tablet":{"background-color":"var(--ast-global-color-4)","background-image":"","background-repeat":"repeat","background-position":"center center","background-size":"auto","background-attachment":"scroll","background-type":"","background-media":"","overlay-type":"","overlay-color":"","overlay-opacity":"","overlay-gradient":""},"mobile":{"background-color":"var(--ast-global-color-4)","background-image":"","background-repeat":"repeat","background-position":"center center","background-size":"auto","background-attachment":"scroll","background-type":"","background-media":"","overlay-type":"","overlay-color":"","overlay-opacity":"","overlay-gradient":""}}},"product_brand":[],"product_cat":[19,21],"product_tag":[],"class_list":{"0":"post-346","1":"product","2":"type-product","3":"status-publish","4":"has-post-thumbnail","6":"product_cat-kutya-eledelek","7":"product_cat-willowy-gold","8":"desktop-align-left","9":"tablet-align-left","10":"mobile-align-left","12":"first","13":"instock","14":"shipping-taxable","15":"product-type-simple"},"_links":{"self":[{"href":"https:\/\/boldogbuldog.hu\/index.php\/wp-json\/wp\/v2\/product\/346","targetHints":{"allow":["GET"]}}],"collection":[{"href":"https:\/\/boldogbuldog.hu\/index.php\/wp-json\/wp\/v2\/product"}],"about":[{"href":"https:\/\/boldogbuldog.hu\/index.php\/wp-json\/wp\/v2\/types\/product"}],"wp:featuredmedia":[{"embeddable":true,"href":"https:\/\/boldogbuldog.hu\/index.php\/wp-json\/wp\/v2\/media\/462"}],"wp:attachment":[{"href":"https:\/\/boldogbuldog.hu\/index.php\/wp-json\/wp\/v2\/media?parent=346"}],"wp:term":[{"taxonomy":"product_brand","embeddable":true,"href":"https:\/\/boldogbuldog.hu\/index.php\/wp-json\/wp\/v2\/product_brand?post=346"},{"taxonomy":"product_cat","embeddable":true,"href":"https:\/\/boldogbuldog.hu\/index.php\/wp-json\/wp\/v2\/product_cat?post=346"},{"taxonomy":"product_tag","embeddable":true,"href":"https:\/\/boldogbuldog.hu\/index.php\/wp-json\/wp\/v2\/product_tag?post=346"}],"curies":[{"name":"wp","href":"https:\/\/api.w.org\/{rel}","templated":true}]}}