{"id":356,"date":"2026-02-26T20:20:32","date_gmt":"2026-02-26T20:20:32","guid":{"rendered":"https:\/\/boldogbuldog.hu\/?post_type=product&#038;p=356"},"modified":"2026-03-06T14:09:11","modified_gmt":"2026-03-06T14:09:11","slug":"konig-kost-sport-barany-15kg","status":"publish","type":"product","link":"https:\/\/boldogbuldog.hu\/index.php\/termek\/konig-kost-sport-barany-15kg\/","title":{"rendered":"K\u00f6nig Kost Sport B\u00e1r\u00e1ny 15kg"},"content":{"rendered":"","protected":false},"excerpt":{"rendered":"<p data-path-to-node=\"2\"><b data-path-to-node=\"2\" data-index-in-node=\"0\">\u00d6sszetev\u0151k:<\/b> h\u00fas \u00e9s \u00e1llati sz\u00e1rmaz\u00e9kok: h\u00fasliszt (33%, melyb\u0151l minimum 4% b\u00e1r\u00e1nyh\u00fasliszt), korpa, b\u00faza, kukorica, olajok \u00e9s zs\u00edrok, rizs, premix, digest.<\/p>\n<p data-path-to-node=\"3\"><b data-path-to-node=\"3\" data-index-in-node=\"0\">Analitikai \u00f6sszetev\u0151k:<\/b> Nyers feh\u00e9rje: 26,0%, Nyersolajok- \u00e9s zs\u00edrok: 12,0%, Nyers hamu: 9,0%, Nedvess\u00e9gtartalom: max. 10,0%, Nyersrost: 2,5%.<\/p>\n<p data-path-to-node=\"4\"><b data-path-to-node=\"4\" data-index-in-node=\"0\">T\u00e1p\u00e9rt\u00e9kkel rendelkez\u0151 adal\u00e9kanyagok:<\/b> Ca Calcium-D-panthotenat (3a841): 16mg\/kg, Szel\u00e9n Se sodium selenit (3b801): 0,33mg\/kg, A-vitamin retinil acet\u00e1t (3a672a): 6225,2 NE\/kg, E-vitamin alfa tokoferol acet\u00e1t (3a700): 37 mg\/kg.<\/p>\n","protected":false},"featured_media":457,"template":"","meta":{"site-sidebar-layout":"default","site-content-layout":"","ast-site-content-layout":"default","site-content-style":"default","site-sidebar-style":"default","ast-global-header-display":"","ast-banner-title-visibility":"","ast-main-header-display":"","ast-hfb-above-header-display":"","ast-hfb-below-header-display":"","ast-hfb-mobile-header-display":"","site-post-title":"","ast-breadcrumbs-content":"","ast-featured-img":"","footer-sml-layout":"","ast-disable-related-posts":"","theme-transparent-header-meta":"default","adv-header-id-meta":"","stick-header-meta":"","header-above-stick-meta":"","header-main-stick-meta":"","header-below-stick-meta":"","astra-migrate-meta-layouts":"set","ast-page-background-enabled":"default","ast-page-background-meta":{"desktop":{"background-color":"var(--ast-global-color-5)","background-image":"","background-repeat":"repeat","background-position":"center center","background-size":"auto","background-attachment":"scroll","background-type":"","background-media":"","overlay-type":"","overlay-color":"","overlay-opacity":"","overlay-gradient":""},"tablet":{"background-color":"","background-image":"","background-repeat":"repeat","background-position":"center center","background-size":"auto","background-attachment":"scroll","background-type":"","background-media":"","overlay-type":"","overlay-color":"","overlay-opacity":"","overlay-gradient":""},"mobile":{"background-color":"","background-image":"","background-repeat":"repeat","background-position":"center center","background-size":"auto","background-attachment":"scroll","background-type":"","background-media":"","overlay-type":"","overlay-color":"","overlay-opacity":"","overlay-gradient":""}},"ast-content-background-meta":{"desktop":{"background-color":"var(--ast-global-color-4)","background-image":"","background-repeat":"repeat","background-position":"center center","background-size":"auto","background-attachment":"scroll","background-type":"","background-media":"","overlay-type":"","overlay-color":"","overlay-opacity":"","overlay-gradient":""},"tablet":{"background-color":"var(--ast-global-color-4)","background-image":"","background-repeat":"repeat","background-position":"center center","background-size":"auto","background-attachment":"scroll","background-type":"","background-media":"","overlay-type":"","overlay-color":"","overlay-opacity":"","overlay-gradient":""},"mobile":{"background-color":"var(--ast-global-color-4)","background-image":"","background-repeat":"repeat","background-position":"center center","background-size":"auto","background-attachment":"scroll","background-type":"","background-media":"","overlay-type":"","overlay-color":"","overlay-opacity":"","overlay-gradient":""}}},"product_brand":[],"product_cat":[22,19],"product_tag":[],"class_list":{"0":"post-356","1":"product","2":"type-product","3":"status-publish","4":"has-post-thumbnail","6":"product_cat-konig-kost","7":"product_cat-kutya-eledelek","8":"desktop-align-left","9":"tablet-align-left","10":"mobile-align-left","12":"first","13":"instock","14":"shipping-taxable","15":"product-type-simple"},"_links":{"self":[{"href":"https:\/\/boldogbuldog.hu\/index.php\/wp-json\/wp\/v2\/product\/356","targetHints":{"allow":["GET"]}}],"collection":[{"href":"https:\/\/boldogbuldog.hu\/index.php\/wp-json\/wp\/v2\/product"}],"about":[{"href":"https:\/\/boldogbuldog.hu\/index.php\/wp-json\/wp\/v2\/types\/product"}],"wp:featuredmedia":[{"embeddable":true,"href":"https:\/\/boldogbuldog.hu\/index.php\/wp-json\/wp\/v2\/media\/457"}],"wp:attachment":[{"href":"https:\/\/boldogbuldog.hu\/index.php\/wp-json\/wp\/v2\/media?parent=356"}],"wp:term":[{"taxonomy":"product_brand","embeddable":true,"href":"https:\/\/boldogbuldog.hu\/index.php\/wp-json\/wp\/v2\/product_brand?post=356"},{"taxonomy":"product_cat","embeddable":true,"href":"https:\/\/boldogbuldog.hu\/index.php\/wp-json\/wp\/v2\/product_cat?post=356"},{"taxonomy":"product_tag","embeddable":true,"href":"https:\/\/boldogbuldog.hu\/index.php\/wp-json\/wp\/v2\/product_tag?post=356"}],"curies":[{"name":"wp","href":"https:\/\/api.w.org\/{rel}","templated":true}]}}