{"id":477,"date":"2026-03-03T06:56:37","date_gmt":"2026-03-03T06:56:37","guid":{"rendered":"https:\/\/boldogbuldog.hu\/?post_type=product&#038;p=477"},"modified":"2026-03-11T11:11:57","modified_gmt":"2026-03-11T11:11:57","slug":"dax-konzerv-csirke-415g","status":"publish","type":"product","link":"https:\/\/boldogbuldog.hu\/index.php\/termek\/dax-konzerv-csirke-415g\/","title":{"rendered":"Dax konzerv Csirke 415g"},"content":{"rendered":"","protected":false},"excerpt":{"rendered":"<p>Teljes \u00e9rt\u00e9k\u0171 \u00e1llateledel feln\u0151tt kuty\u00e1k sz\u00e1m\u00e1ra.<\/p>\n<p><strong>\u00d6sszet\u00e9tele:\u00a0<\/strong>H\u00fas \u00e9s \u00e1llati sz\u00e1rmaz\u00e9kok, gabonaf\u00e9l\u00e9k, \u00e1sv\u00e1nyi anyagok, k\u00fcl\u00f6nf\u00e9le cukrok.<\/p>\n<p><strong>Analitikai \u00f6sszetev\u0151k:<\/strong><\/p>\n<ul>\n<li>Nedvess\u00e9gtartalom: 81,5%<\/li>\n<li>Nyersfeh\u00e9rje: 6,5%<\/li>\n<li>Zs\u00edrtartalom: 4,0%<\/li>\n<li>Nyershamu: \u00a02,5%<\/li>\n<li>Nyersrost: 0,5%<\/li>\n<\/ul>\n<p><strong>Adal\u00e9kanyagok: T\u00e1p\u00e9rt\u00e9tekkel rendelkez\u0151 adal\u00e9kanyagok\/kg:\u00a0<\/strong>A-vitamin 1100 NE, D3-vitamin 140 NE, E-vitamin 10mg, Cink 10mg, Mang\u00e1n 2,0mg, R\u00e9z 1,8mg, J\u00f3d 0,1mg<\/p>\n","protected":false},"featured_media":478,"template":"","meta":{"site-sidebar-layout":"default","site-content-layout":"","ast-site-content-layout":"default","site-content-style":"default","site-sidebar-style":"default","ast-global-header-display":"","ast-banner-title-visibility":"","ast-main-header-display":"","ast-hfb-above-header-display":"","ast-hfb-below-header-display":"","ast-hfb-mobile-header-display":"","site-post-title":"","ast-breadcrumbs-content":"","ast-featured-img":"","footer-sml-layout":"","ast-disable-related-posts":"","theme-transparent-header-meta":"default","adv-header-id-meta":"","stick-header-meta":"","header-above-stick-meta":"","header-main-stick-meta":"","header-below-stick-meta":"","astra-migrate-meta-layouts":"set","ast-page-background-enabled":"default","ast-page-background-meta":{"desktop":{"background-color":"var(--ast-global-color-5)","background-image":"","background-repeat":"repeat","background-position":"center center","background-size":"auto","background-attachment":"scroll","background-type":"","background-media":"","overlay-type":"","overlay-color":"","overlay-opacity":"","overlay-gradient":""},"tablet":{"background-color":"","background-image":"","background-repeat":"repeat","background-position":"center center","background-size":"auto","background-attachment":"scroll","background-type":"","background-media":"","overlay-type":"","overlay-color":"","overlay-opacity":"","overlay-gradient":""},"mobile":{"background-color":"","background-image":"","background-repeat":"repeat","background-position":"center center","background-size":"auto","background-attachment":"scroll","background-type":"","background-media":"","overlay-type":"","overlay-color":"","overlay-opacity":"","overlay-gradient":""}},"ast-content-background-meta":{"desktop":{"background-color":"var(--ast-global-color-4)","background-image":"","background-repeat":"repeat","background-position":"center center","background-size":"auto","background-attachment":"scroll","background-type":"","background-media":"","overlay-type":"","overlay-color":"","overlay-opacity":"","overlay-gradient":""},"tablet":{"background-color":"var(--ast-global-color-4)","background-image":"","background-repeat":"repeat","background-position":"center center","background-size":"auto","background-attachment":"scroll","background-type":"","background-media":"","overlay-type":"","overlay-color":"","overlay-opacity":"","overlay-gradient":""},"mobile":{"background-color":"var(--ast-global-color-4)","background-image":"","background-repeat":"repeat","background-position":"center center","background-size":"auto","background-attachment":"scroll","background-type":"","background-media":"","overlay-type":"","overlay-color":"","overlay-opacity":"","overlay-gradient":""}}},"product_brand":[],"product_cat":[23,19],"product_tag":[],"class_list":{"0":"post-477","1":"product","2":"type-product","3":"status-publish","4":"has-post-thumbnail","6":"product_cat-dax","7":"product_cat-kutya-eledelek","8":"desktop-align-left","9":"tablet-align-left","10":"mobile-align-left","12":"first","13":"instock","14":"shipping-taxable","15":"product-type-simple"},"_links":{"self":[{"href":"https:\/\/boldogbuldog.hu\/index.php\/wp-json\/wp\/v2\/product\/477","targetHints":{"allow":["GET"]}}],"collection":[{"href":"https:\/\/boldogbuldog.hu\/index.php\/wp-json\/wp\/v2\/product"}],"about":[{"href":"https:\/\/boldogbuldog.hu\/index.php\/wp-json\/wp\/v2\/types\/product"}],"wp:featuredmedia":[{"embeddable":true,"href":"https:\/\/boldogbuldog.hu\/index.php\/wp-json\/wp\/v2\/media\/478"}],"wp:attachment":[{"href":"https:\/\/boldogbuldog.hu\/index.php\/wp-json\/wp\/v2\/media?parent=477"}],"wp:term":[{"taxonomy":"product_brand","embeddable":true,"href":"https:\/\/boldogbuldog.hu\/index.php\/wp-json\/wp\/v2\/product_brand?post=477"},{"taxonomy":"product_cat","embeddable":true,"href":"https:\/\/boldogbuldog.hu\/index.php\/wp-json\/wp\/v2\/product_cat?post=477"},{"taxonomy":"product_tag","embeddable":true,"href":"https:\/\/boldogbuldog.hu\/index.php\/wp-json\/wp\/v2\/product_tag?post=477"}],"curies":[{"name":"wp","href":"https:\/\/api.w.org\/{rel}","templated":true}]}}