{"id":488,"date":"2026-03-03T07:46:31","date_gmt":"2026-03-03T07:46:31","guid":{"rendered":"https:\/\/boldogbuldog.hu\/?post_type=product&#038;p=488"},"modified":"2026-03-11T08:46:58","modified_gmt":"2026-03-11T08:46:58","slug":"boldog-bulldog-kolbasz-15kg","status":"publish","type":"product","link":"https:\/\/boldogbuldog.hu\/index.php\/termek\/boldog-bulldog-kolbasz-15kg\/","title":{"rendered":"Boldog Bulldog Kolb\u00e1sz 15kg"},"content":{"rendered":"","protected":false},"excerpt":{"rendered":"<p data-path-to-node=\"4\">A <b data-path-to-node=\"4\" data-index-in-node=\"2\">BOLDOG BULLDOG<\/b> olyan teljes\u00e9rt\u00e9k\u0171 kutyat\u00e1p, mely mindazt a t\u00e1panyagot, \u00e1sv\u00e1nyi anyagot \u00e9s vitamint tartalmazza, ami a megfelel\u0151 er\u0151nl\u00e9t \u00e9s harmonikus fejl\u0151d\u00e9s alapja. Extrud\u00e1lt term\u00e9k\u00fcnk magas biol\u00f3giai \u00e9rt\u00e9ke miatt k\u00f6nnyen \u00e9s j\u00f3l em\u00e9szthet\u0151, tartal\u00e9kos etet\u00e9si m\u00f3dot ny\u00fajt.<\/p>\n<h3 data-path-to-node=\"5\">Felhaszn\u00e1l\u00e1si javaslat:<\/h3>\n<p data-path-to-node=\"6\">A <b data-path-to-node=\"6\" data-index-in-node=\"2\">BOLDOG BULLDOG<\/b> kutyat\u00e1pot adhatja kuty\u00e1j\u00e1nak sz\u00e1razon, de v\u00edzzel nedves\u00edtve, illetve egy\u00e9b t\u00e1pl\u00e1l\u00e9kkal kieg\u00e9sz\u00edtve (pl. levessel le\u00f6ntve) is. Ha el\u0151sz\u00f6r adja kuty\u00e1j\u00e1nak a kutyat\u00e1pot, fokozatosan n\u00e9h\u00e1ny nap alatt javasoljuk a teljes \u00e1tt\u00e9r\u00e9st. K\u00e9rj\u00fck, gondoskodjon r\u00f3la, hogy kuty\u00e1ja mindig hozz\u00e1jusson elegend\u0151 mennyis\u00e9g\u0171 friss v\u00edzhez!<\/p>\n<p data-path-to-node=\"7\"><b data-path-to-node=\"7\" data-index-in-node=\"0\">\u00d6sszetev\u0151k:<\/b> Gabonaf\u00e9l\u00e9k, n\u00f6v\u00e9nyi eredet\u0171 sz\u00e1rmaz\u00e9kok, h\u00fas \u00e9s \u00e1llati sz\u00e1rmaz\u00e9kok, olajok \u00e9s zs\u00edrok, \u00e1sv\u00e1nyi anyagok, antioxid\u00e1ns (BHT).<\/p>\n<p data-path-to-node=\"7\">\n<h3 data-path-to-node=\"10\">Analitikai \u00f6sszetev\u0151k:<\/h3>\n<ul data-path-to-node=\"11\">\n<li>\n<p data-path-to-node=\"11,0,0\">Sz\u00e1razanyag: 89,0%<\/p>\n<\/li>\n<li>\n<p data-path-to-node=\"11,1,0\">Nyersfeh\u00e9rje: 19,0%<\/p>\n<\/li>\n<li>\n<p data-path-to-node=\"11,2,0\">Nyerszs\u00edr: 10,0%<\/p>\n<\/li>\n<li>\n<p data-path-to-node=\"11,3,0\">Nyersrost: 1,5%<\/p>\n<\/li>\n<li>\n<p data-path-to-node=\"11,4,0\">Nyershamu: 1,0%<\/p>\n<\/li>\n<li>\n<p data-path-to-node=\"11,5,0\">Kalcium: 1,9%<\/p>\n<\/li>\n<li>\n<p data-path-to-node=\"11,6,0\">Foszfor: 1,0%<\/p>\n<\/li>\n<li>\n<p data-path-to-node=\"11,7,0\">N\u00e1trium: 0,2%<\/p>\n<\/li>\n<\/ul>\n<h3 data-path-to-node=\"12\">Vitaminok:<\/h3>\n<ul data-path-to-node=\"13\">\n<li>\n<p data-path-to-node=\"13,0,0\">A-vitamin (3a672a): 1350 NE<\/p>\n<\/li>\n<li>\n<p data-path-to-node=\"13,1,0\">D3-vitamin (3a671): 150 NE<\/p>\n<\/li>\n<li>\n<p data-path-to-node=\"13,2,0\">E-vitamin (3a700): 8,3 mg\/kg<\/p>\n<\/li>\n<\/ul>\n<h3 data-path-to-node=\"14\">Nyomelemek:<\/h3>\n<ul data-path-to-node=\"15\">\n<li>\n<p data-path-to-node=\"15,0,0\">Zn (3b605 ZnSO4): 3,0 mg\/kg<\/p>\n<\/li>\n<li>\n<p data-path-to-node=\"15,1,0\">Cu (3b405, CuSO4): 1,0 mg\/kg<\/p>\n<\/li>\n<li>\n<p data-path-to-node=\"15,2,0\">Fe (3b103, Fe2SO4): 8,0 mg\/kg<\/p>\n<\/li>\n<li>\n<p data-path-to-node=\"15,3,0\">Mn (3b502, MnO): 2,5 mg\/kg<\/p>\n<\/li>\n<li>\n<p data-path-to-node=\"15,4,0\">Se (E8, Na-selenite): 0,15 mg\/kg<\/p>\n<\/li>\n<\/ul>\n<p data-path-to-node=\"17\"><b data-path-to-node=\"17\" data-index-in-node=\"0\">Sz\u00e1rmaz\u00e1si hely:<\/b> EU<\/p>\n","protected":false},"featured_media":489,"template":"","meta":{"site-sidebar-layout":"default","site-content-layout":"","ast-site-content-layout":"default","site-content-style":"default","site-sidebar-style":"default","ast-global-header-display":"","ast-banner-title-visibility":"","ast-main-header-display":"","ast-hfb-above-header-display":"","ast-hfb-below-header-display":"","ast-hfb-mobile-header-display":"","site-post-title":"","ast-breadcrumbs-content":"","ast-featured-img":"","footer-sml-layout":"","ast-disable-related-posts":"","theme-transparent-header-meta":"default","adv-header-id-meta":"","stick-header-meta":"","header-above-stick-meta":"","header-main-stick-meta":"","header-below-stick-meta":"","astra-migrate-meta-layouts":"set","ast-page-background-enabled":"default","ast-page-background-meta":{"desktop":{"background-color":"var(--ast-global-color-5)","background-image":"","background-repeat":"repeat","background-position":"center center","background-size":"auto","background-attachment":"scroll","background-type":"","background-media":"","overlay-type":"","overlay-color":"","overlay-opacity":"","overlay-gradient":""},"tablet":{"background-color":"","background-image":"","background-repeat":"repeat","background-position":"center center","background-size":"auto","background-attachment":"scroll","background-type":"","background-media":"","overlay-type":"","overlay-color":"","overlay-opacity":"","overlay-gradient":""},"mobile":{"background-color":"","background-image":"","background-repeat":"repeat","background-position":"center center","background-size":"auto","background-attachment":"scroll","background-type":"","background-media":"","overlay-type":"","overlay-color":"","overlay-opacity":"","overlay-gradient":""}},"ast-content-background-meta":{"desktop":{"background-color":"var(--ast-global-color-4)","background-image":"","background-repeat":"repeat","background-position":"center center","background-size":"auto","background-attachment":"scroll","background-type":"","background-media":"","overlay-type":"","overlay-color":"","overlay-opacity":"","overlay-gradient":""},"tablet":{"background-color":"var(--ast-global-color-4)","background-image":"","background-repeat":"repeat","background-position":"center center","background-size":"auto","background-attachment":"scroll","background-type":"","background-media":"","overlay-type":"","overlay-color":"","overlay-opacity":"","overlay-gradient":""},"mobile":{"background-color":"var(--ast-global-color-4)","background-image":"","background-repeat":"repeat","background-position":"center center","background-size":"auto","background-attachment":"scroll","background-type":"","background-media":"","overlay-type":"","overlay-color":"","overlay-opacity":"","overlay-gradient":""}}},"product_brand":[],"product_cat":[24,19],"product_tag":[],"class_list":{"0":"post-488","1":"product","2":"type-product","3":"status-publish","4":"has-post-thumbnail","6":"product_cat-boldog-bulldog","7":"product_cat-kutya-eledelek","8":"desktop-align-left","9":"tablet-align-left","10":"mobile-align-left","12":"first","13":"instock","14":"shipping-taxable","15":"product-type-simple"},"_links":{"self":[{"href":"https:\/\/boldogbuldog.hu\/index.php\/wp-json\/wp\/v2\/product\/488","targetHints":{"allow":["GET"]}}],"collection":[{"href":"https:\/\/boldogbuldog.hu\/index.php\/wp-json\/wp\/v2\/product"}],"about":[{"href":"https:\/\/boldogbuldog.hu\/index.php\/wp-json\/wp\/v2\/types\/product"}],"wp:featuredmedia":[{"embeddable":true,"href":"https:\/\/boldogbuldog.hu\/index.php\/wp-json\/wp\/v2\/media\/489"}],"wp:attachment":[{"href":"https:\/\/boldogbuldog.hu\/index.php\/wp-json\/wp\/v2\/media?parent=488"}],"wp:term":[{"taxonomy":"product_brand","embeddable":true,"href":"https:\/\/boldogbuldog.hu\/index.php\/wp-json\/wp\/v2\/product_brand?post=488"},{"taxonomy":"product_cat","embeddable":true,"href":"https:\/\/boldogbuldog.hu\/index.php\/wp-json\/wp\/v2\/product_cat?post=488"},{"taxonomy":"product_tag","embeddable":true,"href":"https:\/\/boldogbuldog.hu\/index.php\/wp-json\/wp\/v2\/product_tag?post=488"}],"curies":[{"name":"wp","href":"https:\/\/api.w.org\/{rel}","templated":true}]}}