{"id":490,"date":"2026-03-03T07:47:05","date_gmt":"2026-03-03T07:47:05","guid":{"rendered":"https:\/\/boldogbuldog.hu\/?post_type=product&#038;p=490"},"modified":"2026-03-11T08:20:52","modified_gmt":"2026-03-11T08:20:52","slug":"boldog-bulldog-munkakutya-15kg","status":"publish","type":"product","link":"https:\/\/boldogbuldog.hu\/index.php\/termek\/boldog-bulldog-munkakutya-15kg\/","title":{"rendered":"Boldog Bulldog Munkakutya 15kg"},"content":{"rendered":"","protected":false},"excerpt":{"rendered":"<p data-path-to-node=\"4\">A <b data-path-to-node=\"4\" data-index-in-node=\"2\">BOLDOG BULLDOG MUNKAKUTYA T\u00c1P<\/b> olyan teljes\u00e9rt\u00e9k\u0171 speci\u00e1lis t\u00e1p munkakuty\u00e1k r\u00e9sz\u00e9re, mely mindazt a t\u00e1panyagot, \u00e1sv\u00e1nyianyagot \u00e9s vitamint tartalmazza, ami a kit\u0171n\u0151 er\u0151nl\u00e9tet \u00e9s harm\u00f3nikus fejl\u0151d\u00e9st biztos\u00edt a nagy mozg\u00e1sig\u00e9ny\u0171 kuty\u00e1knak is. Term\u00e9k\u00fcnk magas biol\u00f3giai \u00e9rt\u00e9ke miatt k\u00f6nnyen \u00e9s j\u00f3l em\u00e9szthet\u0151, takar\u00e9kos etet\u00e9si m\u00f3dot ny\u00fajt.<\/p>\n<h3 data-path-to-node=\"5\">Felhaszn\u00e1l\u00e1si javaslat:<\/h3>\n<p data-path-to-node=\"6\">A <b data-path-to-node=\"6\" data-index-in-node=\"2\">BOLDOG BULLDOG MUNKAKUTYA T\u00c1P<\/b>-ot adhatja kuty\u00e1j\u00e1nak sz\u00e1razon, de v\u00edzzel nedves\u00edtve, illetve egy\u00e9b t\u00e1pl\u00e1l\u00e9kkal kieg\u00e9sz\u00edtve (pl. levessel le\u00f6ntve) is. Ha el\u0151sz\u00f6r adja kuty\u00e1j\u00e1nak a kutyat\u00e1pot, fokozatosan n\u00e9h\u00e1ny nap alatt javasoljuk a teljes \u00e1tt\u00e9r\u00e9st.<\/p>\n<p data-path-to-node=\"7\"><b data-path-to-node=\"7\" data-index-in-node=\"0\">\u00d6sszetev\u0151k:<\/b> Gabonaf\u00e9l\u00e9k, n\u00f6v\u00e9nyi eredet\u0171 sz\u00e1rmaz\u00e9kok (rizs min 4%), h\u00fas \u00e9s \u00e1llati sz\u00e1rmaz\u00e9kok, olajok \u00e9s zs\u00edrok, \u00e1sv\u00e1nyi anyagok, antioxid\u00e1ns (BHT).<\/p>\n<p data-path-to-node=\"7\">\n<h3 data-path-to-node=\"10\">Analitikai \u00f6sszetev\u0151k:<\/h3>\n<ul data-path-to-node=\"11\">\n<li>\n<p data-path-to-node=\"11,0,0\">Sz\u00e1razanyag: 89,0%<\/p>\n<\/li>\n<li>\n<p data-path-to-node=\"11,1,0\">Nyersfeh\u00e9rje: 30,0%<\/p>\n<\/li>\n<li>\n<p data-path-to-node=\"11,2,0\">Nyerszs\u00edr: 12,0%<\/p>\n<\/li>\n<li>\n<p data-path-to-node=\"11,3,0\">Nyersrost: 1,6%<\/p>\n<\/li>\n<li>\n<p data-path-to-node=\"11,4,0\">Nyershamu: 13,0%<\/p>\n<\/li>\n<li>\n<p data-path-to-node=\"11,5,0\">Kalcium: 4,0%<\/p>\n<\/li>\n<li>\n<p data-path-to-node=\"11,6,0\">Foszfor: 2,0%<\/p>\n<\/li>\n<li>\n<p data-path-to-node=\"11,7,0\">N\u00e1trium: 0,1%<\/p>\n<\/li>\n<\/ul>\n<h3 data-path-to-node=\"12\">Vitaminok:<\/h3>\n<ul data-path-to-node=\"13\">\n<li>\n<p data-path-to-node=\"13,0,0\">A-vitamin (3a672a): 3400 NE<\/p>\n<\/li>\n<li>\n<p data-path-to-node=\"13,1,0\">D3-vitamin (3a671): 340 NE<\/p>\n<\/li>\n<li>\n<p data-path-to-node=\"13,2,0\">E-vitamin (3a700): 21 mg\/kg<\/p>\n<\/li>\n<\/ul>\n<h3 data-path-to-node=\"14\">Nyomelemek:<\/h3>\n<ul data-path-to-node=\"15\">\n<li>\n<p data-path-to-node=\"15,0,0\">Zn (3b605 ZnSO4): 7,8 mg\/kg<\/p>\n<\/li>\n<li>\n<p data-path-to-node=\"15,1,0\">Cu (3b405, CuSO4): 2,6 mg\/kg<\/p>\n<\/li>\n<li>\n<p data-path-to-node=\"15,2,0\">Fe (3b103, Fe2SO4): 21,6 mg\/kg<\/p>\n<\/li>\n<li>\n<p data-path-to-node=\"15,3,0\">Mn (3b502, MnO): 6,5 mg\/kg<\/p>\n<\/li>\n<li>\n<p data-path-to-node=\"15,4,0\">Se (E8, Na-selenite): 0,4 mg\/kg<\/p>\n<\/li>\n<\/ul>\n","protected":false},"featured_media":491,"template":"","meta":{"site-sidebar-layout":"default","site-content-layout":"","ast-site-content-layout":"default","site-content-style":"default","site-sidebar-style":"default","ast-global-header-display":"","ast-banner-title-visibility":"","ast-main-header-display":"","ast-hfb-above-header-display":"","ast-hfb-below-header-display":"","ast-hfb-mobile-header-display":"","site-post-title":"","ast-breadcrumbs-content":"","ast-featured-img":"","footer-sml-layout":"","ast-disable-related-posts":"","theme-transparent-header-meta":"default","adv-header-id-meta":"","stick-header-meta":"","header-above-stick-meta":"","header-main-stick-meta":"","header-below-stick-meta":"","astra-migrate-meta-layouts":"set","ast-page-background-enabled":"default","ast-page-background-meta":{"desktop":{"background-color":"var(--ast-global-color-5)","background-image":"","background-repeat":"repeat","background-position":"center center","background-size":"auto","background-attachment":"scroll","background-type":"","background-media":"","overlay-type":"","overlay-color":"","overlay-opacity":"","overlay-gradient":""},"tablet":{"background-color":"","background-image":"","background-repeat":"repeat","background-position":"center center","background-size":"auto","background-attachment":"scroll","background-type":"","background-media":"","overlay-type":"","overlay-color":"","overlay-opacity":"","overlay-gradient":""},"mobile":{"background-color":"","background-image":"","background-repeat":"repeat","background-position":"center center","background-size":"auto","background-attachment":"scroll","background-type":"","background-media":"","overlay-type":"","overlay-color":"","overlay-opacity":"","overlay-gradient":""}},"ast-content-background-meta":{"desktop":{"background-color":"var(--ast-global-color-4)","background-image":"","background-repeat":"repeat","background-position":"center center","background-size":"auto","background-attachment":"scroll","background-type":"","background-media":"","overlay-type":"","overlay-color":"","overlay-opacity":"","overlay-gradient":""},"tablet":{"background-color":"var(--ast-global-color-4)","background-image":"","background-repeat":"repeat","background-position":"center center","background-size":"auto","background-attachment":"scroll","background-type":"","background-media":"","overlay-type":"","overlay-color":"","overlay-opacity":"","overlay-gradient":""},"mobile":{"background-color":"var(--ast-global-color-4)","background-image":"","background-repeat":"repeat","background-position":"center center","background-size":"auto","background-attachment":"scroll","background-type":"","background-media":"","overlay-type":"","overlay-color":"","overlay-opacity":"","overlay-gradient":""}}},"product_brand":[],"product_cat":[24,19],"product_tag":[],"class_list":{"0":"post-490","1":"product","2":"type-product","3":"status-publish","4":"has-post-thumbnail","6":"product_cat-boldog-bulldog","7":"product_cat-kutya-eledelek","8":"desktop-align-left","9":"tablet-align-left","10":"mobile-align-left","12":"first","13":"instock","14":"shipping-taxable","15":"product-type-simple"},"_links":{"self":[{"href":"https:\/\/boldogbuldog.hu\/index.php\/wp-json\/wp\/v2\/product\/490","targetHints":{"allow":["GET"]}}],"collection":[{"href":"https:\/\/boldogbuldog.hu\/index.php\/wp-json\/wp\/v2\/product"}],"about":[{"href":"https:\/\/boldogbuldog.hu\/index.php\/wp-json\/wp\/v2\/types\/product"}],"wp:featuredmedia":[{"embeddable":true,"href":"https:\/\/boldogbuldog.hu\/index.php\/wp-json\/wp\/v2\/media\/491"}],"wp:attachment":[{"href":"https:\/\/boldogbuldog.hu\/index.php\/wp-json\/wp\/v2\/media?parent=490"}],"wp:term":[{"taxonomy":"product_brand","embeddable":true,"href":"https:\/\/boldogbuldog.hu\/index.php\/wp-json\/wp\/v2\/product_brand?post=490"},{"taxonomy":"product_cat","embeddable":true,"href":"https:\/\/boldogbuldog.hu\/index.php\/wp-json\/wp\/v2\/product_cat?post=490"},{"taxonomy":"product_tag","embeddable":true,"href":"https:\/\/boldogbuldog.hu\/index.php\/wp-json\/wp\/v2\/product_tag?post=490"}],"curies":[{"name":"wp","href":"https:\/\/api.w.org\/{rel}","templated":true}]}}