{"id":497,"date":"2026-03-03T07:57:59","date_gmt":"2026-03-03T07:57:59","guid":{"rendered":"https:\/\/boldogbuldog.hu\/?post_type=product&#038;p=497"},"modified":"2026-03-11T09:28:49","modified_gmt":"2026-03-11T09:28:49","slug":"boldog-bulldog-krokett-barany-10kg","status":"publish","type":"product","link":"https:\/\/boldogbuldog.hu\/index.php\/termek\/boldog-bulldog-krokett-barany-10kg\/","title":{"rendered":"Boldog Bulldog Krokett B\u00e1r\u00e1ny 10kg"},"content":{"rendered":"","protected":false},"excerpt":{"rendered":"<p id=\"p-rc_8d46adc756ea4c09-25\" data-path-to-node=\"4\">Teljes\u00e9rt\u00e9k\u0171 kutyaeledel b\u00e1r\u00e1ny \u00edzes\u00edt\u00e9ssel. Teljes\u00e9rt\u00e9k\u0171 \u00e1ltal\u00e1nos kutyaeledel, mely a benne l\u00e9v\u0151 felt\u00e1rt gabon\u00e1kkal valamint \u00e1llati feh\u00e9rj\u00e9kkel egy\u00fcttesen teljes eg\u00e9sz\u00e9ben biztos\u00edtja kedvence t\u00e1panyag sz\u00fcks\u00e9glet\u00e9t. A n\u00f6v\u00e9nyi \u00f6sszetev\u0151k magasfok<span class=\"citation-639 citation-640 citation-end-640\">\u00fa em\u00e9szthet\u0151s\u00e9ge, valamint az \u00e1llati eredet\u0171 feh\u00e9rj\u00e9k, zs\u00edrok megfelel\u0151 ar\u00e1ny\u00fa koncentr\u00e1ci\u00f3ja igazodik korunk kuty\u00e1j\u00e1nak ig\u00e9nyeihez, valamint optim\u00e1lis mennyis\u00e9gben tartalmazza a sz\u00fcks\u00e9ges vitaminokat <\/span><span class=\"citation-639 citation-end-639\">\u00e9s nyomelemeket. Kedvez\u0151 tulajdons\u00e1g\u00e1nak k\u00f6sz\u00f6nhet\u0151en minden kutya sz\u00edvesen fogyasztja.<\/span><\/p>\n<h3 data-path-to-node=\"5\"><span class=\"citation-638 citation-end-638\">\u00d6ss<\/span>zet\u00e9tel:<\/h3>\n<p data-path-to-node=\"6\">Gabonaf\u00e9l\u00e9k, h\u00fas- \u00e9s \u00e1llati sz\u00e1rmaz\u00e9kok (vegyes h\u00fasliszt 6%), premix, \u00e1llati zs\u00edr, b\u00e1r\u00e1nyh\u00fas aroma (0,01%).<\/p>\n<h3 data-path-to-node=\"13\">Analitikai \u00d6sszet\u00e9tel:<\/h3>\n<ul data-path-to-node=\"14\">\n<li>\n<p data-path-to-node=\"14,0,0\">Nyers feh\u00e9rje: 18%<\/p>\n<\/li>\n<li>\n<p data-path-to-node=\"14,1,0\">Nyers olajok \u00e9s zs\u00edrok: 9%<\/p>\n<\/li>\n<li>\n<p data-path-to-node=\"14,2,0\">Nyersrost: 4,07%<\/p>\n<\/li>\n<li>\n<p data-path-to-node=\"14,3,0\">Nyershamu: 8,9%<\/p>\n<\/li>\n<li>\n<p data-path-to-node=\"14,4,0\">Nedvess\u00e9gtartalom: 10% max.<\/p>\n<\/li>\n<\/ul>\n<h3 data-path-to-node=\"15\">Hozz\u00e1adott vitaminok \u00e9s \u00e1sv\u00e1nyi anyagok (kg-onk\u00e9nt):<\/h3>\n<ul data-path-to-node=\"16\">\n<li>\n<p data-path-to-node=\"16,0,0\">A-vitamin retinil-acet\u00e1t (3a672): 6225,2 NE\/kg<\/p>\n<\/li>\n<li>\n<p data-path-to-node=\"16,1,0\">E-vitamin alfa-tokoferol acet\u00e1t (3a700): 37 mg\/kg<\/p>\n<\/li>\n<li>\n<p data-path-to-node=\"16,2,0\">Ca Kalcium-D-pantoten\u00e1t (3a841): 16 mg\/kg<\/p>\n<\/li>\n<li>\n<p data-path-to-node=\"16,3,0\">Se sodium-szelenit: 0,33 mg\/kg<\/p>\n<\/li>\n<\/ul>\n<p><b data-path-to-node=\"18\" data-index-in-node=\"154\">Sz\u00e1rmaz\u00e1si hely:<\/b> EU<\/p>\n<p data-path-to-node=\"6\">\n<p data-path-to-node=\"6\">\n","protected":false},"featured_media":499,"template":"","meta":{"site-sidebar-layout":"default","site-content-layout":"","ast-site-content-layout":"default","site-content-style":"default","site-sidebar-style":"default","ast-global-header-display":"","ast-banner-title-visibility":"","ast-main-header-display":"","ast-hfb-above-header-display":"","ast-hfb-below-header-display":"","ast-hfb-mobile-header-display":"","site-post-title":"","ast-breadcrumbs-content":"","ast-featured-img":"","footer-sml-layout":"","ast-disable-related-posts":"","theme-transparent-header-meta":"default","adv-header-id-meta":"","stick-header-meta":"","header-above-stick-meta":"","header-main-stick-meta":"","header-below-stick-meta":"","astra-migrate-meta-layouts":"set","ast-page-background-enabled":"default","ast-page-background-meta":{"desktop":{"background-color":"var(--ast-global-color-5)","background-image":"","background-repeat":"repeat","background-position":"center center","background-size":"auto","background-attachment":"scroll","background-type":"","background-media":"","overlay-type":"","overlay-color":"","overlay-opacity":"","overlay-gradient":""},"tablet":{"background-color":"","background-image":"","background-repeat":"repeat","background-position":"center center","background-size":"auto","background-attachment":"scroll","background-type":"","background-media":"","overlay-type":"","overlay-color":"","overlay-opacity":"","overlay-gradient":""},"mobile":{"background-color":"","background-image":"","background-repeat":"repeat","background-position":"center center","background-size":"auto","background-attachment":"scroll","background-type":"","background-media":"","overlay-type":"","overlay-color":"","overlay-opacity":"","overlay-gradient":""}},"ast-content-background-meta":{"desktop":{"background-color":"var(--ast-global-color-4)","background-image":"","background-repeat":"repeat","background-position":"center center","background-size":"auto","background-attachment":"scroll","background-type":"","background-media":"","overlay-type":"","overlay-color":"","overlay-opacity":"","overlay-gradient":""},"tablet":{"background-color":"var(--ast-global-color-4)","background-image":"","background-repeat":"repeat","background-position":"center center","background-size":"auto","background-attachment":"scroll","background-type":"","background-media":"","overlay-type":"","overlay-color":"","overlay-opacity":"","overlay-gradient":""},"mobile":{"background-color":"var(--ast-global-color-4)","background-image":"","background-repeat":"repeat","background-position":"center center","background-size":"auto","background-attachment":"scroll","background-type":"","background-media":"","overlay-type":"","overlay-color":"","overlay-opacity":"","overlay-gradient":""}}},"product_brand":[],"product_cat":[24,19],"product_tag":[],"class_list":{"0":"post-497","1":"product","2":"type-product","3":"status-publish","4":"has-post-thumbnail","6":"product_cat-boldog-bulldog","7":"product_cat-kutya-eledelek","8":"desktop-align-left","9":"tablet-align-left","10":"mobile-align-left","12":"first","13":"instock","14":"shipping-taxable","15":"product-type-simple"},"_links":{"self":[{"href":"https:\/\/boldogbuldog.hu\/index.php\/wp-json\/wp\/v2\/product\/497","targetHints":{"allow":["GET"]}}],"collection":[{"href":"https:\/\/boldogbuldog.hu\/index.php\/wp-json\/wp\/v2\/product"}],"about":[{"href":"https:\/\/boldogbuldog.hu\/index.php\/wp-json\/wp\/v2\/types\/product"}],"wp:featuredmedia":[{"embeddable":true,"href":"https:\/\/boldogbuldog.hu\/index.php\/wp-json\/wp\/v2\/media\/499"}],"wp:attachment":[{"href":"https:\/\/boldogbuldog.hu\/index.php\/wp-json\/wp\/v2\/media?parent=497"}],"wp:term":[{"taxonomy":"product_brand","embeddable":true,"href":"https:\/\/boldogbuldog.hu\/index.php\/wp-json\/wp\/v2\/product_brand?post=497"},{"taxonomy":"product_cat","embeddable":true,"href":"https:\/\/boldogbuldog.hu\/index.php\/wp-json\/wp\/v2\/product_cat?post=497"},{"taxonomy":"product_tag","embeddable":true,"href":"https:\/\/boldogbuldog.hu\/index.php\/wp-json\/wp\/v2\/product_tag?post=497"}],"curies":[{"name":"wp","href":"https:\/\/api.w.org\/{rel}","templated":true}]}}