{"id":517,"date":"2026-03-03T08:25:08","date_gmt":"2026-03-03T08:25:08","guid":{"rendered":"https:\/\/boldogbuldog.hu\/?post_type=product&#038;p=517"},"modified":"2026-03-11T09:53:30","modified_gmt":"2026-03-11T09:53:30","slug":"reno-barany-rizs-8kg","status":"publish","type":"product","link":"https:\/\/boldogbuldog.hu\/index.php\/termek\/reno-barany-rizs-8kg\/","title":{"rendered":"Reno B\u00e1r\u00e1ny-Rizs 8kg"},"content":{"rendered":"","protected":false},"excerpt":{"rendered":"<p data-path-to-node=\"4\"><b data-path-to-node=\"4\" data-index-in-node=\"0\">\u00d6sszet\u00e9tel:<\/b> Gabonaf\u00e9l\u00e9k* (4% rizs), h\u00fas \u00e9s \u00e1llati sz\u00e1rmaz\u00e9kok (15%, melyb\u0151l 4% b\u00e1r\u00e1ny), n\u00f6v\u00e9nyi eredet\u0171 sz\u00e1rmaz\u00e9kok, olajok \u00e9s zs\u00edrok, \u00e1sv\u00e1nyi anyagok, z\u00f6lds\u00e9gek** (0,45% sz\u00e1r\u00edtott bors\u00f3). <i data-path-to-node=\"4\" data-index-in-node=\"189\">*term\u00e9szetes \u00f6sszetev\u0151k \u00e9s teljes ki\u0151rl\u00e9s\u0171 gabonaf\u00e9l\u00e9k.<\/i> <i data-path-to-node=\"4\" data-index-in-node=\"245\">**4% frissnek felel meg.<\/i><\/p>\n<p data-path-to-node=\"5\"><b data-path-to-node=\"5\" data-index-in-node=\"0\">Analitikai \u00f6sszetev\u0151k:<\/b><\/p>\n<ul data-path-to-node=\"6\">\n<li>\n<p data-path-to-node=\"6,0,0\">Nyersfeh\u00e9rje: 21,0%<\/p>\n<\/li>\n<li>\n<p data-path-to-node=\"6,1,0\">Zs\u00edrtartalom: 11,0%<\/p>\n<\/li>\n<li>\n<p data-path-to-node=\"6,2,0\">Nyershamu: 7,5%<\/p>\n<\/li>\n<li>\n<p data-path-to-node=\"6,3,0\">Nyersrost: 3,0%<\/p>\n<\/li>\n<li>\n<p data-path-to-node=\"6,4,0\">Omega-6 zs\u00edrsavak: 0,80%<\/p>\n<\/li>\n<\/ul>\n<p data-path-to-node=\"7\"><b data-path-to-node=\"7\" data-index-in-node=\"0\">Adal\u00e9kanyagok \/ T\u00e1p\u00e9rt\u00e9kkel rendelkez\u0151 adal\u00e9kanyagok (kg-onk\u00e9nt):<\/b><\/p>\n<ul data-path-to-node=\"8\">\n<li>\n<p id=\"p-rc_ac4887fe42777531-39\" data-path-to-node=\"8,0,0\"><span class=\"citation-1588 citation-1589 citation-1590 citation-end-1590\">A-vitamin: 13500 NE<\/span><\/p>\n<\/li>\n<li>\n<p id=\"p-rc_ac4887fe42777531-40\" data-path-to-node=\"8,1,0\"><span class=\"citation-1585 citation-1586 citation-1587 citation-end-1587\">D3-vitamin: 900 NE<\/span><\/p>\n<\/li>\n<li>\n<p id=\"p-rc_ac4887fe42777531-41\" data-path-to-node=\"8,2,0\"><span class=\"citation-1582 citation-1583 citation-1584 citation-end-1584\">E-vitamin: 135 mg<\/span><\/p>\n<\/li>\n<li>\n<p id=\"p-rc_ac4887fe42777531-42\" data-path-to-node=\"8,3,0\"><span class=\"citation-1579 citation-1580 citation-1581 citation-end-1581\">Cink (mint cink-szulf\u00e1t monohidr\u00e1t): 110 mg<\/span><\/p>\n<\/li>\n<li>\n<p id=\"p-rc_ac4887fe42777531-43\" data-path-to-node=\"8,4,0\"><span class=\"citation-1576 citation-1577 citation-1578 citation-end-1578\">Mang\u00e1n (mint mang\u00e1n(II)-oxid): 6,5 mg<\/span><\/p>\n<\/li>\n<li>\n<p id=\"p-rc_ac4887fe42777531-44\" data-path-to-node=\"8,5,0\"><span class=\"citation-1573 citation-1574 citation-1575 citation-end-1575\">R\u00e9z (mint r\u00e9z(II)-szulf\u00e1t pentahidr\u00e1t): 10,0 mg<\/span><\/p>\n<\/li>\n<li>\n<p id=\"p-rc_ac4887fe42777531-45\" data-path-to-node=\"8,6,0\"><span class=\"citation-1570 citation-1571 citation-1572 citation-end-1572\">Vas (mint vas(II)-szulf\u00e1t monohidr\u00e1t): <\/span><span class=\"citation-1570 citation-1571 citation-end-1571\">100 mg<\/span><\/p>\n<\/li>\n<li>\n<p id=\"p-rc_ac4887fe42777531-46\" data-path-to-node=\"8,7,0\"><span class=\"citation-1568 citation-1569 citation-end-1569\">J\u00f3d (mint kalcium-jod\u00e1t, v\u00edzmentes): 2,0 mg<\/span><\/p>\n<\/li>\n<li>\n<p id=\"p-rc_ac4887fe42777531-47\" data-path-to-node=\"8,8,0\"><span class=\"citation-1566 citation-1567 citation-end-1567\">Szel\u00e9<\/span><span class=\"citation-1566 citation-end-1566\">n (mint n\u00e1trium-szelenit): 0,3 <\/span>mg<\/p>\n<\/li>\n<\/ul>\n<p data-path-to-node=\"9\"><b data-path-to-node=\"9\" data-index-in-node=\"0\">Technol\u00f3giai adal\u00e9kanyagok:<\/b> Antioxid\u00e1nsok, tart\u00f3s\u00edt\u00f3szerek.<\/p>\n<div class=\"woocommerce-product-details__short-description\">\n<p data-path-to-node=\"18\"><b data-path-to-node=\"18\" data-index-in-node=\"135\">Sz\u00e1rmaz\u00e1si hely:<\/b> EU<\/p>\n<p data-path-to-node=\"6\">\n<\/div>\n<hr data-path-to-node=\"10\" \/>\n","protected":false},"featured_media":518,"template":"","meta":{"site-sidebar-layout":"default","site-content-layout":"","ast-site-content-layout":"default","site-content-style":"default","site-sidebar-style":"default","ast-global-header-display":"","ast-banner-title-visibility":"","ast-main-header-display":"","ast-hfb-above-header-display":"","ast-hfb-below-header-display":"","ast-hfb-mobile-header-display":"","site-post-title":"","ast-breadcrumbs-content":"","ast-featured-img":"","footer-sml-layout":"","ast-disable-related-posts":"","theme-transparent-header-meta":"default","adv-header-id-meta":"","stick-header-meta":"","header-above-stick-meta":"","header-main-stick-meta":"","header-below-stick-meta":"","astra-migrate-meta-layouts":"set","ast-page-background-enabled":"default","ast-page-background-meta":{"desktop":{"background-color":"var(--ast-global-color-5)","background-image":"","background-repeat":"repeat","background-position":"center center","background-size":"auto","background-attachment":"scroll","background-type":"","background-media":"","overlay-type":"","overlay-color":"","overlay-opacity":"","overlay-gradient":""},"tablet":{"background-color":"","background-image":"","background-repeat":"repeat","background-position":"center center","background-size":"auto","background-attachment":"scroll","background-type":"","background-media":"","overlay-type":"","overlay-color":"","overlay-opacity":"","overlay-gradient":""},"mobile":{"background-color":"","background-image":"","background-repeat":"repeat","background-position":"center center","background-size":"auto","background-attachment":"scroll","background-type":"","background-media":"","overlay-type":"","overlay-color":"","overlay-opacity":"","overlay-gradient":""}},"ast-content-background-meta":{"desktop":{"background-color":"var(--ast-global-color-4)","background-image":"","background-repeat":"repeat","background-position":"center center","background-size":"auto","background-attachment":"scroll","background-type":"","background-media":"","overlay-type":"","overlay-color":"","overlay-opacity":"","overlay-gradient":""},"tablet":{"background-color":"var(--ast-global-color-4)","background-image":"","background-repeat":"repeat","background-position":"center center","background-size":"auto","background-attachment":"scroll","background-type":"","background-media":"","overlay-type":"","overlay-color":"","overlay-opacity":"","overlay-gradient":""},"mobile":{"background-color":"var(--ast-global-color-4)","background-image":"","background-repeat":"repeat","background-position":"center center","background-size":"auto","background-attachment":"scroll","background-type":"","background-media":"","overlay-type":"","overlay-color":"","overlay-opacity":"","overlay-gradient":""}}},"product_brand":[],"product_cat":[19,25],"product_tag":[],"class_list":{"0":"post-517","1":"product","2":"type-product","3":"status-publish","4":"has-post-thumbnail","6":"product_cat-kutya-eledelek","7":"product_cat-reno-kutya","8":"desktop-align-left","9":"tablet-align-left","10":"mobile-align-left","12":"first","13":"instock","14":"shipping-taxable","15":"product-type-simple"},"_links":{"self":[{"href":"https:\/\/boldogbuldog.hu\/index.php\/wp-json\/wp\/v2\/product\/517","targetHints":{"allow":["GET"]}}],"collection":[{"href":"https:\/\/boldogbuldog.hu\/index.php\/wp-json\/wp\/v2\/product"}],"about":[{"href":"https:\/\/boldogbuldog.hu\/index.php\/wp-json\/wp\/v2\/types\/product"}],"wp:featuredmedia":[{"embeddable":true,"href":"https:\/\/boldogbuldog.hu\/index.php\/wp-json\/wp\/v2\/media\/518"}],"wp:attachment":[{"href":"https:\/\/boldogbuldog.hu\/index.php\/wp-json\/wp\/v2\/media?parent=517"}],"wp:term":[{"taxonomy":"product_brand","embeddable":true,"href":"https:\/\/boldogbuldog.hu\/index.php\/wp-json\/wp\/v2\/product_brand?post=517"},{"taxonomy":"product_cat","embeddable":true,"href":"https:\/\/boldogbuldog.hu\/index.php\/wp-json\/wp\/v2\/product_cat?post=517"},{"taxonomy":"product_tag","embeddable":true,"href":"https:\/\/boldogbuldog.hu\/index.php\/wp-json\/wp\/v2\/product_tag?post=517"}],"curies":[{"name":"wp","href":"https:\/\/api.w.org\/{rel}","templated":true}]}}