{"id":519,"date":"2026-03-03T08:27:55","date_gmt":"2026-03-03T08:27:55","guid":{"rendered":"https:\/\/boldogbuldog.hu\/?post_type=product&#038;p=519"},"modified":"2026-03-11T09:53:21","modified_gmt":"2026-03-11T09:53:21","slug":"reno-marha-zoldseg-8kg","status":"publish","type":"product","link":"https:\/\/boldogbuldog.hu\/index.php\/termek\/reno-marha-zoldseg-8kg\/","title":{"rendered":"Reno Marha-Z\u00f6lds\u00e9g 8kg"},"content":{"rendered":"","protected":false},"excerpt":{"rendered":"<p id=\"p-rc_ce95beac91356d79-59\" data-path-to-node=\"3\"><b data-path-to-node=\"3\" data-index-in-node=\"0\">\u00d6sszet\u00e9tel:<\/b> Gabonaf\u00e9l\u00e9k* (4% rizs), h\u00fas \u00e9s \u00e1<span class=\"citation-2347 citation-2348 citation-end-2348\">llati sz\u00e1rmaz\u00e9kok (15%, melyb\u0151l 4% marha), n\u00f6v\u00e9nyi eredet\u0171 sz\u00e1rmaz\u00e9kok, olajok \u00e9s zs\u00edrok, \u00e1sv\u00e1nyi anyagok, z\u00f6lds\u00e9gek** (0,45% sz\u00e1r\u00edtott bors\u00f3).<\/span> <i data-path-to-node=\"3\" data-index-in-node=\"188\"><span class=\"citation-2345 citation-2346 citation-end-2346\">*term\u00e9szetes \u00f6sszetev\u0151k \u00e9s teljes ki\u0151rl\u00e9s\u0171<\/span><span class=\"citation-2345 citation-end-2345\">gabonaf\u00e9l\u00e9k.<\/span><\/i> <i data-path-to-node=\"3\" data-index-in-node=\"244\">**4% frissnek felel meg.<\/i><\/p>\n<p data-path-to-node=\"4\"><b data-path-to-node=\"4\" data-index-in-node=\"0\">Analitikai \u00f6sszetev\u0151k:<\/b><\/p>\n<ul data-path-to-node=\"5\">\n<li>\n<p data-path-to-node=\"5,0,0\">Nyersfeh\u00e9rje: 21,0%<\/p>\n<\/li>\n<li>\n<p data-path-to-node=\"5,1,0\">Zs\u00edrtartalom: 11,0%<\/p>\n<\/li>\n<li>\n<p data-path-to-node=\"5,2,0\">Nyershamu: 7,5%<\/p>\n<\/li>\n<li>\n<p data-path-to-node=\"5,3,0\">Nyersrost: 3,0%<\/p>\n<\/li>\n<li>\n<p data-path-to-node=\"5,4,0\">Omega-6 zs\u00edrsavak: 0,80%<\/p>\n<\/li>\n<\/ul>\n<p data-path-to-node=\"6\"><b data-path-to-node=\"6\" data-index-in-node=\"0\">Adal\u00e9kanyagok \/ T\u00e1p\u00e9rt\u00e9kkel rendelkez\u0151 adal\u00e9kanyagok (kg-onk\u00e9nt):<\/b><\/p>\n<ul data-path-to-node=\"7\">\n<li>\n<p id=\"p-rc_ce95beac91356d79-60\" data-path-to-node=\"7,0,0\"><span class=\"citation-2343 citation-2344 citation-end-2344\">A-vitamin: 13500 NE<\/span><\/p>\n<\/li>\n<li>\n<p id=\"p-rc_ce95beac91356d79-61\" data-path-to-node=\"7,1,0\"><span class=\"citation-2341 citation-2342 citation-end-2342\">D3-vitamin: 900 NE<\/span><\/p>\n<\/li>\n<li>\n<p id=\"p-rc_ce95beac91356d79-62\" data-path-to-node=\"7,2,0\"><span class=\"citation-2339 citation-2340 citation-end-2340\">E-vitamin: 135 mg<\/span><\/p>\n<\/li>\n<li>\n<p id=\"p-rc_ce95beac91356d79-63\" data-path-to-node=\"7,3,0\"><span class=\"citation-2337 citation-2338 citation-end-2338\">Cink (mint cink-szulf\u00e1t monohidr\u00e1t): 110 mg<\/span><\/p>\n<\/li>\n<li>\n<p id=\"p-rc_ce95beac91356d79-64\" data-path-to-node=\"7,4,0\"><span class=\"citation-2335 citation-2336 citation-end-2336\">Mang\u00e1n (mint mang\u00e1n(II)-oxid): 6,5 mg<\/span><\/p>\n<\/li>\n<li>\n<p id=\"p-rc_ce95beac91356d79-65\" data-path-to-node=\"7,5,0\"><span class=\"citation-2333 citation-2334 citation-end-2334\">R\u00e9z (mint r\u00e9z(II)-szulf\u00e1t pentahidr\u00e1t): 10,0 mg<\/span><\/p>\n<\/li>\n<li>\n<p id=\"p-rc_ce95beac91356d79-66\" data-path-to-node=\"7,6,0\"><span class=\"citation-2331 citation-2332 citation-end-2332\">Vas (mint vas(II)-szulf\u00e1t monohidr\u00e1t): 100 mg<\/span><\/p>\n<\/li>\n<li>\n<p id=\"p-rc_ce95beac91356d79-67\" data-path-to-node=\"7,7,0\"><span class=\"citation-2329 citation-2330 citation-end-2330\">J\u00f3d (mint kalcium-jod\u00e1t, v\u00edzmen<\/span><span class=\"citation-2329 citation-end-2329\">tes): 2,0 mg<\/span><\/p>\n<\/li>\n<li>\n<p id=\"p-rc_ce95beac91356d79-68\" data-path-to-node=\"7,8,0\"><span class=\"citation-2328 citation-end-2328\">Szel\u00e9n (mint n\u00e1trium-szelenit): 0,3 <\/span>mg<\/p>\n<\/li>\n<\/ul>\n<p data-path-to-node=\"8\"><b data-path-to-node=\"8\" data-index-in-node=\"0\">Technol\u00f3giai adal\u00e9kanyagok:<\/b> Antioxid\u00e1nsok, tart\u00f3s\u00edt\u00f3szerek. <b data-path-to-node=\"8\" data-index-in-node=\"60\">\u00c9rz\u00e9kszervi tulajdons\u00e1gokat jav\u00edt\u00f3 adal\u00e9kanyagok: <\/b>sz\u00ednez\u00e9kek.<\/p>\n<div class=\"woocommerce-product-details__short-description\">\n<p data-path-to-node=\"18\"><b data-path-to-node=\"18\" data-index-in-node=\"135\">Sz\u00e1rmaz\u00e1si hely:<\/b> EU<\/p>\n<p data-path-to-node=\"6\">\n<\/div>\n<hr data-path-to-node=\"9\" \/>\n","protected":false},"featured_media":520,"template":"","meta":{"site-sidebar-layout":"default","site-content-layout":"","ast-site-content-layout":"default","site-content-style":"default","site-sidebar-style":"default","ast-global-header-display":"","ast-banner-title-visibility":"","ast-main-header-display":"","ast-hfb-above-header-display":"","ast-hfb-below-header-display":"","ast-hfb-mobile-header-display":"","site-post-title":"","ast-breadcrumbs-content":"","ast-featured-img":"","footer-sml-layout":"","ast-disable-related-posts":"","theme-transparent-header-meta":"default","adv-header-id-meta":"","stick-header-meta":"","header-above-stick-meta":"","header-main-stick-meta":"","header-below-stick-meta":"","astra-migrate-meta-layouts":"set","ast-page-background-enabled":"default","ast-page-background-meta":{"desktop":{"background-color":"var(--ast-global-color-5)","background-image":"","background-repeat":"repeat","background-position":"center center","background-size":"auto","background-attachment":"scroll","background-type":"","background-media":"","overlay-type":"","overlay-color":"","overlay-opacity":"","overlay-gradient":""},"tablet":{"background-color":"","background-image":"","background-repeat":"repeat","background-position":"center center","background-size":"auto","background-attachment":"scroll","background-type":"","background-media":"","overlay-type":"","overlay-color":"","overlay-opacity":"","overlay-gradient":""},"mobile":{"background-color":"","background-image":"","background-repeat":"repeat","background-position":"center center","background-size":"auto","background-attachment":"scroll","background-type":"","background-media":"","overlay-type":"","overlay-color":"","overlay-opacity":"","overlay-gradient":""}},"ast-content-background-meta":{"desktop":{"background-color":"var(--ast-global-color-4)","background-image":"","background-repeat":"repeat","background-position":"center center","background-size":"auto","background-attachment":"scroll","background-type":"","background-media":"","overlay-type":"","overlay-color":"","overlay-opacity":"","overlay-gradient":""},"tablet":{"background-color":"var(--ast-global-color-4)","background-image":"","background-repeat":"repeat","background-position":"center center","background-size":"auto","background-attachment":"scroll","background-type":"","background-media":"","overlay-type":"","overlay-color":"","overlay-opacity":"","overlay-gradient":""},"mobile":{"background-color":"var(--ast-global-color-4)","background-image":"","background-repeat":"repeat","background-position":"center center","background-size":"auto","background-attachment":"scroll","background-type":"","background-media":"","overlay-type":"","overlay-color":"","overlay-opacity":"","overlay-gradient":""}}},"product_brand":[],"product_cat":[19,25],"product_tag":[],"class_list":{"0":"post-519","1":"product","2":"type-product","3":"status-publish","4":"has-post-thumbnail","6":"product_cat-kutya-eledelek","7":"product_cat-reno-kutya","8":"desktop-align-left","9":"tablet-align-left","10":"mobile-align-left","12":"first","13":"instock","14":"shipping-taxable","15":"product-type-simple"},"_links":{"self":[{"href":"https:\/\/boldogbuldog.hu\/index.php\/wp-json\/wp\/v2\/product\/519","targetHints":{"allow":["GET"]}}],"collection":[{"href":"https:\/\/boldogbuldog.hu\/index.php\/wp-json\/wp\/v2\/product"}],"about":[{"href":"https:\/\/boldogbuldog.hu\/index.php\/wp-json\/wp\/v2\/types\/product"}],"wp:featuredmedia":[{"embeddable":true,"href":"https:\/\/boldogbuldog.hu\/index.php\/wp-json\/wp\/v2\/media\/520"}],"wp:attachment":[{"href":"https:\/\/boldogbuldog.hu\/index.php\/wp-json\/wp\/v2\/media?parent=519"}],"wp:term":[{"taxonomy":"product_brand","embeddable":true,"href":"https:\/\/boldogbuldog.hu\/index.php\/wp-json\/wp\/v2\/product_brand?post=519"},{"taxonomy":"product_cat","embeddable":true,"href":"https:\/\/boldogbuldog.hu\/index.php\/wp-json\/wp\/v2\/product_cat?post=519"},{"taxonomy":"product_tag","embeddable":true,"href":"https:\/\/boldogbuldog.hu\/index.php\/wp-json\/wp\/v2\/product_tag?post=519"}],"curies":[{"name":"wp","href":"https:\/\/api.w.org\/{rel}","templated":true}]}}