{"id":524,"date":"2026-03-03T08:41:14","date_gmt":"2026-03-03T08:41:14","guid":{"rendered":"https:\/\/boldogbuldog.hu\/?post_type=product&#038;p=524"},"modified":"2026-03-06T13:37:07","modified_gmt":"2026-03-06T13:37:07","slug":"hutch-energy-promax-hypoallergen-10kg","status":"publish","type":"product","link":"https:\/\/boldogbuldog.hu\/index.php\/termek\/hutch-energy-promax-hypoallergen-10kg\/","title":{"rendered":"Hutch Energy Promax Hypoallerg\u00e9n 10kg"},"content":{"rendered":"","protected":false},"excerpt":{"rendered":"<p data-path-to-node=\"1\"><b data-path-to-node=\"1\" data-index-in-node=\"0\">\u00d6sszetev\u0151k:<\/b> Gabonaf\u00e9l\u00e9k, n\u00f6v\u00e9nyi eredet\u0171 sz\u00e1rmaz\u00e9kok (rizs 10%, k\u00f6les 10%, alma 5%), h\u00fas \u00e9s \u00e1llati sz\u00e1rmaz\u00e9kok (b\u00e1r\u00e1nyh\u00fas 20%, hidroliz\u00e1lt feh\u00e9rje, z\u00f6ldkagyl\u00f3), olajok \u00e9s zs\u00edrok, \u00e1sv\u00e1nyi anyagok, antioxid\u00e1ns (BHT).<\/p>\n<p data-path-to-node=\"2\"><b data-path-to-node=\"2\" data-index-in-node=\"0\">Felhaszn\u00e1l\u00e1si javaslat:<\/b> Adhat\u00f3 naponta 1-2 alkalommal sz\u00e1razon, v\u00edzzel nedves\u00edtve, vagy \u00e9telmarad\u00e9kok hozz\u00e1ad\u00e1s\u00e1val.<\/p>\n<p data-path-to-node=\"3\"><b data-path-to-node=\"3\" data-index-in-node=\"0\">Analitikai \u00f6sszetev\u0151k:<\/b> Sz\u00e1razanyag: 89,0%, Nyersfeh\u00e9rje: 27,0%, Nyerszs\u00edr: 18,0%, Nyersrost: 4,0%, Nyershamu: 10,0%, Ca: 2,5%, P: 1,2%, Na: 0,5%.<\/p>\n<p data-path-to-node=\"4\"><b data-path-to-node=\"4\" data-index-in-node=\"0\">Vitaminok:<\/b> A-vitamin (3a672a) 8100 NE, D3-vitamin (3a671) 900 NE, E-vitamin (3a700 a-tokoferol-acet\u00e1t) 50 mg\/kg.<\/p>\n<p data-path-to-node=\"5\"><b data-path-to-node=\"5\" data-index-in-node=\"0\">T\u00e1p\u00e9rt\u00e9kkel rendelkez\u0151 adal\u00e9kanyagok:<\/b> Zn (3b605 ZnSO4) 18,0 mg\/kg, Cu (3b405, CuSO4) 6,0 mg\/kg, Fe (3b103, Fe2SO4) 50,0 mg\/kg, Mn (3b502, MnO) 15,0 mg\/kg, Se (E8, Na-selenite) 1,0 mg\/kg.<\/p>\n","protected":false},"featured_media":528,"template":"","meta":{"site-sidebar-layout":"default","site-content-layout":"","ast-site-content-layout":"default","site-content-style":"default","site-sidebar-style":"default","ast-global-header-display":"","ast-banner-title-visibility":"","ast-main-header-display":"","ast-hfb-above-header-display":"","ast-hfb-below-header-display":"","ast-hfb-mobile-header-display":"","site-post-title":"","ast-breadcrumbs-content":"","ast-featured-img":"","footer-sml-layout":"","ast-disable-related-posts":"","theme-transparent-header-meta":"default","adv-header-id-meta":"","stick-header-meta":"","header-above-stick-meta":"","header-main-stick-meta":"","header-below-stick-meta":"","astra-migrate-meta-layouts":"set","ast-page-background-enabled":"default","ast-page-background-meta":{"desktop":{"background-color":"var(--ast-global-color-5)","background-image":"","background-repeat":"repeat","background-position":"center center","background-size":"auto","background-attachment":"scroll","background-type":"","background-media":"","overlay-type":"","overlay-color":"","overlay-opacity":"","overlay-gradient":""},"tablet":{"background-color":"","background-image":"","background-repeat":"repeat","background-position":"center center","background-size":"auto","background-attachment":"scroll","background-type":"","background-media":"","overlay-type":"","overlay-color":"","overlay-opacity":"","overlay-gradient":""},"mobile":{"background-color":"","background-image":"","background-repeat":"repeat","background-position":"center center","background-size":"auto","background-attachment":"scroll","background-type":"","background-media":"","overlay-type":"","overlay-color":"","overlay-opacity":"","overlay-gradient":""}},"ast-content-background-meta":{"desktop":{"background-color":"var(--ast-global-color-4)","background-image":"","background-repeat":"repeat","background-position":"center center","background-size":"auto","background-attachment":"scroll","background-type":"","background-media":"","overlay-type":"","overlay-color":"","overlay-opacity":"","overlay-gradient":""},"tablet":{"background-color":"var(--ast-global-color-4)","background-image":"","background-repeat":"repeat","background-position":"center center","background-size":"auto","background-attachment":"scroll","background-type":"","background-media":"","overlay-type":"","overlay-color":"","overlay-opacity":"","overlay-gradient":""},"mobile":{"background-color":"var(--ast-global-color-4)","background-image":"","background-repeat":"repeat","background-position":"center center","background-size":"auto","background-attachment":"scroll","background-type":"","background-media":"","overlay-type":"","overlay-color":"","overlay-opacity":"","overlay-gradient":""}}},"product_brand":[],"product_cat":[26,19],"product_tag":[],"class_list":{"0":"post-524","1":"product","2":"type-product","3":"status-publish","4":"has-post-thumbnail","6":"product_cat-hutch","7":"product_cat-kutya-eledelek","8":"desktop-align-left","9":"tablet-align-left","10":"mobile-align-left","12":"first","13":"instock","14":"shipping-taxable","15":"product-type-simple"},"_links":{"self":[{"href":"https:\/\/boldogbuldog.hu\/index.php\/wp-json\/wp\/v2\/product\/524","targetHints":{"allow":["GET"]}}],"collection":[{"href":"https:\/\/boldogbuldog.hu\/index.php\/wp-json\/wp\/v2\/product"}],"about":[{"href":"https:\/\/boldogbuldog.hu\/index.php\/wp-json\/wp\/v2\/types\/product"}],"wp:featuredmedia":[{"embeddable":true,"href":"https:\/\/boldogbuldog.hu\/index.php\/wp-json\/wp\/v2\/media\/528"}],"wp:attachment":[{"href":"https:\/\/boldogbuldog.hu\/index.php\/wp-json\/wp\/v2\/media?parent=524"}],"wp:term":[{"taxonomy":"product_brand","embeddable":true,"href":"https:\/\/boldogbuldog.hu\/index.php\/wp-json\/wp\/v2\/product_brand?post=524"},{"taxonomy":"product_cat","embeddable":true,"href":"https:\/\/boldogbuldog.hu\/index.php\/wp-json\/wp\/v2\/product_cat?post=524"},{"taxonomy":"product_tag","embeddable":true,"href":"https:\/\/boldogbuldog.hu\/index.php\/wp-json\/wp\/v2\/product_tag?post=524"}],"curies":[{"name":"wp","href":"https:\/\/api.w.org\/{rel}","templated":true}]}}