{"id":533,"date":"2026-03-03T08:46:12","date_gmt":"2026-03-03T08:46:12","guid":{"rendered":"https:\/\/boldogbuldog.hu\/?post_type=product&#038;p=533"},"modified":"2026-03-06T13:33:59","modified_gmt":"2026-03-06T13:33:59","slug":"hutch-mini-adult-barany-rizs-15kg","status":"publish","type":"product","link":"https:\/\/boldogbuldog.hu\/index.php\/termek\/hutch-mini-adult-barany-rizs-15kg\/","title":{"rendered":"Hutch Mini Adult B\u00e1r\u00e1ny-Rizs 15kg"},"content":{"rendered":"","protected":false},"excerpt":{"rendered":"<p id=\"p-rc_6de4cecda1c4eccc-36\" data-path-to-node=\"3\"><b data-path-to-node=\"3\" data-index-in-node=\"0\"><span class=\"citation-6585 citation-6586 citation-end-6586\">\u00d6SS<\/span><span class=\"citation-6585 citation-end-6585\">ZE<\/span>TEV\u0150K:<\/b> Gabonaf\u00e9l\u00e9k, n\u00f6v\u00e9nyi eredet\u0171 sz\u00e1rmaz\u00e9kok, h\u00fas \u00e9s \u00e1llati sz\u00e1rmaz\u00e9kok (b\u00e1r\u00e1ny h\u00fas min. 15%, rizs min. 5%, alma min. 5%) olajok \u00e9s zs\u00edrok, \u00e1sv\u00e1nyi anyagok, antioxid\u00e1ns (BHT)<\/p>\n<p data-path-to-node=\"6\"><b data-path-to-node=\"6\" data-index-in-node=\"0\">ANALITIKAI \u00d6SSZETEV\u0150K:<\/b> \u00a0Sz\u00e1razanyag | 89,0 % | | Nyersfeh\u00e9rje | 25,0 % | | Nyerszs\u00edr | 12,0 % | | Nyersrost | 1,8 % | | Hamu | 10,0 % | | Kalcium | 2,7 % | | Foszfor | 1,4 % | | N\u00e1trium | 0,5 % |<\/p>\n<p data-path-to-node=\"7\"><b data-path-to-node=\"7\" data-index-in-node=\"0\">Vitaminok:<\/b> A-vitamin (3a672a) 8330 NE D3-vitamin (3a671) 867 NE E-vitamin (3a700) 53,0 mg\/kg<\/p>\n<p data-path-to-node=\"8\"><b data-path-to-node=\"8\" data-index-in-node=\"0\">T\u00e1p\u00e9rt\u00e9kkel rendelkez\u0151 adal\u00e9kanyagok:<\/b> Zn (3b605 ZnSO4) 18,0 mg\/kg Cu (3b405, CuSO4) 6,0 mg\/kg Fe (3b103, Fe2SO4) 50,0 mg\/kg Mn (3b502, MnO) 15,0 mg\/kg Se (E8, Na-selenite) 1,0 mg\/kg<\/p>\n<p id=\"p-rc_6de4cecda1c4eccc-35\" data-path-to-node=\"2\"><b data-path-to-node=\"2\" data-index-in-node=\"0\">ELHASZN\u00c1L\u00c1SI <span class=\"citation-6591 citation-6592\">JAVASLAT:<\/span><\/b> <span class=\"citation-6589 citation-6590 citation-end-6590\">Extrud\u00e1lt sz\u00e1raz kutyaeledel, az \u00e1tlagos aktivit\u00e1s\u00fa kuty\u00e1k sz\u00e1m\u00e1ra. V\u00e1logatott, min\u0151s\u00e9gi alapanyagokb\u00f3l. Etethet\u0151 sz\u00e1razon, vagy \u00e9telmarad\u00e9kkal, v\u00edzzel le\u00f6ntve.<\/span> <span class=\"citation-6587 citation-6588 citation-end-6588\">Mindig gondoskodjon b\u0151s\u00e9ges friss iv\u00f3v\u00edz ell\u00e1t\u00e1sr\u00f3l!<\/span><\/p>\n<p id=\"p-rc_6de4cecda1c4eccc-36\" data-path-to-node=\"3\"><b data-path-to-node=\"2\" data-index-in-node=\"0\">FELHASZN\u00c1L\u00c1SI <span class=\"citation-6591 citation-6592\">JAVASLAT:<\/span><\/b> <span class=\"citation-6589 citation-6590 citation-end-6590\">Extrud\u00e1lt sz\u00e1raz kutyaeledel, az \u00e1tlagos aktivit\u00e1s\u00fa kuty\u00e1k sz\u00e1m\u00e1ra. V\u00e1logatott, min\u0151s\u00e9gi alapanyagokb\u00f3l. Etethet\u0151 sz\u00e1razon, vagy \u00e9telmarad\u00e9kkal, v\u00edzzel le\u00f6ntve.<\/span> <span class=\"citation-6587 citation-6588 citation-end-6588\">Mindig gondoskodjon b\u0151s\u00e9ges friss iv\u00f3v\u00edz ell\u00e1t\u00e1sr\u00f3l!<\/span><\/p>\n","protected":false},"featured_media":534,"template":"","meta":{"site-sidebar-layout":"default","site-content-layout":"","ast-site-content-layout":"default","site-content-style":"default","site-sidebar-style":"default","ast-global-header-display":"","ast-banner-title-visibility":"","ast-main-header-display":"","ast-hfb-above-header-display":"","ast-hfb-below-header-display":"","ast-hfb-mobile-header-display":"","site-post-title":"","ast-breadcrumbs-content":"","ast-featured-img":"","footer-sml-layout":"","ast-disable-related-posts":"","theme-transparent-header-meta":"default","adv-header-id-meta":"","stick-header-meta":"","header-above-stick-meta":"","header-main-stick-meta":"","header-below-stick-meta":"","astra-migrate-meta-layouts":"set","ast-page-background-enabled":"default","ast-page-background-meta":{"desktop":{"background-color":"var(--ast-global-color-5)","background-image":"","background-repeat":"repeat","background-position":"center center","background-size":"auto","background-attachment":"scroll","background-type":"","background-media":"","overlay-type":"","overlay-color":"","overlay-opacity":"","overlay-gradient":""},"tablet":{"background-color":"","background-image":"","background-repeat":"repeat","background-position":"center center","background-size":"auto","background-attachment":"scroll","background-type":"","background-media":"","overlay-type":"","overlay-color":"","overlay-opacity":"","overlay-gradient":""},"mobile":{"background-color":"","background-image":"","background-repeat":"repeat","background-position":"center center","background-size":"auto","background-attachment":"scroll","background-type":"","background-media":"","overlay-type":"","overlay-color":"","overlay-opacity":"","overlay-gradient":""}},"ast-content-background-meta":{"desktop":{"background-color":"var(--ast-global-color-4)","background-image":"","background-repeat":"repeat","background-position":"center center","background-size":"auto","background-attachment":"scroll","background-type":"","background-media":"","overlay-type":"","overlay-color":"","overlay-opacity":"","overlay-gradient":""},"tablet":{"background-color":"var(--ast-global-color-4)","background-image":"","background-repeat":"repeat","background-position":"center center","background-size":"auto","background-attachment":"scroll","background-type":"","background-media":"","overlay-type":"","overlay-color":"","overlay-opacity":"","overlay-gradient":""},"mobile":{"background-color":"var(--ast-global-color-4)","background-image":"","background-repeat":"repeat","background-position":"center center","background-size":"auto","background-attachment":"scroll","background-type":"","background-media":"","overlay-type":"","overlay-color":"","overlay-opacity":"","overlay-gradient":""}}},"product_brand":[],"product_cat":[26,19],"product_tag":[],"class_list":{"0":"post-533","1":"product","2":"type-product","3":"status-publish","4":"has-post-thumbnail","6":"product_cat-hutch","7":"product_cat-kutya-eledelek","8":"desktop-align-left","9":"tablet-align-left","10":"mobile-align-left","12":"first","13":"instock","14":"shipping-taxable","15":"product-type-simple"},"_links":{"self":[{"href":"https:\/\/boldogbuldog.hu\/index.php\/wp-json\/wp\/v2\/product\/533","targetHints":{"allow":["GET"]}}],"collection":[{"href":"https:\/\/boldogbuldog.hu\/index.php\/wp-json\/wp\/v2\/product"}],"about":[{"href":"https:\/\/boldogbuldog.hu\/index.php\/wp-json\/wp\/v2\/types\/product"}],"wp:featuredmedia":[{"embeddable":true,"href":"https:\/\/boldogbuldog.hu\/index.php\/wp-json\/wp\/v2\/media\/534"}],"wp:attachment":[{"href":"https:\/\/boldogbuldog.hu\/index.php\/wp-json\/wp\/v2\/media?parent=533"}],"wp:term":[{"taxonomy":"product_brand","embeddable":true,"href":"https:\/\/boldogbuldog.hu\/index.php\/wp-json\/wp\/v2\/product_brand?post=533"},{"taxonomy":"product_cat","embeddable":true,"href":"https:\/\/boldogbuldog.hu\/index.php\/wp-json\/wp\/v2\/product_cat?post=533"},{"taxonomy":"product_tag","embeddable":true,"href":"https:\/\/boldogbuldog.hu\/index.php\/wp-json\/wp\/v2\/product_tag?post=533"}],"curies":[{"name":"wp","href":"https:\/\/api.w.org\/{rel}","templated":true}]}}