{"id":539,"date":"2026-03-03T09:03:43","date_gmt":"2026-03-03T09:03:43","guid":{"rendered":"https:\/\/boldogbuldog.hu\/?post_type=product&#038;p=539"},"modified":"2026-03-11T19:02:26","modified_gmt":"2026-03-11T19:02:26","slug":"dalmi-csirke-10kg","status":"publish","type":"product","link":"https:\/\/boldogbuldog.hu\/index.php\/termek\/dalmi-csirke-10kg\/","title":{"rendered":"Dalmi Csirke 10kg"},"content":{"rendered":"","protected":false},"excerpt":{"rendered":"<p data-path-to-node=\"3\"><b data-path-to-node=\"3\" data-index-in-node=\"0\">\u00d6sszet\u00e9tel:<\/b> N\u00f6v\u00e9nyi eredet\u0171 sz\u00e1rmaz\u00e9kok, gabonaf\u00e9l\u00e9k, h\u00fas \u00e9s \u00e1llati sz\u00e1rmaz\u00e9kok, \u00e1sv\u00e1nyi anyagok, olajok \u00e9s zs\u00edrok.<\/p>\n<p data-path-to-node=\"4\"><b data-path-to-node=\"4\" data-index-in-node=\"0\">Analitikai \u00f6sszetev\u0151k:<\/b><\/p>\n<ul data-path-to-node=\"5\">\n<li>\n<p data-path-to-node=\"5,0,0\">Feh\u00e9rje: 18%<\/p>\n<\/li>\n<li>\n<p data-path-to-node=\"5,1,0\">Zs\u00edrtartalom: 6%<\/p>\n<\/li>\n<li>\n<p data-path-to-node=\"5,2,0\">Nyershamu: 9,5%<\/p>\n<\/li>\n<li>\n<p data-path-to-node=\"5,3,0\">Nyersrost: 4,5%<\/p>\n<\/li>\n<\/ul>\n<p data-path-to-node=\"6\"><b data-path-to-node=\"6\" data-index-in-node=\"0\">Adal\u00e9kanyagok:<\/b><\/p>\n<ul data-path-to-node=\"7\">\n<li>\n<p data-path-to-node=\"7,0,0\"><b data-path-to-node=\"7,0,0\" data-index-in-node=\"0\">Technol\u00f3giai adal\u00e9kanyagok:<\/b> antioxid\u00e1nsok, tart\u00f3s\u00edt\u00f3szerek.<\/p>\n<\/li>\n<li>\n<p data-path-to-node=\"7,1,0\"><b data-path-to-node=\"7,1,0\" data-index-in-node=\"0\">T\u00e1p\u00e9rt\u00e9kkel rendelkez\u0151 adal\u00e9kanyagok\/kg:<\/b><\/p>\n<ul data-path-to-node=\"7,1,1\">\n<li>\n<p data-path-to-node=\"7,1,1,0,0\">A-vitamin: 8000 NE<\/p>\n<\/li>\n<li>\n<p data-path-to-node=\"7,1,1,1,0\">D3-vitamin: 800 NE<\/p>\n<\/li>\n<li>\n<p data-path-to-node=\"7,1,1,2,0\">E-vitamin: 80 mg<\/p>\n<\/li>\n<li>\n<p data-path-to-node=\"7,1,1,3,0\">R\u00e9z (r\u00e9z(II)-szulf\u00e1t-pentahidr\u00e1t): 10 mg<\/p>\n<\/li>\n<li>\n<p data-path-to-node=\"7,1,1,4,0\">Vas (vas(II)-szulf\u00e1t-monohidr\u00e1t): 100 mg<\/p>\n<\/li>\n<li>\n<p data-path-to-node=\"7,1,1,5,0\">J\u00f3d (kalcium-jod\u00e1t, v\u00edzmentes): 2 mg<\/p>\n<\/li>\n<li>\n<p data-path-to-node=\"7,1,1,6,0\">Cink (cink-szulf\u00e1t-monohidr\u00e1t): 110 mg<\/p>\n<\/li>\n<li>\n<p data-path-to-node=\"7,1,1,7,0\">Mang\u00e1n (mang\u00e1n(II)-oxid): 6,5 mg<\/p>\n<\/li>\n<li>\n<p data-path-to-node=\"7,1,1,8,0\">Szel\u00e9n (n\u00e1trium-szelenit): 0,3 mg <i data-path-to-node=\"7,1,1,8,0\" data-index-in-node=\"34\">(NE = Nemzetk\u00f6zi Egys\u00e9g)<\/i><\/p>\n<\/li>\n<\/ul>\n<\/li>\n<\/ul>\n","protected":false},"featured_media":540,"template":"","meta":{"site-sidebar-layout":"default","site-content-layout":"","ast-site-content-layout":"default","site-content-style":"default","site-sidebar-style":"default","ast-global-header-display":"","ast-banner-title-visibility":"","ast-main-header-display":"","ast-hfb-above-header-display":"","ast-hfb-below-header-display":"","ast-hfb-mobile-header-display":"","site-post-title":"","ast-breadcrumbs-content":"","ast-featured-img":"","footer-sml-layout":"","ast-disable-related-posts":"","theme-transparent-header-meta":"default","adv-header-id-meta":"","stick-header-meta":"","header-above-stick-meta":"","header-main-stick-meta":"","header-below-stick-meta":"","astra-migrate-meta-layouts":"set","ast-page-background-enabled":"default","ast-page-background-meta":{"desktop":{"background-color":"var(--ast-global-color-5)","background-image":"","background-repeat":"repeat","background-position":"center center","background-size":"auto","background-attachment":"scroll","background-type":"","background-media":"","overlay-type":"","overlay-color":"","overlay-opacity":"","overlay-gradient":""},"tablet":{"background-color":"","background-image":"","background-repeat":"repeat","background-position":"center center","background-size":"auto","background-attachment":"scroll","background-type":"","background-media":"","overlay-type":"","overlay-color":"","overlay-opacity":"","overlay-gradient":""},"mobile":{"background-color":"","background-image":"","background-repeat":"repeat","background-position":"center center","background-size":"auto","background-attachment":"scroll","background-type":"","background-media":"","overlay-type":"","overlay-color":"","overlay-opacity":"","overlay-gradient":""}},"ast-content-background-meta":{"desktop":{"background-color":"var(--ast-global-color-4)","background-image":"","background-repeat":"repeat","background-position":"center center","background-size":"auto","background-attachment":"scroll","background-type":"","background-media":"","overlay-type":"","overlay-color":"","overlay-opacity":"","overlay-gradient":""},"tablet":{"background-color":"var(--ast-global-color-4)","background-image":"","background-repeat":"repeat","background-position":"center center","background-size":"auto","background-attachment":"scroll","background-type":"","background-media":"","overlay-type":"","overlay-color":"","overlay-opacity":"","overlay-gradient":""},"mobile":{"background-color":"var(--ast-global-color-4)","background-image":"","background-repeat":"repeat","background-position":"center center","background-size":"auto","background-attachment":"scroll","background-type":"","background-media":"","overlay-type":"","overlay-color":"","overlay-opacity":"","overlay-gradient":""}}},"product_brand":[],"product_cat":[27,19],"product_tag":[],"class_list":{"0":"post-539","1":"product","2":"type-product","3":"status-publish","4":"has-post-thumbnail","6":"product_cat-dalmi","7":"product_cat-kutya-eledelek","8":"desktop-align-left","9":"tablet-align-left","10":"mobile-align-left","12":"first","13":"instock","14":"shipping-taxable","15":"product-type-simple"},"_links":{"self":[{"href":"https:\/\/boldogbuldog.hu\/index.php\/wp-json\/wp\/v2\/product\/539","targetHints":{"allow":["GET"]}}],"collection":[{"href":"https:\/\/boldogbuldog.hu\/index.php\/wp-json\/wp\/v2\/product"}],"about":[{"href":"https:\/\/boldogbuldog.hu\/index.php\/wp-json\/wp\/v2\/types\/product"}],"wp:featuredmedia":[{"embeddable":true,"href":"https:\/\/boldogbuldog.hu\/index.php\/wp-json\/wp\/v2\/media\/540"}],"wp:attachment":[{"href":"https:\/\/boldogbuldog.hu\/index.php\/wp-json\/wp\/v2\/media?parent=539"}],"wp:term":[{"taxonomy":"product_brand","embeddable":true,"href":"https:\/\/boldogbuldog.hu\/index.php\/wp-json\/wp\/v2\/product_brand?post=539"},{"taxonomy":"product_cat","embeddable":true,"href":"https:\/\/boldogbuldog.hu\/index.php\/wp-json\/wp\/v2\/product_cat?post=539"},{"taxonomy":"product_tag","embeddable":true,"href":"https:\/\/boldogbuldog.hu\/index.php\/wp-json\/wp\/v2\/product_tag?post=539"}],"curies":[{"name":"wp","href":"https:\/\/api.w.org\/{rel}","templated":true}]}}