{"id":550,"date":"2026-03-03T09:23:23","date_gmt":"2026-03-03T09:23:23","guid":{"rendered":"https:\/\/boldogbuldog.hu\/?post_type=product&#038;p=550"},"modified":"2026-03-06T14:05:01","modified_gmt":"2026-03-06T14:05:01","slug":"max-plus-puppy-20kg","status":"publish","type":"product","link":"https:\/\/boldogbuldog.hu\/index.php\/termek\/max-plus-puppy-20kg\/","title":{"rendered":"Max-plus Puppy 20kg"},"content":{"rendered":"","protected":false},"excerpt":{"rendered":"<p data-path-to-node=\"1\"><b data-path-to-node=\"1\" data-index-in-node=\"0\">Teljes\u00e9rt\u00e9k\u0171 eledel k\u00f6ly\u00f6k kuty\u00e1k r\u00e9sz\u00e9re<\/b><\/p>\n<p data-path-to-node=\"2\"><b data-path-to-node=\"2\" data-index-in-node=\"0\">\u00d6sszet\u00e9tel:<\/b> H\u00fas, \u00e9s egy\u00e9b \u00e1llati eredet\u0171 mell\u00e9kterm\u00e9kek, gabona, h\u00fcvelyesek, n\u00f6v\u00e9nyi kivonatok, olajok \u00e9s zs\u00edrok, \u00e1sv\u00e1nyi anyagok.<\/p>\n<p data-path-to-node=\"3\"><b data-path-to-node=\"3\" data-index-in-node=\"0\">Analitikus \u00f6sszet\u00e9tel:<\/b> Nyers feh\u00e9rje 28,00%, Nyers olajok \u00e9s zs\u00edrok 3,5%, Zs\u00edrtartalom 12,00%, Nyers hamu 10,50%, Nedvess\u00e9g 10%.<\/p>\n<p data-path-to-node=\"4\"><b data-path-to-node=\"4\" data-index-in-node=\"0\">Adal\u00e9kok:<\/b> Vitamin A 8.000 UI, Vitamin D3 750 UI, Vitamin E 60 mg, Vas 45 (105 Ferrous carbonate (II)) mg, J\u00f3d 1,6 (3 potassium iodide) mg, R\u00e9z 9 (38 cupric sulphate (II) pentahydrate) mg, Magn\u00e9zium 8 (19 Manganese oxide) mg, Cink 90 (115 Zinc oxide) mg, Szel\u00e9n 0,2 (0,4 Sodium selenite) mg.<\/p>\n<p data-path-to-node=\"5\"><b data-path-to-node=\"5\" data-index-in-node=\"0\">Felhaszn\u00e1l\u00e1si javaslatok:<\/b> Sz\u00e1razon t\u00e1laland\u00f3. Helyezzen a kuty\u00e1k napi sz\u00fcks\u00e9glet\u00e9nek megfelel\u0151 eledelt egy tiszta t\u00e1lba, a mell\u00e9kelt t\u00e1bl\u00e1zatban jel\u00f6lt adagok figyelembev\u00e9tel\u00e9vel egyszeri, vagy k\u00e9tszeri \u00e9tkez\u00e9sre elosztva. \u00dcgyeljen r\u00e1, hogy mindig a megszokott id\u0151pontban etesse meg a kuty\u00e1kat \u00e9s mindig k\u00e9sz\u00edtsen az \u00e9tel mell\u00e9 friss tiszta vizet.<\/p>\n<p data-path-to-node=\"5\"><b data-path-to-node=\"8\" data-index-in-node=\"0\">Sz\u00e1rmaz\u00e1si hely:<\/b> Spanyolorsz\u00e1g.<\/p>\n","protected":false},"featured_media":551,"template":"","meta":{"site-sidebar-layout":"default","site-content-layout":"","ast-site-content-layout":"default","site-content-style":"default","site-sidebar-style":"default","ast-global-header-display":"","ast-banner-title-visibility":"","ast-main-header-display":"","ast-hfb-above-header-display":"","ast-hfb-below-header-display":"","ast-hfb-mobile-header-display":"","site-post-title":"","ast-breadcrumbs-content":"","ast-featured-img":"","footer-sml-layout":"","ast-disable-related-posts":"","theme-transparent-header-meta":"default","adv-header-id-meta":"","stick-header-meta":"","header-above-stick-meta":"","header-main-stick-meta":"","header-below-stick-meta":"","astra-migrate-meta-layouts":"set","ast-page-background-enabled":"default","ast-page-background-meta":{"desktop":{"background-color":"var(--ast-global-color-5)","background-image":"","background-repeat":"repeat","background-position":"center center","background-size":"auto","background-attachment":"scroll","background-type":"","background-media":"","overlay-type":"","overlay-color":"","overlay-opacity":"","overlay-gradient":""},"tablet":{"background-color":"","background-image":"","background-repeat":"repeat","background-position":"center center","background-size":"auto","background-attachment":"scroll","background-type":"","background-media":"","overlay-type":"","overlay-color":"","overlay-opacity":"","overlay-gradient":""},"mobile":{"background-color":"","background-image":"","background-repeat":"repeat","background-position":"center center","background-size":"auto","background-attachment":"scroll","background-type":"","background-media":"","overlay-type":"","overlay-color":"","overlay-opacity":"","overlay-gradient":""}},"ast-content-background-meta":{"desktop":{"background-color":"var(--ast-global-color-4)","background-image":"","background-repeat":"repeat","background-position":"center center","background-size":"auto","background-attachment":"scroll","background-type":"","background-media":"","overlay-type":"","overlay-color":"","overlay-opacity":"","overlay-gradient":""},"tablet":{"background-color":"var(--ast-global-color-4)","background-image":"","background-repeat":"repeat","background-position":"center center","background-size":"auto","background-attachment":"scroll","background-type":"","background-media":"","overlay-type":"","overlay-color":"","overlay-opacity":"","overlay-gradient":""},"mobile":{"background-color":"var(--ast-global-color-4)","background-image":"","background-repeat":"repeat","background-position":"center center","background-size":"auto","background-attachment":"scroll","background-type":"","background-media":"","overlay-type":"","overlay-color":"","overlay-opacity":"","overlay-gradient":""}}},"product_brand":[],"product_cat":[19,28],"product_tag":[],"class_list":{"0":"post-550","1":"product","2":"type-product","3":"status-publish","4":"has-post-thumbnail","6":"product_cat-kutya-eledelek","7":"product_cat-spanyol","8":"desktop-align-left","9":"tablet-align-left","10":"mobile-align-left","12":"first","13":"instock","14":"shipping-taxable","15":"product-type-simple"},"_links":{"self":[{"href":"https:\/\/boldogbuldog.hu\/index.php\/wp-json\/wp\/v2\/product\/550","targetHints":{"allow":["GET"]}}],"collection":[{"href":"https:\/\/boldogbuldog.hu\/index.php\/wp-json\/wp\/v2\/product"}],"about":[{"href":"https:\/\/boldogbuldog.hu\/index.php\/wp-json\/wp\/v2\/types\/product"}],"wp:featuredmedia":[{"embeddable":true,"href":"https:\/\/boldogbuldog.hu\/index.php\/wp-json\/wp\/v2\/media\/551"}],"wp:attachment":[{"href":"https:\/\/boldogbuldog.hu\/index.php\/wp-json\/wp\/v2\/media?parent=550"}],"wp:term":[{"taxonomy":"product_brand","embeddable":true,"href":"https:\/\/boldogbuldog.hu\/index.php\/wp-json\/wp\/v2\/product_brand?post=550"},{"taxonomy":"product_cat","embeddable":true,"href":"https:\/\/boldogbuldog.hu\/index.php\/wp-json\/wp\/v2\/product_cat?post=550"},{"taxonomy":"product_tag","embeddable":true,"href":"https:\/\/boldogbuldog.hu\/index.php\/wp-json\/wp\/v2\/product_tag?post=550"}],"curies":[{"name":"wp","href":"https:\/\/api.w.org\/{rel}","templated":true}]}}