{"id":554,"date":"2026-03-03T09:35:22","date_gmt":"2026-03-03T09:35:22","guid":{"rendered":"https:\/\/boldogbuldog.hu\/?post_type=product&#038;p=554"},"modified":"2026-03-11T09:41:34","modified_gmt":"2026-03-11T09:41:34","slug":"szepi-mini-adult-barany-rizs-15kg","status":"publish","type":"product","link":"https:\/\/boldogbuldog.hu\/index.php\/termek\/szepi-mini-adult-barany-rizs-15kg\/","title":{"rendered":"Szepi Mini Adult B\u00e1r\u00e1ny-Rizs 15kg"},"content":{"rendered":"","protected":false},"excerpt":{"rendered":"<p id=\"p-rc_d338109116f8924e-27\" data-path-to-node=\"4\">Teljes \u00e9rt\u00e9k\u0171 extrud\u00e1lt sz\u00e1raz kutyaeledel k\u00f6zepes \u00e9s kistest\u0171 kuty\u00e1k r\u00e9sz\u00e9re. A <b data-path-to-node=\"4\" data-index-in-node=\"81\">SZEPI Mini Adult<\/b> az \u00e1tlagos aktivit<span class=\"citation-821 citation-822 citation-823 citation-end-823\">\u00e1s\u00fa h\u00e1z\u0151rz\u0151 \u00e9s hobbikuty\u00e1k rendszeres t\u00e1pl\u00e1l\u00e1s\u00e1ra kifejlesztett extrud\u00e1lt kutyaeledel. Beltartalma optim\u00e1lis ar\u00e1nyban tartalmazza mindazon t\u00e1panyagokat, aminosavakat, vitaminokat, amelyek biztos\u00edtj\u00e1k a kutya kieg<\/span><span class=\"citation-821 citation-822 citation-end-822\">yens\u00falyozott fejl\u0151d\u00e9s\u00e9t, megfelel\u0151 kond\u00edci\u00f3j\u00e1t, eg\u00e9szs\u00e9ges \u00e9letvitel\u00e9t. A term\u00e9k takar\u00e9kos felhaszn\u00e1l<\/span><span class=\"citation-821 citation-end-821\">\u00e1st biztos\u00edt magas biol\u00f3giai \u00e9rt\u00e9k\u00e9nek \u00e9s k\u00f6nny\u0171 em\u00e9szthet\u0151s\u00e9g\u00e9nek k\u00f6sz\u00f6nhet\u0151en<\/span>.<\/p>\n<p data-path-to-node=\"5\"><b data-path-to-node=\"5\" data-index-in-node=\"0\">Gy\u00f3gyszert, sz\u00f3j\u00e1t, mesters\u00e9ges sz\u00ednez\u00e9ket nem tartalmaz!<\/b><\/p>\n<h3 data-path-to-node=\"6\">\u00d6sszet\u00e9tel:<\/h3>\n<p data-path-to-node=\"7\">Gabonaf\u00e9l\u00e9k, h\u00fas \u00e9s \u00e1llati sz\u00e1rmaz\u00e9kok, olajok \u00e9s zs\u00edrok, \u00e1sv\u00e1nyi anyagok, takarm\u00e1ny adal\u00e9kanyagok, komplett vitamin- \u00e9s mikroelempremix, antioxid\u00e1nst tartalmaz (BHT).<\/p>\n<h3 data-path-to-node=\"12\">Analitikai \u00f6sszetev\u0151k:<\/h3>\n<ul data-path-to-node=\"13\">\n<li>\n<p data-path-to-node=\"13,0,0\">Sz\u00e1razanyag (min.): 89,0%<\/p>\n<\/li>\n<li>\n<p data-path-to-node=\"13,1,0\">Nyersfeh\u00e9rje (min.): 20,0%<\/p>\n<\/li>\n<li>\n<p data-path-to-node=\"13,2,0\">Nyerszs\u00edr (min.): 10,0%<\/p>\n<\/li>\n<li>\n<p data-path-to-node=\"13,3,0\">Nyersrost (max.): 1,4%<\/p>\n<\/li>\n<li>\n<p data-path-to-node=\"13,4,0\">Ca (Kalcium): 2,0%<\/p>\n<\/li>\n<li>\n<p data-path-to-node=\"13,5,0\">P (Foszfor): 1,1%<\/p>\n<\/li>\n<li>\n<p data-path-to-node=\"13,6,0\">Na (N\u00e1trium): 0,3%<\/p>\n<\/li>\n<\/ul>\n<h3 data-path-to-node=\"14\">Vitaminok \u00e9s Nyomelemek:<\/h3>\n<ul data-path-to-node=\"15\">\n<li>\n<p data-path-to-node=\"15,0,0\"><b data-path-to-node=\"15,0,0\" data-index-in-node=\"0\">Vitaminok:<\/b> A-vitamin (3a672a) 2680 NE; D3-vitamin (3a671) 268 NE; E-vitamin (3a700) 16,67 mg\/kg.<\/p>\n<\/li>\n<li>\n<p data-path-to-node=\"15,1,0\"><b data-path-to-node=\"15,1,0\" data-index-in-node=\"0\">Nyomelemek:<\/b> Zn (3b605 ZnSO4) 6,0 mg\/kg; Cu (3b405, CuSO4) 2,0 mg\/kg; Fe (3b103, Fe2SO4) 16,6 mg\/kg; Mn (3b502, MnO) 5,0 mg\/kg; Se (E8, Na-selenite) 0,3 mg\/kg.<\/p>\n<\/li>\n<\/ul>\n<p><b data-path-to-node=\"18\" data-index-in-node=\"154\">Sz\u00e1rmaz\u00e1si hely:<\/b> EU<\/p>\n","protected":false},"featured_media":555,"template":"","meta":{"site-sidebar-layout":"default","site-content-layout":"","ast-site-content-layout":"default","site-content-style":"default","site-sidebar-style":"default","ast-global-header-display":"","ast-banner-title-visibility":"","ast-main-header-display":"","ast-hfb-above-header-display":"","ast-hfb-below-header-display":"","ast-hfb-mobile-header-display":"","site-post-title":"","ast-breadcrumbs-content":"","ast-featured-img":"","footer-sml-layout":"","ast-disable-related-posts":"","theme-transparent-header-meta":"default","adv-header-id-meta":"","stick-header-meta":"","header-above-stick-meta":"","header-main-stick-meta":"","header-below-stick-meta":"","astra-migrate-meta-layouts":"set","ast-page-background-enabled":"default","ast-page-background-meta":{"desktop":{"background-color":"var(--ast-global-color-5)","background-image":"","background-repeat":"repeat","background-position":"center center","background-size":"auto","background-attachment":"scroll","background-type":"","background-media":"","overlay-type":"","overlay-color":"","overlay-opacity":"","overlay-gradient":""},"tablet":{"background-color":"","background-image":"","background-repeat":"repeat","background-position":"center center","background-size":"auto","background-attachment":"scroll","background-type":"","background-media":"","overlay-type":"","overlay-color":"","overlay-opacity":"","overlay-gradient":""},"mobile":{"background-color":"","background-image":"","background-repeat":"repeat","background-position":"center center","background-size":"auto","background-attachment":"scroll","background-type":"","background-media":"","overlay-type":"","overlay-color":"","overlay-opacity":"","overlay-gradient":""}},"ast-content-background-meta":{"desktop":{"background-color":"var(--ast-global-color-4)","background-image":"","background-repeat":"repeat","background-position":"center center","background-size":"auto","background-attachment":"scroll","background-type":"","background-media":"","overlay-type":"","overlay-color":"","overlay-opacity":"","overlay-gradient":""},"tablet":{"background-color":"var(--ast-global-color-4)","background-image":"","background-repeat":"repeat","background-position":"center center","background-size":"auto","background-attachment":"scroll","background-type":"","background-media":"","overlay-type":"","overlay-color":"","overlay-opacity":"","overlay-gradient":""},"mobile":{"background-color":"var(--ast-global-color-4)","background-image":"","background-repeat":"repeat","background-position":"center center","background-size":"auto","background-attachment":"scroll","background-type":"","background-media":"","overlay-type":"","overlay-color":"","overlay-opacity":"","overlay-gradient":""}}},"product_brand":[],"product_cat":[24,19],"product_tag":[],"class_list":{"0":"post-554","1":"product","2":"type-product","3":"status-publish","4":"has-post-thumbnail","6":"product_cat-boldog-bulldog","7":"product_cat-kutya-eledelek","8":"desktop-align-left","9":"tablet-align-left","10":"mobile-align-left","12":"first","13":"instock","14":"shipping-taxable","15":"product-type-simple"},"_links":{"self":[{"href":"https:\/\/boldogbuldog.hu\/index.php\/wp-json\/wp\/v2\/product\/554","targetHints":{"allow":["GET"]}}],"collection":[{"href":"https:\/\/boldogbuldog.hu\/index.php\/wp-json\/wp\/v2\/product"}],"about":[{"href":"https:\/\/boldogbuldog.hu\/index.php\/wp-json\/wp\/v2\/types\/product"}],"wp:featuredmedia":[{"embeddable":true,"href":"https:\/\/boldogbuldog.hu\/index.php\/wp-json\/wp\/v2\/media\/555"}],"wp:attachment":[{"href":"https:\/\/boldogbuldog.hu\/index.php\/wp-json\/wp\/v2\/media?parent=554"}],"wp:term":[{"taxonomy":"product_brand","embeddable":true,"href":"https:\/\/boldogbuldog.hu\/index.php\/wp-json\/wp\/v2\/product_brand?post=554"},{"taxonomy":"product_cat","embeddable":true,"href":"https:\/\/boldogbuldog.hu\/index.php\/wp-json\/wp\/v2\/product_cat?post=554"},{"taxonomy":"product_tag","embeddable":true,"href":"https:\/\/boldogbuldog.hu\/index.php\/wp-json\/wp\/v2\/product_tag?post=554"}],"curies":[{"name":"wp","href":"https:\/\/api.w.org\/{rel}","templated":true}]}}