{"id":557,"date":"2026-03-03T10:07:50","date_gmt":"2026-03-03T10:07:50","guid":{"rendered":"https:\/\/boldogbuldog.hu\/?post_type=product&#038;p=557"},"modified":"2026-03-11T19:10:00","modified_gmt":"2026-03-11T19:10:00","slug":"smack-teszta-135kg","status":"publish","type":"product","link":"https:\/\/boldogbuldog.hu\/index.php\/termek\/smack-teszta-135kg\/","title":{"rendered":"Smack T\u00e9szta 13,5kg"},"content":{"rendered":"","protected":false},"excerpt":{"rendered":"<p data-path-to-node=\"3\"><b data-path-to-node=\"3\" data-index-in-node=\"0\">Csak \u00e1llati takarm\u00e1nyoz\u00e1sra haszn\u00e1lhat\u00f3!<\/b><\/p>\n<p data-path-to-node=\"4\">T\u00e1lalja kedvenc\u00e9nek forr\u00f3 levesk\u00e9nt, de ak\u00e1r kieg\u00e9sz\u00edt\u0151 eledelk\u00e9nt is adhat\u00f3 h\u00fasok mell\u00e9. <b data-path-to-node=\"4\" data-index-in-node=\"90\">3 perc alatt k\u00e9sz!<\/b><\/p>\n<h3 data-path-to-node=\"5\">Elk\u00e9sz\u00edt\u00e9si javaslat a leveshez:<\/h3>\n<p data-path-to-node=\"6\">Adagoljon <b data-path-to-node=\"6\" data-index-in-node=\"10\">10 dkg<\/b> instant t\u00e9szt\u00e1t <b data-path-to-node=\"6\" data-index-in-node=\"33\">5 dl<\/b> forr\u00f3 v\u00edzbe, \u00e9s f\u0151zze 3 percig, k\u00f6zben n\u00e9h\u00e1nyszor keverje meg. Tartalm\u00e1t kedvence sz\u00e1j\u00edze szerint gazdag\u00edthatja. Gabonatoler\u00e1ns \u00c1LLATOK r\u00e9sz\u00e9re javasolt.<\/p>\n<p data-path-to-node=\"7\"><b data-path-to-node=\"7\" data-index-in-node=\"0\">\u00d6sszetev\u0151k:<\/b> b\u00fazaliszt, p\u00e1lmaolaj, s\u00f3, antioxid\u00e1ns E306<\/p>\n<h3 data-path-to-node=\"8\">Beltartalmi \u00e9rt\u00e9kek \/ 100g:<\/h3>\n<ul data-path-to-node=\"9\">\n<li>\n<p data-path-to-node=\"9,0,0\">Kem\u00e9ny\u00edt\u0151: 50,3 %<\/p>\n<\/li>\n<li>\n<p data-path-to-node=\"9,1,0\">Nyers zs\u00edr: 21,7 %<\/p>\n<\/li>\n<li>\n<p data-path-to-node=\"9,2,0\">\u00d6sszes cukor (szachar\u00f3zban): 1,0 %<\/p>\n<\/li>\n<\/ul>\n","protected":false},"featured_media":558,"template":"","meta":{"site-sidebar-layout":"default","site-content-layout":"","ast-site-content-layout":"default","site-content-style":"default","site-sidebar-style":"default","ast-global-header-display":"","ast-banner-title-visibility":"","ast-main-header-display":"","ast-hfb-above-header-display":"","ast-hfb-below-header-display":"","ast-hfb-mobile-header-display":"","site-post-title":"","ast-breadcrumbs-content":"","ast-featured-img":"","footer-sml-layout":"","ast-disable-related-posts":"","theme-transparent-header-meta":"default","adv-header-id-meta":"","stick-header-meta":"","header-above-stick-meta":"","header-main-stick-meta":"","header-below-stick-meta":"","astra-migrate-meta-layouts":"set","ast-page-background-enabled":"default","ast-page-background-meta":{"desktop":{"background-color":"var(--ast-global-color-5)","background-image":"","background-repeat":"repeat","background-position":"center center","background-size":"auto","background-attachment":"scroll","background-type":"","background-media":"","overlay-type":"","overlay-color":"","overlay-opacity":"","overlay-gradient":""},"tablet":{"background-color":"","background-image":"","background-repeat":"repeat","background-position":"center center","background-size":"auto","background-attachment":"scroll","background-type":"","background-media":"","overlay-type":"","overlay-color":"","overlay-opacity":"","overlay-gradient":""},"mobile":{"background-color":"","background-image":"","background-repeat":"repeat","background-position":"center center","background-size":"auto","background-attachment":"scroll","background-type":"","background-media":"","overlay-type":"","overlay-color":"","overlay-opacity":"","overlay-gradient":""}},"ast-content-background-meta":{"desktop":{"background-color":"var(--ast-global-color-4)","background-image":"","background-repeat":"repeat","background-position":"center center","background-size":"auto","background-attachment":"scroll","background-type":"","background-media":"","overlay-type":"","overlay-color":"","overlay-opacity":"","overlay-gradient":""},"tablet":{"background-color":"var(--ast-global-color-4)","background-image":"","background-repeat":"repeat","background-position":"center center","background-size":"auto","background-attachment":"scroll","background-type":"","background-media":"","overlay-type":"","overlay-color":"","overlay-opacity":"","overlay-gradient":""},"mobile":{"background-color":"var(--ast-global-color-4)","background-image":"","background-repeat":"repeat","background-position":"center center","background-size":"auto","background-attachment":"scroll","background-type":"","background-media":"","overlay-type":"","overlay-color":"","overlay-opacity":"","overlay-gradient":""}}},"product_brand":[],"product_cat":[19,29],"product_tag":[],"class_list":{"0":"post-557","1":"product","2":"type-product","3":"status-publish","4":"has-post-thumbnail","6":"product_cat-kutya-eledelek","7":"product_cat-teszta-termekek","8":"desktop-align-left","9":"tablet-align-left","10":"mobile-align-left","12":"first","13":"instock","14":"shipping-taxable","15":"product-type-simple"},"_links":{"self":[{"href":"https:\/\/boldogbuldog.hu\/index.php\/wp-json\/wp\/v2\/product\/557","targetHints":{"allow":["GET"]}}],"collection":[{"href":"https:\/\/boldogbuldog.hu\/index.php\/wp-json\/wp\/v2\/product"}],"about":[{"href":"https:\/\/boldogbuldog.hu\/index.php\/wp-json\/wp\/v2\/types\/product"}],"wp:featuredmedia":[{"embeddable":true,"href":"https:\/\/boldogbuldog.hu\/index.php\/wp-json\/wp\/v2\/media\/558"}],"wp:attachment":[{"href":"https:\/\/boldogbuldog.hu\/index.php\/wp-json\/wp\/v2\/media?parent=557"}],"wp:term":[{"taxonomy":"product_brand","embeddable":true,"href":"https:\/\/boldogbuldog.hu\/index.php\/wp-json\/wp\/v2\/product_brand?post=557"},{"taxonomy":"product_cat","embeddable":true,"href":"https:\/\/boldogbuldog.hu\/index.php\/wp-json\/wp\/v2\/product_cat?post=557"},{"taxonomy":"product_tag","embeddable":true,"href":"https:\/\/boldogbuldog.hu\/index.php\/wp-json\/wp\/v2\/product_tag?post=557"}],"curies":[{"name":"wp","href":"https:\/\/api.w.org\/{rel}","templated":true}]}}