{"id":559,"date":"2026-03-03T10:08:40","date_gmt":"2026-03-03T10:08:40","guid":{"rendered":"https:\/\/boldogbuldog.hu\/?post_type=product&#038;p=559"},"modified":"2026-03-11T19:09:12","modified_gmt":"2026-03-11T19:09:12","slug":"szarvacska-teszta-20kg","status":"publish","type":"product","link":"https:\/\/boldogbuldog.hu\/index.php\/termek\/szarvacska-teszta-20kg\/","title":{"rendered":"Szarvacska T\u00e9szta 20kg"},"content":{"rendered":"","protected":false},"excerpt":{"rendered":"<p id=\"p-rc_d9e0f04b7d6c0c8c-154\" data-path-to-node=\"5\"><b data-path-to-node=\"5\" data-index-in-node=\"0\">\u00d6sszetev\u0151k:<\/b> liszt, v\u00edz, \u00e9telfest\u00e9k (E102, O\u00c9TI4508\/<span class=\"citation-3302 citation-3303 citation-end-3303\">200)<\/span><\/p>\n<p id=\"p-rc_d9e0f04b7d6c0c8c-155\" data-path-to-node=\"6\"><b data-path-to-node=\"6\" data-index-in-node=\"0\"><span class=\"citation-3300 citation-3301 citation-end-3301\">Beltartalmi \u00e9rt\u00e9kek:<\/span><\/b><\/p>\n<ul data-path-to-node=\"7\">\n<li>\n<p id=\"p-rc_d9e0f04b7d6c0c8c-156\" data-path-to-node=\"7,0,0\"><span class=\"citation-3298 citation-3299 citation-end-3299\">Sz\u00e1razanyag: 91%<\/span><\/p>\n<\/li>\n<li>\n<p id=\"p-rc_d9e0f04b7d6c0c8c-157\" data-path-to-node=\"7,1,0\"><span class=\"citation-3296 citation-3297 citation-end-3297\">Nyers feh\u00e9rje: 10%<\/span><\/p>\n<\/li>\n<li>\n<p id=\"p-rc_d9e0f04b7d6c0c8c-158\" data-path-to-node=\"7,2,0\"><span class=\"citation-3294 citation-3295 citation-end-3295\">Kem\u00e9ny\u00edt\u0151: 74%<\/span><\/p>\n<\/li>\n<\/ul>\n<h3 data-path-to-node=\"8\"><span class=\"citation-3292 citation-3293 citation-end-3293\">F\u0151z\u00e9si tan\u00e1cs:<\/span><\/h3>\n<p id=\"p-rc_d9e0f04b7d6c0c8c-159\" data-path-to-node=\"9\"><span class=\"citation-3290 citation-3291 citation-end-3291\">A t\u00e9szt\u00e1t forr\u00e1sban l\u00e9v\u0151, kb. 10-szeres mennyis\u00e9g\u0171 v\u00edzben 5 percig f\u0151zz\u00fck.<\/span><\/p>\n","protected":false},"featured_media":560,"template":"","meta":{"site-sidebar-layout":"default","site-content-layout":"","ast-site-content-layout":"default","site-content-style":"default","site-sidebar-style":"default","ast-global-header-display":"","ast-banner-title-visibility":"","ast-main-header-display":"","ast-hfb-above-header-display":"","ast-hfb-below-header-display":"","ast-hfb-mobile-header-display":"","site-post-title":"","ast-breadcrumbs-content":"","ast-featured-img":"","footer-sml-layout":"","ast-disable-related-posts":"","theme-transparent-header-meta":"default","adv-header-id-meta":"","stick-header-meta":"","header-above-stick-meta":"","header-main-stick-meta":"","header-below-stick-meta":"","astra-migrate-meta-layouts":"set","ast-page-background-enabled":"default","ast-page-background-meta":{"desktop":{"background-color":"var(--ast-global-color-5)","background-image":"","background-repeat":"repeat","background-position":"center center","background-size":"auto","background-attachment":"scroll","background-type":"","background-media":"","overlay-type":"","overlay-color":"","overlay-opacity":"","overlay-gradient":""},"tablet":{"background-color":"","background-image":"","background-repeat":"repeat","background-position":"center center","background-size":"auto","background-attachment":"scroll","background-type":"","background-media":"","overlay-type":"","overlay-color":"","overlay-opacity":"","overlay-gradient":""},"mobile":{"background-color":"","background-image":"","background-repeat":"repeat","background-position":"center center","background-size":"auto","background-attachment":"scroll","background-type":"","background-media":"","overlay-type":"","overlay-color":"","overlay-opacity":"","overlay-gradient":""}},"ast-content-background-meta":{"desktop":{"background-color":"var(--ast-global-color-4)","background-image":"","background-repeat":"repeat","background-position":"center center","background-size":"auto","background-attachment":"scroll","background-type":"","background-media":"","overlay-type":"","overlay-color":"","overlay-opacity":"","overlay-gradient":""},"tablet":{"background-color":"var(--ast-global-color-4)","background-image":"","background-repeat":"repeat","background-position":"center center","background-size":"auto","background-attachment":"scroll","background-type":"","background-media":"","overlay-type":"","overlay-color":"","overlay-opacity":"","overlay-gradient":""},"mobile":{"background-color":"var(--ast-global-color-4)","background-image":"","background-repeat":"repeat","background-position":"center center","background-size":"auto","background-attachment":"scroll","background-type":"","background-media":"","overlay-type":"","overlay-color":"","overlay-opacity":"","overlay-gradient":""}}},"product_brand":[],"product_cat":[19,29],"product_tag":[],"class_list":{"0":"post-559","1":"product","2":"type-product","3":"status-publish","4":"has-post-thumbnail","6":"product_cat-kutya-eledelek","7":"product_cat-teszta-termekek","8":"desktop-align-left","9":"tablet-align-left","10":"mobile-align-left","12":"first","13":"instock","14":"shipping-taxable","15":"product-type-simple"},"_links":{"self":[{"href":"https:\/\/boldogbuldog.hu\/index.php\/wp-json\/wp\/v2\/product\/559","targetHints":{"allow":["GET"]}}],"collection":[{"href":"https:\/\/boldogbuldog.hu\/index.php\/wp-json\/wp\/v2\/product"}],"about":[{"href":"https:\/\/boldogbuldog.hu\/index.php\/wp-json\/wp\/v2\/types\/product"}],"wp:featuredmedia":[{"embeddable":true,"href":"https:\/\/boldogbuldog.hu\/index.php\/wp-json\/wp\/v2\/media\/560"}],"wp:attachment":[{"href":"https:\/\/boldogbuldog.hu\/index.php\/wp-json\/wp\/v2\/media?parent=559"}],"wp:term":[{"taxonomy":"product_brand","embeddable":true,"href":"https:\/\/boldogbuldog.hu\/index.php\/wp-json\/wp\/v2\/product_brand?post=559"},{"taxonomy":"product_cat","embeddable":true,"href":"https:\/\/boldogbuldog.hu\/index.php\/wp-json\/wp\/v2\/product_cat?post=559"},{"taxonomy":"product_tag","embeddable":true,"href":"https:\/\/boldogbuldog.hu\/index.php\/wp-json\/wp\/v2\/product_tag?post=559"}],"curies":[{"name":"wp","href":"https:\/\/api.w.org\/{rel}","templated":true}]}}