{"id":610,"date":"2026-03-03T11:45:25","date_gmt":"2026-03-03T11:45:25","guid":{"rendered":"https:\/\/boldogbuldog.hu\/?post_type=product&#038;p=610"},"modified":"2026-03-06T13:41:48","modified_gmt":"2026-03-06T13:41:48","slug":"prevital-konzerv-steril-marha-415g","status":"publish","type":"product","link":"https:\/\/boldogbuldog.hu\/index.php\/termek\/prevital-konzerv-steril-marha-415g\/","title":{"rendered":"Prevital Konzerv Steril-Marha 415g"},"content":{"rendered":"","protected":false},"excerpt":{"rendered":"<p data-path-to-node=\"1\"><b data-path-to-node=\"1\" data-index-in-node=\"0\">Teljes \u00e9rt\u00e9k\u0171 \u00e1llateledel feln\u0151tt, ivartalan\u00edtott macsk\u00e1k sz\u00e1m\u00e1ra marh\u00e1val sz\u00f3szban.<\/b> Tartalmaz minden sz\u00fcks\u00e9ges t\u00e1panyagot az \u00e1llat optim\u00e1lis kond\u00edci\u00f3j\u00e1nak meg\u0151rz\u00e9s\u00e9hez.<\/p>\n<p data-path-to-node=\"2\"><b data-path-to-node=\"2\" data-index-in-node=\"0\">\u00d6sszetev\u0151k:<\/b> h\u00fas \u00e9s \u00e1llati sz\u00e1rmaz\u00e9kok 38% (4% marha), gabonaf\u00e9l\u00e9k, n\u00f6v\u00e9nyi feh\u00e9rje kivonatok, n\u00f6v\u00e9nyi eredet\u0171 sz\u00e1rmaz\u00e9kok (0,2% inulin), \u00e1sv\u00e1nyi anyagok, k\u00fcl\u00f6nf\u00e9le cukrok.<\/p>\n<p data-path-to-node=\"3\"><b data-path-to-node=\"3\" data-index-in-node=\"0\">Analitikai \u00f6sszetev\u0151k:<\/b> nedvess\u00e9gtartalom 82%, nyersfeh\u00e9rje 8%, zs\u00edrtartalom 3,4%, nyershamu 2%, nyersrost 0,7%.<\/p>\n<p id=\"p-rc_778e5dd30bc36868-53\" data-path-to-node=\"4\"><b data-path-to-node=\"4\" data-index-in-node=\"0\">Adal\u00e9kanyagok: <span class=\"citation-7290 citation-7291\">T\u00e1p\u00e9rt\u00e9kkel rendelkez\u0151 adal\u00e9kanyagok\/ kg:<\/span><\/b><span class=\"citation-7290 citation-7291\"> A-vitamin 1100 NE*, D3-vitamin 100 NE*, E-vitamin 15 mg, Cink (mint Cink szulf\u00e1t-monohidr\u00e1t) 10 mg, Mang\u00e1n (mint Mang\u00e1n(II) oxid) 2,5 mg, R\u00e9z (mint R\u00e9z(II) <\/span><span class=\"citation-7289 citation-7290 citation-7291 citation-end-7291\">szulf\u00e1t-pentahidr\u00e1t) 1,2 mg, J\u00f3d (mint K<\/span><span class=\"citation-7289 citation-7290 citation-end-7290\">\u00e1lcium jod\u00e1t, v\u00edzmentes) 0,2 mg, Taurin 520 mg. *NE = Nemzetk\u00f6zi egys\u00e9g<\/span><span class=\"citation-7289 citation-end-7289\">.<\/span><\/p>\n<p id=\"p-rc_778e5dd30bc36868-54\" data-path-to-node=\"5\"><b data-path-to-node=\"5\" data-index-in-node=\"0\"><span class=\"citation-7288\">Etet\u00e9si javaslat:<\/span><\/b> <span class=\"citation-7287 citation-7288 citation-end-7288\">Az eml\u00edtett adagol\u00e1s csak javaslat. Egy \u00e1tlagos m\u00e9ret\u0171 3-6 kg-os macsk\u00e1nak napi <\/span><span class=\"citation-7287 citation-end-7287\">210-330 g eledelre van sz\u00fcks\u00e9ge. A javasolt napi adagot 1-2 \u00e9tkez\u00e9sre ossza el. Lehet\u0151leg t\u00e1lalja szobah\u0151m\u00e9rs\u00e9kle<\/span>ten. A felbontott konzervet h\u0171tve t\u00e1rolja \u00e9s 2 napon bel\u00fcl haszn\u00e1lja fel.<\/p>\n<p data-path-to-node=\"6\"><b data-path-to-node=\"6\" data-index-in-node=\"0\">T\u00e1rol\u00e1s:<\/b> sz\u00e1raz \u00e9s h\u0171v\u00f6s helyen.<\/p>\n<p data-path-to-node=\"8\"><b data-path-to-node=\"8\" data-index-in-node=\"0\">Sz\u00e1rmaz\u00e1si hely:<\/b> EU.<\/p>\n","protected":false},"featured_media":611,"template":"","meta":{"site-sidebar-layout":"default","site-content-layout":"","ast-site-content-layout":"default","site-content-style":"default","site-sidebar-style":"default","ast-global-header-display":"","ast-banner-title-visibility":"","ast-main-header-display":"","ast-hfb-above-header-display":"","ast-hfb-below-header-display":"","ast-hfb-mobile-header-display":"","site-post-title":"","ast-breadcrumbs-content":"","ast-featured-img":"","footer-sml-layout":"","ast-disable-related-posts":"","theme-transparent-header-meta":"default","adv-header-id-meta":"","stick-header-meta":"","header-above-stick-meta":"","header-main-stick-meta":"","header-below-stick-meta":"","astra-migrate-meta-layouts":"set","ast-page-background-enabled":"default","ast-page-background-meta":{"desktop":{"background-color":"var(--ast-global-color-5)","background-image":"","background-repeat":"repeat","background-position":"center center","background-size":"auto","background-attachment":"scroll","background-type":"","background-media":"","overlay-type":"","overlay-color":"","overlay-opacity":"","overlay-gradient":""},"tablet":{"background-color":"","background-image":"","background-repeat":"repeat","background-position":"center center","background-size":"auto","background-attachment":"scroll","background-type":"","background-media":"","overlay-type":"","overlay-color":"","overlay-opacity":"","overlay-gradient":""},"mobile":{"background-color":"","background-image":"","background-repeat":"repeat","background-position":"center center","background-size":"auto","background-attachment":"scroll","background-type":"","background-media":"","overlay-type":"","overlay-color":"","overlay-opacity":"","overlay-gradient":""}},"ast-content-background-meta":{"desktop":{"background-color":"var(--ast-global-color-4)","background-image":"","background-repeat":"repeat","background-position":"center center","background-size":"auto","background-attachment":"scroll","background-type":"","background-media":"","overlay-type":"","overlay-color":"","overlay-opacity":"","overlay-gradient":""},"tablet":{"background-color":"var(--ast-global-color-4)","background-image":"","background-repeat":"repeat","background-position":"center center","background-size":"auto","background-attachment":"scroll","background-type":"","background-media":"","overlay-type":"","overlay-color":"","overlay-opacity":"","overlay-gradient":""},"mobile":{"background-color":"var(--ast-global-color-4)","background-image":"","background-repeat":"repeat","background-position":"center center","background-size":"auto","background-attachment":"scroll","background-type":"","background-media":"","overlay-type":"","overlay-color":"","overlay-opacity":"","overlay-gradient":""}}},"product_brand":[],"product_cat":[31,34],"product_tag":[],"class_list":{"0":"post-610","1":"product","2":"type-product","3":"status-publish","4":"has-post-thumbnail","6":"product_cat-macska-eledelek","7":"product_cat-prevital-cica","8":"desktop-align-left","9":"tablet-align-left","10":"mobile-align-left","12":"first","13":"instock","14":"shipping-taxable","15":"product-type-simple"},"_links":{"self":[{"href":"https:\/\/boldogbuldog.hu\/index.php\/wp-json\/wp\/v2\/product\/610","targetHints":{"allow":["GET"]}}],"collection":[{"href":"https:\/\/boldogbuldog.hu\/index.php\/wp-json\/wp\/v2\/product"}],"about":[{"href":"https:\/\/boldogbuldog.hu\/index.php\/wp-json\/wp\/v2\/types\/product"}],"wp:featuredmedia":[{"embeddable":true,"href":"https:\/\/boldogbuldog.hu\/index.php\/wp-json\/wp\/v2\/media\/611"}],"wp:attachment":[{"href":"https:\/\/boldogbuldog.hu\/index.php\/wp-json\/wp\/v2\/media?parent=610"}],"wp:term":[{"taxonomy":"product_brand","embeddable":true,"href":"https:\/\/boldogbuldog.hu\/index.php\/wp-json\/wp\/v2\/product_brand?post=610"},{"taxonomy":"product_cat","embeddable":true,"href":"https:\/\/boldogbuldog.hu\/index.php\/wp-json\/wp\/v2\/product_cat?post=610"},{"taxonomy":"product_tag","embeddable":true,"href":"https:\/\/boldogbuldog.hu\/index.php\/wp-json\/wp\/v2\/product_tag?post=610"}],"curies":[{"name":"wp","href":"https:\/\/api.w.org\/{rel}","templated":true}]}}