{"id":614,"date":"2026-03-03T11:47:08","date_gmt":"2026-03-03T11:47:08","guid":{"rendered":"https:\/\/boldogbuldog.hu\/?post_type=product&#038;p=614"},"modified":"2026-03-06T13:40:36","modified_gmt":"2026-03-06T13:40:36","slug":"prevital-konzerv-marha-maj-415g","status":"publish","type":"product","link":"https:\/\/boldogbuldog.hu\/index.php\/termek\/prevital-konzerv-marha-maj-415g\/","title":{"rendered":"Prevital Konzerv Marha-M\u00e1j 415g"},"content":{"rendered":"","protected":false},"excerpt":{"rendered":"<p><b data-path-to-node=\"1\" data-index-in-node=\"0\">Teljes \u00e9rt\u00e9k\u0171 \u00e1llateledel feln\u0151tt macsk\u00e1k sz\u00e1m\u00e1ra marh\u00e1val \u00e9s m\u00e1jjal sz\u00f3szban.<\/b> Tartalmaz minden sz\u00fcks\u00e9ges t\u00e1panyagot az \u00e1llat optim\u00e1lis kond\u00edci\u00f3j\u00e1nak meg\u0151rz\u00e9s\u00e9hez.<\/p>\n<p><b data-path-to-node=\"1\" data-index-in-node=\"167\">\u00d6sszetev\u0151k:<\/b> h\u00fas \u00e9s \u00e1llati sz\u00e1rmaz\u00e9kok 35% (4% marha, 4% m\u00e1j), gabonaf\u00e9l\u00e9k, hal \u00e9s halsz\u00e1rmaz\u00e9kok, n\u00f6v\u00e9nyi feh\u00e9rje kivonatok, \u00e1sv\u00e1nyi anyagok, k\u00fcl\u00f6nf\u00e9le cukrok.<\/p>\n<p><b data-path-to-node=\"1\" data-index-in-node=\"327\">Analitikai \u00f6sszetev\u0151k:<\/b> nedvess\u00e9gtartalom 82%, nyersfeh\u00e9rje 8%, zs\u00edrtartalom 4,5%, nyershamu 2,2%, nyersrost 0,4%.<\/p>\n<p><b data-path-to-node=\"1\" data-index-in-node=\"441\">Adal\u00e9kanyagok: T\u00e1p\u00e9rt\u00e9kkel rendelkez\u0151 adal\u00e9kanyagok\/ kg:<\/b> <span class=\"citation-7198 citation-7199 citation-7200 citation-end-7200\">A-vitamin 1100 NE*, D3-vitamin 100 NE*, E-vitamin 15 mg, Cink (mint Cink szulf\u00e1t-monohidr\u00e1t) 10 mg, Mang\u00e1n (mint Mang\u00e1n(II) oxid) 2,5 mg, R\u00e9z (mint R\u00e9z(II) szulf\u00e1t-pentahidr\u00e1t) 1,2 mg, J\u00f3d (mint K\u00e1lcium<\/span><span class=\"citation-7198 citation-7199 citation-end-7199\"> jod\u00e1t, v\u00edzmentes) 0,2 mg, Taurin 520 mg. *NE = Nemzetk\u00f6zi egys\u00e9g. <\/span><\/p>\n<p><b data-path-to-node=\"1\" data-index-in-node=\"767\"><span class=\"citation-7198 citation-end-7198\">Etet\u00e9si javaslat:<\/span><\/b> Az eml\u00edtett adagol\u00e1s csak javaslat. Egy \u00e1tlagos m\u00e9ret\u0171 3-6 kg-os macsk\u00e1nak napi 260-410 g eledelre van sz\u00fcks\u00e9ge. A javasolt napi adagot 1-2 \u00e9tkez\u00e9sre ossza el. Lehet\u0151leg t\u00e1lalja szobah\u0151m\u00e9rs\u00e9kleten. A felbontott konzervet h\u0171tve t\u00e1rolja \u00e9s 2 napon bel\u00fcl haszn\u00e1lja fel.<\/p>\n<p><b data-path-to-node=\"1\" data-index-in-node=\"1052\">T\u00e1rol\u00e1s:<\/b> sz\u00e1raz \u00e9s h\u0171v\u00f6s helyen.<\/p>\n<p><b data-path-to-node=\"1\" data-index-in-node=\"1191\">Sz\u00e1rmaz\u00e1si hely:<\/b> EU.<\/p>\n","protected":false},"featured_media":615,"template":"","meta":{"site-sidebar-layout":"default","site-content-layout":"","ast-site-content-layout":"default","site-content-style":"default","site-sidebar-style":"default","ast-global-header-display":"","ast-banner-title-visibility":"","ast-main-header-display":"","ast-hfb-above-header-display":"","ast-hfb-below-header-display":"","ast-hfb-mobile-header-display":"","site-post-title":"","ast-breadcrumbs-content":"","ast-featured-img":"","footer-sml-layout":"","ast-disable-related-posts":"","theme-transparent-header-meta":"default","adv-header-id-meta":"","stick-header-meta":"","header-above-stick-meta":"","header-main-stick-meta":"","header-below-stick-meta":"","astra-migrate-meta-layouts":"set","ast-page-background-enabled":"default","ast-page-background-meta":{"desktop":{"background-color":"var(--ast-global-color-5)","background-image":"","background-repeat":"repeat","background-position":"center center","background-size":"auto","background-attachment":"scroll","background-type":"","background-media":"","overlay-type":"","overlay-color":"","overlay-opacity":"","overlay-gradient":""},"tablet":{"background-color":"","background-image":"","background-repeat":"repeat","background-position":"center center","background-size":"auto","background-attachment":"scroll","background-type":"","background-media":"","overlay-type":"","overlay-color":"","overlay-opacity":"","overlay-gradient":""},"mobile":{"background-color":"","background-image":"","background-repeat":"repeat","background-position":"center center","background-size":"auto","background-attachment":"scroll","background-type":"","background-media":"","overlay-type":"","overlay-color":"","overlay-opacity":"","overlay-gradient":""}},"ast-content-background-meta":{"desktop":{"background-color":"var(--ast-global-color-4)","background-image":"","background-repeat":"repeat","background-position":"center center","background-size":"auto","background-attachment":"scroll","background-type":"","background-media":"","overlay-type":"","overlay-color":"","overlay-opacity":"","overlay-gradient":""},"tablet":{"background-color":"var(--ast-global-color-4)","background-image":"","background-repeat":"repeat","background-position":"center center","background-size":"auto","background-attachment":"scroll","background-type":"","background-media":"","overlay-type":"","overlay-color":"","overlay-opacity":"","overlay-gradient":""},"mobile":{"background-color":"var(--ast-global-color-4)","background-image":"","background-repeat":"repeat","background-position":"center center","background-size":"auto","background-attachment":"scroll","background-type":"","background-media":"","overlay-type":"","overlay-color":"","overlay-opacity":"","overlay-gradient":""}}},"product_brand":[],"product_cat":[31,34],"product_tag":[],"class_list":{"0":"post-614","1":"product","2":"type-product","3":"status-publish","4":"has-post-thumbnail","6":"product_cat-macska-eledelek","7":"product_cat-prevital-cica","8":"desktop-align-left","9":"tablet-align-left","10":"mobile-align-left","12":"first","13":"instock","14":"shipping-taxable","15":"product-type-simple"},"_links":{"self":[{"href":"https:\/\/boldogbuldog.hu\/index.php\/wp-json\/wp\/v2\/product\/614","targetHints":{"allow":["GET"]}}],"collection":[{"href":"https:\/\/boldogbuldog.hu\/index.php\/wp-json\/wp\/v2\/product"}],"about":[{"href":"https:\/\/boldogbuldog.hu\/index.php\/wp-json\/wp\/v2\/types\/product"}],"wp:featuredmedia":[{"embeddable":true,"href":"https:\/\/boldogbuldog.hu\/index.php\/wp-json\/wp\/v2\/media\/615"}],"wp:attachment":[{"href":"https:\/\/boldogbuldog.hu\/index.php\/wp-json\/wp\/v2\/media?parent=614"}],"wp:term":[{"taxonomy":"product_brand","embeddable":true,"href":"https:\/\/boldogbuldog.hu\/index.php\/wp-json\/wp\/v2\/product_brand?post=614"},{"taxonomy":"product_cat","embeddable":true,"href":"https:\/\/boldogbuldog.hu\/index.php\/wp-json\/wp\/v2\/product_cat?post=614"},{"taxonomy":"product_tag","embeddable":true,"href":"https:\/\/boldogbuldog.hu\/index.php\/wp-json\/wp\/v2\/product_tag?post=614"}],"curies":[{"name":"wp","href":"https:\/\/api.w.org\/{rel}","templated":true}]}}