{"id":626,"date":"2026-03-04T06:59:50","date_gmt":"2026-03-04T06:59:50","guid":{"rendered":"https:\/\/boldogbuldog.hu\/?post_type=product&#038;p=626"},"modified":"2026-03-13T06:42:36","modified_gmt":"2026-03-13T06:42:36","slug":"prevital-csirke-14kg","status":"publish","type":"product","link":"https:\/\/boldogbuldog.hu\/index.php\/termek\/prevital-csirke-14kg\/","title":{"rendered":"Prevital Csirke 1,4kg"},"content":{"rendered":"","protected":false},"excerpt":{"rendered":"<p data-path-to-node=\"4\"><b data-path-to-node=\"4\" data-index-in-node=\"0\">\u00d6sszet\u00e9tel:<\/b> Gabonaf\u00e9l\u00e9k, h\u00fas \u00e9s \u00e1llati sz\u00e1rmaz\u00e9kok (17%; melyb\u0151l 4% csirke a z\u00f6ld, narancs, nat\u00far sz\u00edn\u0171 t\u00e1pszemekben), n\u00f6v\u00e9nyi feh\u00e9rje kivonatok, olajok \u00e9s zs\u00edrok, \u00e9leszt\u0151 (2,5%), n\u00f6v\u00e9nyi eredet\u0171 sz\u00e1rmaz\u00e9kok (2% cukorr\u00e9pap\u00e9p), \u00e1sv\u00e1nyi anyagok, z\u00f6lds\u00e9gek (0,45% sz\u00e1r\u00edtott bors\u00f3, mely 4% bors\u00f3nak felel meg a z\u00f6ld, narancs \u00e9s nat\u00far sz\u00edn\u0171 t\u00e1pszemekben). <b data-path-to-node=\"4\" data-index-in-node=\"351\">Kever\u00e9si ar\u00e1ny:<\/b> 40% piros, 40% nat\u00far, 10% narancs \u00e9s 10% z\u00f6ld.<\/p>\n<p id=\"p-rc_491410a76650ef94-67\" data-path-to-node=\"5\"><b data-path-to-node=\"5\" data-index-in-node=\"0\">Analitikai <span class=\"citation-2064 citation-2065 citation-2066\">\u00f6sszetev\u0151k:<\/span><\/b><\/p>\n<ul data-path-to-node=\"6\">\n<li>\n<p id=\"p-rc_491410a76650ef94-68\" data-path-to-node=\"6,0,0\"><span class=\"citation-2061 citation-2062 citation-2063 citation-end-2063\">Nyersfeh\u00e9rje: 30,0%<\/span><\/p>\n<\/li>\n<li>\n<p id=\"p-rc_491410a76650ef94-69\" data-path-to-node=\"6,1,0\"><span class=\"citation-2058 citation-2059 citation-2060 citation-end-2060\">Nyerszs\u00edr: 12,0%<\/span><\/p>\n<\/li>\n<li>\n<p id=\"p-rc_491410a76650ef94-70\" data-path-to-node=\"6,2,0\"><span class=\"citation-2055 citation-2056 citation-2057 citation-end-2057\">Nyershamu: 7,0%<\/span><\/p>\n<\/li>\n<li>\n<p id=\"p-rc_491410a76650ef94-71\" data-path-to-node=\"6,3,0\"><span class=\"citation-2052 citation-2053 citation-2054 citation-end-2054\">Nyersrostok: 3,0%<\/span><\/p>\n<\/li>\n<li>\n<p id=\"p-rc_491410a76650ef94-72\" data-path-to-node=\"6,4,0\"><span class=\"citation-2049 citation-2050 citation-2051 citation-end-2051\">Omega 6 zs\u00edrsavak: 2,05%<\/span><\/p>\n<\/li>\n<\/ul>\n<p id=\"p-rc_491410a76650ef94-73\" data-path-to-node=\"7\"><b data-path-to-node=\"7\" data-index-in-node=\"0\"><span class=\"citation-2046 citation-2047 citation-2048 citation-end-2048\">Adal\u00e9kanyagok \/ T\u00e1p\u00e9rt\u00e9kkel rendelkez\u0151 adal\u00e9kanyagok \/ kg:<\/span><\/b><\/p>\n<ul data-path-to-node=\"8\">\n<li>\n<p id=\"p-rc_491410a76650ef94-74\" data-path-to-node=\"8,0,0\"><span class=\"citation-2043 citation-2044 citation-2045 citation-end-2045\">A vitamin: 12000 NE<\/span><\/p>\n<\/li>\n<li>\n<p id=\"p-rc_491410a76650ef94-75\" data-path-to-node=\"8,1,0\"><span class=\"citation-2040 citation-2041 citation-2042 citation-end-2042\">D3 vitamin: <\/span><span class=\"citation-2040 citation-2041 citation-end-2041\">1200 NE<\/span><\/p>\n<\/li>\n<li>\n<p id=\"p-rc_491410a76650ef94-76\" data-path-to-node=\"8,2,0\"><span class=\"citation-2038 citation-2039\">E vitamin: 245 <\/span><span class=\"citation-2036 citation-2037 citation-2038 citation-2039 citation-end-2039\">mg<\/span><\/p>\n<\/li>\n<li>\n<p id=\"p-rc_491410a76650ef94-77\" data-path-to-node=\"8,3,0\"><span class=\"citation-2032 citation-2033 citation-2034 citation-2035 citation-end-2035\">C vitamin: 55 mg<\/span><\/p>\n<\/li>\n<li>\n<p id=\"p-rc_491410a76650ef94-78\" data-path-to-node=\"8,4,0\"><span class=\"citation-2028 citation-2029 citation-2030 citation-2031 citation-end-2031\">R\u00e9z (mint R\u00e9z(I<\/span><span class=\"citation-2028 citation-2029 citation-2030 citation-end-2030\">I)-szulf\u00e1t, pentahidr\u00e1t): 17<\/span><span class=\"citation-2028 citation-2029 citation-end-2029\"> mg<\/span><\/p>\n<\/li>\n<li>\n<p id=\"p-rc_491410a76650ef94-79\" data-path-to-node=\"8,5,0\"><span class=\"citation-2026 citation-2027 citation-end-2027\">Vas (mint Vas(II)-szulf\u00e1t, monohidr\u00e1t): 128 mg<\/span><\/p>\n<\/li>\n<li>\n<p id=\"p-rc_491410a76650ef94-80\" data-path-to-node=\"8,6,0\"><span class=\"citation-2024 citation-2025 citation-end-2025\">J\u00f3d (mint Kalcium-jod\u00e1t, v\u00edzmentes): 3,4 mg<\/span><\/p>\n<\/li>\n<li>\n<p id=\"p-rc_491410a76650ef94-81\" data-path-to-node=\"8,7,0\"><span class=\"citation-2022 citation-2023 citation-end-2023\">Cink (mint Cink-szulf\u00e1t, monohidr\u00e1t): 130 mg<\/span><\/p>\n<\/li>\n<li>\n<p id=\"p-rc_491410a76650ef94-82\" data-path-to-node=\"8,8,0\"><span class=\"citation-2020 citation-2021 citation-end-2021\">Mang\u00e1n (mint Mang\u00e1n(II)-oxid): 18 m<\/span><span class=\"citation-2020 citation-end-2020\">g<\/span><\/p>\n<\/li>\n<li>\n<p id=\"p-rc_491410a76650ef94-83\" data-path-to-node=\"8,9,0\"><span class=\"citation-2019 citation-end-2019\">Szel\u00e9n (mint N\u00e1trium-szelenit): 0,35 mg<\/span><\/p>\n<\/li>\n<li>\n<p id=\"p-rc_491410a76650ef94-84\" data-path-to-node=\"8,10,0\"><span class=\"citation-2018 citation-end-2018\">Taurin: 1500 <\/span>mg<\/p>\n<\/li>\n<\/ul>\n<p data-path-to-node=\"9\"><b data-path-to-node=\"9\" data-index-in-node=\"0\">Technol\u00f3giai adal\u00e9kanyagok:<\/b> antioxid\u00e1nsok.<\/p>\n<p data-path-to-node=\"9\"><b data-path-to-node=\"9\" data-index-in-node=\"43\">\u00c9rz\u00e9kszervi tulajdons\u00e1gokat jav\u00edt\u00f3 adal\u00e9kanyagok:<\/b> sz\u00ednez\u00e9kek.<\/p>\n","protected":false},"featured_media":627,"template":"","meta":{"site-sidebar-layout":"default","site-content-layout":"","ast-site-content-layout":"default","site-content-style":"default","site-sidebar-style":"default","ast-global-header-display":"","ast-banner-title-visibility":"","ast-main-header-display":"","ast-hfb-above-header-display":"","ast-hfb-below-header-display":"","ast-hfb-mobile-header-display":"","site-post-title":"","ast-breadcrumbs-content":"","ast-featured-img":"","footer-sml-layout":"","ast-disable-related-posts":"","theme-transparent-header-meta":"default","adv-header-id-meta":"","stick-header-meta":"","header-above-stick-meta":"","header-main-stick-meta":"","header-below-stick-meta":"","astra-migrate-meta-layouts":"set","ast-page-background-enabled":"default","ast-page-background-meta":{"desktop":{"background-color":"var(--ast-global-color-5)","background-image":"","background-repeat":"repeat","background-position":"center center","background-size":"auto","background-attachment":"scroll","background-type":"","background-media":"","overlay-type":"","overlay-color":"","overlay-opacity":"","overlay-gradient":""},"tablet":{"background-color":"","background-image":"","background-repeat":"repeat","background-position":"center center","background-size":"auto","background-attachment":"scroll","background-type":"","background-media":"","overlay-type":"","overlay-color":"","overlay-opacity":"","overlay-gradient":""},"mobile":{"background-color":"","background-image":"","background-repeat":"repeat","background-position":"center center","background-size":"auto","background-attachment":"scroll","background-type":"","background-media":"","overlay-type":"","overlay-color":"","overlay-opacity":"","overlay-gradient":""}},"ast-content-background-meta":{"desktop":{"background-color":"var(--ast-global-color-4)","background-image":"","background-repeat":"repeat","background-position":"center center","background-size":"auto","background-attachment":"scroll","background-type":"","background-media":"","overlay-type":"","overlay-color":"","overlay-opacity":"","overlay-gradient":""},"tablet":{"background-color":"var(--ast-global-color-4)","background-image":"","background-repeat":"repeat","background-position":"center center","background-size":"auto","background-attachment":"scroll","background-type":"","background-media":"","overlay-type":"","overlay-color":"","overlay-opacity":"","overlay-gradient":""},"mobile":{"background-color":"var(--ast-global-color-4)","background-image":"","background-repeat":"repeat","background-position":"center center","background-size":"auto","background-attachment":"scroll","background-type":"","background-media":"","overlay-type":"","overlay-color":"","overlay-opacity":"","overlay-gradient":""}}},"product_brand":[],"product_cat":[31,34],"product_tag":[],"class_list":{"0":"post-626","1":"product","2":"type-product","3":"status-publish","4":"has-post-thumbnail","6":"product_cat-macska-eledelek","7":"product_cat-prevital-cica","8":"desktop-align-left","9":"tablet-align-left","10":"mobile-align-left","12":"first","13":"instock","14":"shipping-taxable","15":"product-type-simple"},"_links":{"self":[{"href":"https:\/\/boldogbuldog.hu\/index.php\/wp-json\/wp\/v2\/product\/626","targetHints":{"allow":["GET"]}}],"collection":[{"href":"https:\/\/boldogbuldog.hu\/index.php\/wp-json\/wp\/v2\/product"}],"about":[{"href":"https:\/\/boldogbuldog.hu\/index.php\/wp-json\/wp\/v2\/types\/product"}],"wp:featuredmedia":[{"embeddable":true,"href":"https:\/\/boldogbuldog.hu\/index.php\/wp-json\/wp\/v2\/media\/627"}],"wp:attachment":[{"href":"https:\/\/boldogbuldog.hu\/index.php\/wp-json\/wp\/v2\/media?parent=626"}],"wp:term":[{"taxonomy":"product_brand","embeddable":true,"href":"https:\/\/boldogbuldog.hu\/index.php\/wp-json\/wp\/v2\/product_brand?post=626"},{"taxonomy":"product_cat","embeddable":true,"href":"https:\/\/boldogbuldog.hu\/index.php\/wp-json\/wp\/v2\/product_cat?post=626"},{"taxonomy":"product_tag","embeddable":true,"href":"https:\/\/boldogbuldog.hu\/index.php\/wp-json\/wp\/v2\/product_tag?post=626"}],"curies":[{"name":"wp","href":"https:\/\/api.w.org\/{rel}","templated":true}]}}