{"id":628,"date":"2026-03-04T07:00:46","date_gmt":"2026-03-04T07:00:46","guid":{"rendered":"https:\/\/boldogbuldog.hu\/?post_type=product&#038;p=628"},"modified":"2026-03-13T07:04:07","modified_gmt":"2026-03-13T07:04:07","slug":"prevital-marha-14kg","status":"publish","type":"product","link":"https:\/\/boldogbuldog.hu\/index.php\/termek\/prevital-marha-14kg\/","title":{"rendered":"Prevital Marha 1,4kg"},"content":{"rendered":"","protected":false},"excerpt":{"rendered":"<p data-path-to-node=\"3\"><b data-path-to-node=\"3\" data-index-in-node=\"0\">\u00d6sszet\u00e9tel:<\/b> Gabonaf\u00e9l\u00e9k, h\u00fas \u00e9s \u00e1llati sz\u00e1rmaz\u00e9kok (17%; melyb\u0151l 4% marha a z\u00f6ld, narancs, nat\u00far sz\u00edn\u0171 t\u00e1pszemekben), n\u00f6v\u00e9nyi feh\u00e9rje kivonatok, olajok \u00e9s zs\u00edrok, \u00e9leszt\u0151 (2,5%), n\u00f6v\u00e9nyi eredet\u0171 sz\u00e1rmaz\u00e9kok (2% cukorr\u00e9pap\u00e9p), \u00e1sv\u00e1nyi anyagok, z\u00f6lds\u00e9gek (0,45% sz\u00e1r\u00edtott bors\u00f3, mely 4% bors\u00f3nak felel meg a z\u00f6ld, narancs \u00e9s nat\u00far sz\u00edn\u0171 t\u00e1pszemekben). <b data-path-to-node=\"3\" data-index-in-node=\"350\">Kever\u00e9si ar\u00e1ny:<\/b> 40% piros, 40% nat\u00far, 10% narancs \u00e9s 10% z\u00f6ld.<\/p>\n<p id=\"p-rc_449d1854ff4981c6-108\" data-path-to-node=\"4\"><b data-path-to-node=\"4\" data-index-in-node=\"0\">Analitikai <span class=\"citation-1948 citation-1949 citation-1950\">\u00f6sszetev\u0151k:<\/span><\/b><\/p>\n<ul data-path-to-node=\"5\">\n<li>\n<p id=\"p-rc_449d1854ff4981c6-109\" data-path-to-node=\"5,0,0\"><span class=\"citation-1945 citation-1946 citation-1947 citation-end-1947\">Nyersfeh\u00e9rje: 30,0%<\/span><\/p>\n<\/li>\n<li>\n<p id=\"p-rc_449d1854ff4981c6-110\" data-path-to-node=\"5,1,0\"><span class=\"citation-1942 citation-1943 citation-1944 citation-end-1944\">Nyerszs\u00edr: 12,0%<\/span><\/p>\n<\/li>\n<li>\n<p id=\"p-rc_449d1854ff4981c6-111\" data-path-to-node=\"5,2,0\"><span class=\"citation-1939 citation-1940 citation-1941 citation-end-1941\">Nyershamu: 7,0%<\/span><\/p>\n<\/li>\n<li>\n<p id=\"p-rc_449d1854ff4981c6-112\" data-path-to-node=\"5,3,0\"><span class=\"citation-1936 citation-1937 citation-1938 citation-end-1938\">Nyersrostok: 3,0%<\/span><\/p>\n<\/li>\n<li>\n<p id=\"p-rc_449d1854ff4981c6-113\" data-path-to-node=\"5,4,0\"><span class=\"citation-1933 citation-1934 citation-1935 citation-end-1935\">Omega 6 zs\u00edrsavak: 2,05%<\/span><\/p>\n<\/li>\n<\/ul>\n<p id=\"p-rc_449d1854ff4981c6-114\" data-path-to-node=\"6\"><b data-path-to-node=\"6\" data-index-in-node=\"0\"><span class=\"citation-1930 citation-1931 citation-1932 citation-end-1932\">Adal\u00e9kanyagok \/ T\u00e1p\u00e9rt\u00e9kkel rendelkez\u0151 adal\u00e9kanyagok \/ kg:<\/span><\/b><\/p>\n<ul data-path-to-node=\"7\">\n<li>\n<p id=\"p-rc_449d1854ff4981c6-115\" data-path-to-node=\"7,0,0\"><span class=\"citation-1927 citation-1928 citation-1929 citation-end-1929\">A vitamin: 12000 NE<\/span><\/p>\n<\/li>\n<li>\n<p id=\"p-rc_449d1854ff4981c6-116\" data-path-to-node=\"7,1,0\"><span class=\"citation-1924 citation-1925 citation-1926 citation-end-1926\">D3 vitamin: 1200 N<\/span><span class=\"citation-1924 citation-1925 citation-end-1925\">E<\/span><\/p>\n<\/li>\n<li>\n<p id=\"p-rc_449d1854ff4981c6-117\" data-path-to-node=\"7,2,0\"><span class=\"citation-1922 citation-1923\">E vitamin: 245 <\/span><span class=\"citation-1920 citation-1921 citation-1922 citation-1923 citation-end-1923\">mg<\/span><\/p>\n<\/li>\n<li>\n<p id=\"p-rc_449d1854ff4981c6-118\" data-path-to-node=\"7,3,0\"><span class=\"citation-1916 citation-1917 citation-1918 citation-1919 citation-end-1919\">C vitamin: 55 mg<\/span><\/p>\n<\/li>\n<li>\n<p id=\"p-rc_449d1854ff4981c6-119\" data-path-to-node=\"7,4,0\"><span class=\"citation-1912 citation-1913 citation-1914 citation-1915 citation-end-1915\">R\u00e9z (mint R\u00e9z(II)-szulf\u00e1<\/span><span class=\"citation-1912 citation-1913 citation-1914 citation-end-1914\">t, pentahidr\u00e1t): 17<\/span><span class=\"citation-1912 citation-1913 citation-end-1913\"> mg<\/span><\/p>\n<\/li>\n<li>\n<p id=\"p-rc_449d1854ff4981c6-120\" data-path-to-node=\"7,5,0\"><span class=\"citation-1910 citation-1911 citation-end-1911\">Vas (mint Vas(II)-szulf\u00e1t, monohidr\u00e1t): 128 mg<\/span><\/p>\n<\/li>\n<li>\n<p id=\"p-rc_449d1854ff4981c6-121\" data-path-to-node=\"7,6,0\"><span class=\"citation-1908 citation-1909 citation-end-1909\">J\u00f3d (mint Kalcium-jod\u00e1t, v\u00edzmentes): 3,4 mg<\/span><\/p>\n<\/li>\n<li>\n<p id=\"p-rc_449d1854ff4981c6-122\" data-path-to-node=\"7,7,0\"><span class=\"citation-1906 citation-1907 citation-end-1907\">Cink (mint Cink-szulf\u00e1t, monohidr\u00e1t): 130 mg<\/span><\/p>\n<\/li>\n<li>\n<p id=\"p-rc_449d1854ff4981c6-123\" data-path-to-node=\"7,8,0\"><span class=\"citation-1904 citation-1905 citation-end-1905\">Mang\u00e1n (mint Mang\u00e1n(II)-oxid): 18 mg<\/span><\/p>\n<\/li>\n<li>\n<p id=\"p-rc_449d1854ff4981c6-124\" data-path-to-node=\"7,9,0\"><span class=\"citation-1902 citation-1903 citation-end-1903\">Sze<\/span><span class=\"citation-1902 citation-end-1902\">l\u00e9n (mint N\u00e1trium-szelenit): 0,35 mg<\/span><\/p>\n<\/li>\n<li>\n<p id=\"p-rc_449d1854ff4981c6-125\" data-path-to-node=\"7,10,0\"><span class=\"citation-1901 citation-end-1901\">Taurin: 1500 <\/span>mg<\/p>\n<\/li>\n<\/ul>\n<p data-path-to-node=\"8\"><b data-path-to-node=\"8\" data-index-in-node=\"0\">Technol\u00f3giai adal\u00e9kanyagok:<\/b> antioxid\u00e1nsok.<\/p>\n<p data-path-to-node=\"8\"><b data-path-to-node=\"8\" data-index-in-node=\"43\">\u00c9rz\u00e9kszervi tulajdons\u00e1gokat jav\u00edt\u00f3 adal\u00e9kanyagok:<\/b> sz\u00ednez\u00e9kek.<\/p>\n","protected":false},"featured_media":629,"template":"","meta":{"site-sidebar-layout":"default","site-content-layout":"","ast-site-content-layout":"default","site-content-style":"default","site-sidebar-style":"default","ast-global-header-display":"","ast-banner-title-visibility":"","ast-main-header-display":"","ast-hfb-above-header-display":"","ast-hfb-below-header-display":"","ast-hfb-mobile-header-display":"","site-post-title":"","ast-breadcrumbs-content":"","ast-featured-img":"","footer-sml-layout":"","ast-disable-related-posts":"","theme-transparent-header-meta":"default","adv-header-id-meta":"","stick-header-meta":"","header-above-stick-meta":"","header-main-stick-meta":"","header-below-stick-meta":"","astra-migrate-meta-layouts":"set","ast-page-background-enabled":"default","ast-page-background-meta":{"desktop":{"background-color":"var(--ast-global-color-5)","background-image":"","background-repeat":"repeat","background-position":"center center","background-size":"auto","background-attachment":"scroll","background-type":"","background-media":"","overlay-type":"","overlay-color":"","overlay-opacity":"","overlay-gradient":""},"tablet":{"background-color":"","background-image":"","background-repeat":"repeat","background-position":"center center","background-size":"auto","background-attachment":"scroll","background-type":"","background-media":"","overlay-type":"","overlay-color":"","overlay-opacity":"","overlay-gradient":""},"mobile":{"background-color":"","background-image":"","background-repeat":"repeat","background-position":"center center","background-size":"auto","background-attachment":"scroll","background-type":"","background-media":"","overlay-type":"","overlay-color":"","overlay-opacity":"","overlay-gradient":""}},"ast-content-background-meta":{"desktop":{"background-color":"var(--ast-global-color-4)","background-image":"","background-repeat":"repeat","background-position":"center center","background-size":"auto","background-attachment":"scroll","background-type":"","background-media":"","overlay-type":"","overlay-color":"","overlay-opacity":"","overlay-gradient":""},"tablet":{"background-color":"var(--ast-global-color-4)","background-image":"","background-repeat":"repeat","background-position":"center center","background-size":"auto","background-attachment":"scroll","background-type":"","background-media":"","overlay-type":"","overlay-color":"","overlay-opacity":"","overlay-gradient":""},"mobile":{"background-color":"var(--ast-global-color-4)","background-image":"","background-repeat":"repeat","background-position":"center center","background-size":"auto","background-attachment":"scroll","background-type":"","background-media":"","overlay-type":"","overlay-color":"","overlay-opacity":"","overlay-gradient":""}}},"product_brand":[],"product_cat":[31,34],"product_tag":[],"class_list":{"0":"post-628","1":"product","2":"type-product","3":"status-publish","4":"has-post-thumbnail","6":"product_cat-macska-eledelek","7":"product_cat-prevital-cica","8":"desktop-align-left","9":"tablet-align-left","10":"mobile-align-left","12":"first","13":"instock","14":"shipping-taxable","15":"product-type-simple"},"_links":{"self":[{"href":"https:\/\/boldogbuldog.hu\/index.php\/wp-json\/wp\/v2\/product\/628","targetHints":{"allow":["GET"]}}],"collection":[{"href":"https:\/\/boldogbuldog.hu\/index.php\/wp-json\/wp\/v2\/product"}],"about":[{"href":"https:\/\/boldogbuldog.hu\/index.php\/wp-json\/wp\/v2\/types\/product"}],"wp:featuredmedia":[{"embeddable":true,"href":"https:\/\/boldogbuldog.hu\/index.php\/wp-json\/wp\/v2\/media\/629"}],"wp:attachment":[{"href":"https:\/\/boldogbuldog.hu\/index.php\/wp-json\/wp\/v2\/media?parent=628"}],"wp:term":[{"taxonomy":"product_brand","embeddable":true,"href":"https:\/\/boldogbuldog.hu\/index.php\/wp-json\/wp\/v2\/product_brand?post=628"},{"taxonomy":"product_cat","embeddable":true,"href":"https:\/\/boldogbuldog.hu\/index.php\/wp-json\/wp\/v2\/product_cat?post=628"},{"taxonomy":"product_tag","embeddable":true,"href":"https:\/\/boldogbuldog.hu\/index.php\/wp-json\/wp\/v2\/product_tag?post=628"}],"curies":[{"name":"wp","href":"https:\/\/api.w.org\/{rel}","templated":true}]}}