{"id":630,"date":"2026-03-04T07:01:25","date_gmt":"2026-03-04T07:01:25","guid":{"rendered":"https:\/\/boldogbuldog.hu\/?post_type=product&#038;p=630"},"modified":"2026-03-13T07:10:28","modified_gmt":"2026-03-13T07:10:28","slug":"prevital-junior-095kg","status":"publish","type":"product","link":"https:\/\/boldogbuldog.hu\/index.php\/termek\/prevital-junior-095kg\/","title":{"rendered":"Prevital Junior 0,95kg"},"content":{"rendered":"","protected":false},"excerpt":{"rendered":"<p id=\"p-rc_9b28450e992dd932-186\" data-path-to-node=\"3\"><b data-path-to-node=\"3\" data-index-in-node=\"0\">\u00d6sszet\u00e9tel:<\/b> Gabonaf\u00e9l\u00e9k, n\u00f6v\u00e9nyi feh<span class=\"citation-3983 citation-3984 citation-end-3984\">\u00e9rje kivonatok, h\u00fas \u00e9s \u00e1llati sz\u00e1rmaz\u00e9kok (19%; melyb\u0151l 4% csirke), z\u00f6lds\u00e9gek, olajok \u00e9s zs\u00edrok (0,5% lazacolaj), n\u00f6v\u00e9nyi eredet\u0171 sz\u00e1rmaz\u00e9kok (2% cukorr\u00e9pap\u00e9p), \u00e1sv\u00e1nyi anyagok, \u00e9leszt<\/span><span class=\"citation-3983 citation-end-3983\">\u0151.<\/span> <b data-path-to-node=\"3\" data-index-in-node=\"223\"><span class=\"citation-3982\">Kever\u00e9si ar\u00e1ny:<\/span><\/b><span class=\"citation-3982 citation-end-3982\"> 70% nat\u00far, 15% z\u00f6ld \u00e9s 15% narancs<\/span>.<\/p>\n<p data-path-to-node=\"4\"><b data-path-to-node=\"4\" data-index-in-node=\"0\">Analitikai \u00f6sszetev\u0151k:<\/b><\/p>\n<ul data-path-to-node=\"5\">\n<li>\n<p data-path-to-node=\"5,0,0\">Nyersfeh\u00e9rje: 35,0%<\/p>\n<\/li>\n<li>\n<p data-path-to-node=\"5,1,0\">Nyerszs\u00edr: 12,0%<\/p>\n<\/li>\n<li>\n<p data-path-to-node=\"5,2,0\">Nyershamu: 7,5%<\/p>\n<\/li>\n<li>\n<p data-path-to-node=\"5,3,0\">Nyersrostok: 2,0%<\/p>\n<\/li>\n<li>\n<p data-path-to-node=\"5,4,0\">Kalcium: 1,05%<\/p>\n<\/li>\n<li>\n<p data-path-to-node=\"5,5,0\">Foszfor: 0,85%<\/p>\n<\/li>\n<li>\n<p data-path-to-node=\"5,6,0\">DHA: 0,05%<\/p>\n<\/li>\n<\/ul>\n<p data-path-to-node=\"6\"><b data-path-to-node=\"6\" data-index-in-node=\"0\">Adal\u00e9kanyagok \/ T\u00e1p\u00e9rt\u00e9kkel rendelkez\u0151 adal\u00e9kanyagok \/ kg:<\/b><\/p>\n<ul data-path-to-node=\"7\">\n<li>\n<p data-path-to-node=\"7,0,0\">A vitamin: 12000 NE<\/p>\n<\/li>\n<li>\n<p data-path-to-node=\"7,1,0\">D3 vitamin: 1200 NE<\/p>\n<\/li>\n<li>\n<p id=\"p-rc_9b28450e992dd932-187\" data-path-to-node=\"7,2,0\">E vitamin: 100 <span class=\"citation-3980 citation-3981 citation-end-3981\">mg<\/span><\/p>\n<\/li>\n<li>\n<p id=\"p-rc_9b28450e992dd932-188\" data-path-to-node=\"7,3,0\"><span class=\"citation-3978 citation-3979 citation-end-3979\">R\u00e9z (mint R\u00e9z(II)-szulf\u00e1t, pentahidr\u00e1t): 17 mg<\/span><\/p>\n<\/li>\n<li>\n<p id=\"p-rc_9b28450e992dd932-189\" data-path-to-node=\"7,4,0\"><span class=\"citation-3976 citation-3977 citation-end-3977\">Vas (mint Vas(II)-szulf\u00e1t, monohidr\u00e1t): 128 mg<\/span><\/p>\n<\/li>\n<li>\n<p id=\"p-rc_9b28450e992dd932-190\" data-path-to-node=\"7,5,0\"><span class=\"citation-3974 citation-3975 citation-end-3975\">J\u00f3d (mint Kalcium-jod\u00e1t, v\u00edzmentes): 3,4 mg<\/span><\/p>\n<\/li>\n<li>\n<p id=\"p-rc_9b28450e992dd932-191\" data-path-to-node=\"7,6,0\"><span class=\"citation-3972 citation-3973 citation-end-3973\">Cink (mint Cink-szulf\u00e1t, monohidr\u00e1t): 130 mg<\/span><\/p>\n<\/li>\n<li>\n<p id=\"p-rc_9b28450e992dd932-192\" data-path-to-node=\"7,7,0\"><span class=\"citation-3970 citation-3971 citation-end-3971\">Mang\u00e1n (mint Mang\u00e1n(II)-oxid): 18 mg<\/span><\/p>\n<\/li>\n<li>\n<p id=\"p-rc_9b28450e992dd932-193\" data-path-to-node=\"7,8,0\"><span class=\"citation-3968 citation-3969 citation-end-3969\">Szel\u00e9n (mint N<\/span><span class=\"citation-3968 citation-end-3968\">\u00e1trium-szelenit): 0,35 mg<\/span><\/p>\n<\/li>\n<li>\n<p id=\"p-rc_9b28450e992dd932-194\" data-path-to-node=\"7,9,0\"><span class=\"citation-3967 citation-end-3967\">Taurin: 1500 <\/span>mg<\/p>\n<\/li>\n<\/ul>\n<p data-path-to-node=\"8\"><b data-path-to-node=\"8\" data-index-in-node=\"0\">Technol\u00f3giai adal\u00e9kanyagok:<\/b> antioxid\u00e1nsok.<\/p>\n<p data-path-to-node=\"8\"><b data-path-to-node=\"8\" data-index-in-node=\"43\">\u00c9rz\u00e9kszervi tulajdons\u00e1gokat jav\u00edt\u00f3 adal\u00e9kanyagok:<\/b> sz\u00ednez\u00e9kek.<\/p>\n","protected":false},"featured_media":631,"template":"","meta":{"site-sidebar-layout":"default","site-content-layout":"","ast-site-content-layout":"default","site-content-style":"default","site-sidebar-style":"default","ast-global-header-display":"","ast-banner-title-visibility":"","ast-main-header-display":"","ast-hfb-above-header-display":"","ast-hfb-below-header-display":"","ast-hfb-mobile-header-display":"","site-post-title":"","ast-breadcrumbs-content":"","ast-featured-img":"","footer-sml-layout":"","ast-disable-related-posts":"","theme-transparent-header-meta":"default","adv-header-id-meta":"","stick-header-meta":"","header-above-stick-meta":"","header-main-stick-meta":"","header-below-stick-meta":"","astra-migrate-meta-layouts":"set","ast-page-background-enabled":"default","ast-page-background-meta":{"desktop":{"background-color":"var(--ast-global-color-5)","background-image":"","background-repeat":"repeat","background-position":"center center","background-size":"auto","background-attachment":"scroll","background-type":"","background-media":"","overlay-type":"","overlay-color":"","overlay-opacity":"","overlay-gradient":""},"tablet":{"background-color":"","background-image":"","background-repeat":"repeat","background-position":"center center","background-size":"auto","background-attachment":"scroll","background-type":"","background-media":"","overlay-type":"","overlay-color":"","overlay-opacity":"","overlay-gradient":""},"mobile":{"background-color":"","background-image":"","background-repeat":"repeat","background-position":"center center","background-size":"auto","background-attachment":"scroll","background-type":"","background-media":"","overlay-type":"","overlay-color":"","overlay-opacity":"","overlay-gradient":""}},"ast-content-background-meta":{"desktop":{"background-color":"var(--ast-global-color-4)","background-image":"","background-repeat":"repeat","background-position":"center center","background-size":"auto","background-attachment":"scroll","background-type":"","background-media":"","overlay-type":"","overlay-color":"","overlay-opacity":"","overlay-gradient":""},"tablet":{"background-color":"var(--ast-global-color-4)","background-image":"","background-repeat":"repeat","background-position":"center center","background-size":"auto","background-attachment":"scroll","background-type":"","background-media":"","overlay-type":"","overlay-color":"","overlay-opacity":"","overlay-gradient":""},"mobile":{"background-color":"var(--ast-global-color-4)","background-image":"","background-repeat":"repeat","background-position":"center center","background-size":"auto","background-attachment":"scroll","background-type":"","background-media":"","overlay-type":"","overlay-color":"","overlay-opacity":"","overlay-gradient":""}}},"product_brand":[],"product_cat":[31,34],"product_tag":[],"class_list":{"0":"post-630","1":"product","2":"type-product","3":"status-publish","4":"has-post-thumbnail","6":"product_cat-macska-eledelek","7":"product_cat-prevital-cica","8":"desktop-align-left","9":"tablet-align-left","10":"mobile-align-left","12":"first","13":"instock","14":"shipping-taxable","15":"product-type-simple"},"_links":{"self":[{"href":"https:\/\/boldogbuldog.hu\/index.php\/wp-json\/wp\/v2\/product\/630","targetHints":{"allow":["GET"]}}],"collection":[{"href":"https:\/\/boldogbuldog.hu\/index.php\/wp-json\/wp\/v2\/product"}],"about":[{"href":"https:\/\/boldogbuldog.hu\/index.php\/wp-json\/wp\/v2\/types\/product"}],"wp:featuredmedia":[{"embeddable":true,"href":"https:\/\/boldogbuldog.hu\/index.php\/wp-json\/wp\/v2\/media\/631"}],"wp:attachment":[{"href":"https:\/\/boldogbuldog.hu\/index.php\/wp-json\/wp\/v2\/media?parent=630"}],"wp:term":[{"taxonomy":"product_brand","embeddable":true,"href":"https:\/\/boldogbuldog.hu\/index.php\/wp-json\/wp\/v2\/product_brand?post=630"},{"taxonomy":"product_cat","embeddable":true,"href":"https:\/\/boldogbuldog.hu\/index.php\/wp-json\/wp\/v2\/product_cat?post=630"},{"taxonomy":"product_tag","embeddable":true,"href":"https:\/\/boldogbuldog.hu\/index.php\/wp-json\/wp\/v2\/product_tag?post=630"}],"curies":[{"name":"wp","href":"https:\/\/api.w.org\/{rel}","templated":true}]}}