{"id":632,"date":"2026-03-04T07:02:01","date_gmt":"2026-03-04T07:02:01","guid":{"rendered":"https:\/\/boldogbuldog.hu\/?post_type=product&#038;p=632"},"modified":"2026-03-13T07:12:52","modified_gmt":"2026-03-13T07:12:52","slug":"prevital-sterile-pulyka-14kg","status":"publish","type":"product","link":"https:\/\/boldogbuldog.hu\/index.php\/termek\/prevital-sterile-pulyka-14kg\/","title":{"rendered":"Prevital Sterile Pulyka 1,4kg"},"content":{"rendered":"","protected":false},"excerpt":{"rendered":"<p id=\"p-rc_5be8fb7828f513bc-208\" data-path-to-node=\"3\"><b data-path-to-node=\"3\" data-index-in-node=\"0\">\u00d6sszet\u00e9tel:<\/b> Gabonaf\u00e9l\u00e9k, h\u00fas \u00e9s \u00e1llati sz\u00e1rmaz\u00e9kok (18%; melyb\u0151l 4% pulyka a z\u00f6ld, narancs, nat\u00far sz\u00edn\u0171 t\u00e1pszemekben), n\u00f6v\u00e9nyi feh\u00e9rje kivonatok, olajok \u00e9s zs\u00edrok, n\u00f6v\u00e9nyi eredet\u0171 sz\u00e1rmaz\u00e9kok (3% cellul\u00f3z, 2% cukorr\u00e9pap\u00e9p, 0,1% yucca shidigera kivonat), \u00e9leszt\u0151 (2,5%), \u00e1sv\u00e1nyi a<span class=\"citation-5270 citation-5271 citation-end-5271\">nyagok.<\/span> <b data-path-to-node=\"3\" data-index-in-node=\"287\"><span class=\"citation-5268 citation-5269\">Kever\u00e9si ar\u00e1ny:<\/span><\/b><span class=\"citation-5268 citation-5269 citation-end-5269\"> 40% piros, 40% nat\u00far, 10% narancs \u00e9s 10% z\u00f6ld.<\/span><\/p>\n<div class=\"source-inline-chip-container ng-star-inserted\"><\/div>\n<p>&nbsp;<\/p>\n<p id=\"p-rc_5be8fb7828f513bc-209\" data-path-to-node=\"4\"><b data-path-to-node=\"4\" data-index-in-node=\"0\"><span class=\"citation-5266 citation-5267 citation-end-5267\">Analitikai \u00f6sszetev\u0151k:<\/span><\/b><\/p>\n<ul data-path-to-node=\"5\">\n<li>\n<p id=\"p-rc_5be8fb7828f513bc-210\" data-path-to-node=\"5,0,0\"><span class=\"citation-5264 citation-5265 citation-end-5265\">Nyersfeh\u00e9rje: 31,0%<\/span><\/p>\n<\/li>\n<li>\n<p id=\"p-rc_5be8fb7828f513bc-211\" data-path-to-node=\"5,1,0\"><span class=\"citation-5262 citation-5263 citation-end-5263\">Nyerszs\u00edr: 10,0%<\/span><\/p>\n<\/li>\n<li>\n<p id=\"p-rc_5be8fb7828f513bc-212\" data-path-to-node=\"5,2,0\"><span class=\"citation-5260 citation-5261 citation-end-5261\">Nyershamu: 7,0%<\/span><\/p>\n<\/li>\n<li>\n<p id=\"p-rc_5be8fb7828f513bc-213\" data-path-to-node=\"5,3,0\"><span class=\"citation-5258 citation-5259 citation-end-5259\">Nyersrost<\/span><span class=\"citation-5258 citation-end-5258\">ok: 4,<\/span>5%<\/p>\n<\/li>\n<li>\n<p data-path-to-node=\"5,4,0\">Omega 6 zs\u00edrsavak: 2,20%<\/p>\n<\/li>\n<\/ul>\n<p data-path-to-node=\"6\"><b data-path-to-node=\"6\" data-index-in-node=\"0\">Adal\u00e9kanyagok \/ T\u00e1p\u00e9rt\u00e9kkel rendelkez\u0151 adal\u00e9kanyagok \/ kg:<\/b><\/p>\n<ul data-path-to-node=\"7\">\n<li>\n<p data-path-to-node=\"7,0,0\">A vitamin: 12000 NE<\/p>\n<\/li>\n<li>\n<p data-path-to-node=\"7,1,0\">D3 vitamin: 1200 NE<\/p>\n<\/li>\n<li>\n<p data-path-to-node=\"7,2,0\">E vitamin: 245 mg<\/p>\n<\/li>\n<li>\n<p data-path-to-node=\"7,3,0\">C vitamin: 55 mg<\/p>\n<\/li>\n<li>\n<p data-path-to-node=\"7,4,0\">R\u00e9z (mint R\u00e9z(II)-szulf\u00e1t, pentahidr\u00e1t): 17 mg<\/p>\n<\/li>\n<li>\n<p data-path-to-node=\"7,5,0\">Vas (mint Vas(II)-szulf\u00e1t, monohidr\u00e1t): 128 mg<\/p>\n<\/li>\n<li>\n<p data-path-to-node=\"7,6,0\">J\u00f3d (mint Kalcium-jod\u00e1t, v\u00edzmentes): 3,4 mg<\/p>\n<\/li>\n<li>\n<p data-path-to-node=\"7,7,0\">Cink (mint Cink-szulf\u00e1t, monohidr\u00e1t): 130 mg<\/p>\n<\/li>\n<li>\n<p data-path-to-node=\"7,8,0\">Mang\u00e1n (mint Mang\u00e1n(II)-oxid): 18 mg<\/p>\n<\/li>\n<li>\n<p id=\"p-rc_5be8fb7828f513bc-214\" data-path-to-node=\"7,9,0\">Szel\u00e9n (mint <span class=\"citation-5255 citation-5256 citation-5257 citation-end-5257\">N\u00e1trium-szelenit): 0,35 mg<\/span><\/p>\n<\/li>\n<li>\n<p id=\"p-rc_5be8fb7828f513bc-215\" data-path-to-node=\"7,10,0\"><span class=\"citation-5252 citation-5253 citation-5254 citation-end-5254\">Taurin: 1500 mg<\/span><\/p>\n<\/li>\n<\/ul>\n<p id=\"p-rc_5be8fb7828f513bc-216\" data-path-to-node=\"8\"><b data-path-to-node=\"8\" data-index-in-node=\"0\"><span class=\"citation-5249 citation-5250 citation-5251\">Technol\u00f3giai adal\u00e9kanyagok:<\/span><\/b><span class=\"citation-5249 citation-5250 citation-5251 citation-end-5251\"> antioxid\u00e1nsok.<\/span><\/p>\n<p data-path-to-node=\"8\"><b data-path-to-node=\"8\" data-index-in-node=\"43\"><span class=\"citation-5246 citation-5247 citation-5248\">\u00c9rz\u00e9kszervi tulajdons\u00e1gokat jav\u00edt\u00f3 adal\u00e9kanyagok:<\/span><\/b><span class=\"citation-5246 citation-5247 citation-5248 citation-end-5248\"> sz\u00ednez\u00e9kek.<\/span><\/p>\n","protected":false},"featured_media":633,"template":"","meta":{"site-sidebar-layout":"default","site-content-layout":"","ast-site-content-layout":"default","site-content-style":"default","site-sidebar-style":"default","ast-global-header-display":"","ast-banner-title-visibility":"","ast-main-header-display":"","ast-hfb-above-header-display":"","ast-hfb-below-header-display":"","ast-hfb-mobile-header-display":"","site-post-title":"","ast-breadcrumbs-content":"","ast-featured-img":"","footer-sml-layout":"","ast-disable-related-posts":"","theme-transparent-header-meta":"default","adv-header-id-meta":"","stick-header-meta":"","header-above-stick-meta":"","header-main-stick-meta":"","header-below-stick-meta":"","astra-migrate-meta-layouts":"set","ast-page-background-enabled":"default","ast-page-background-meta":{"desktop":{"background-color":"var(--ast-global-color-5)","background-image":"","background-repeat":"repeat","background-position":"center center","background-size":"auto","background-attachment":"scroll","background-type":"","background-media":"","overlay-type":"","overlay-color":"","overlay-opacity":"","overlay-gradient":""},"tablet":{"background-color":"","background-image":"","background-repeat":"repeat","background-position":"center center","background-size":"auto","background-attachment":"scroll","background-type":"","background-media":"","overlay-type":"","overlay-color":"","overlay-opacity":"","overlay-gradient":""},"mobile":{"background-color":"","background-image":"","background-repeat":"repeat","background-position":"center center","background-size":"auto","background-attachment":"scroll","background-type":"","background-media":"","overlay-type":"","overlay-color":"","overlay-opacity":"","overlay-gradient":""}},"ast-content-background-meta":{"desktop":{"background-color":"var(--ast-global-color-4)","background-image":"","background-repeat":"repeat","background-position":"center center","background-size":"auto","background-attachment":"scroll","background-type":"","background-media":"","overlay-type":"","overlay-color":"","overlay-opacity":"","overlay-gradient":""},"tablet":{"background-color":"var(--ast-global-color-4)","background-image":"","background-repeat":"repeat","background-position":"center center","background-size":"auto","background-attachment":"scroll","background-type":"","background-media":"","overlay-type":"","overlay-color":"","overlay-opacity":"","overlay-gradient":""},"mobile":{"background-color":"var(--ast-global-color-4)","background-image":"","background-repeat":"repeat","background-position":"center center","background-size":"auto","background-attachment":"scroll","background-type":"","background-media":"","overlay-type":"","overlay-color":"","overlay-opacity":"","overlay-gradient":""}}},"product_brand":[],"product_cat":[31,34],"product_tag":[],"class_list":{"0":"post-632","1":"product","2":"type-product","3":"status-publish","4":"has-post-thumbnail","6":"product_cat-macska-eledelek","7":"product_cat-prevital-cica","8":"desktop-align-left","9":"tablet-align-left","10":"mobile-align-left","12":"first","13":"instock","14":"shipping-taxable","15":"product-type-simple"},"_links":{"self":[{"href":"https:\/\/boldogbuldog.hu\/index.php\/wp-json\/wp\/v2\/product\/632","targetHints":{"allow":["GET"]}}],"collection":[{"href":"https:\/\/boldogbuldog.hu\/index.php\/wp-json\/wp\/v2\/product"}],"about":[{"href":"https:\/\/boldogbuldog.hu\/index.php\/wp-json\/wp\/v2\/types\/product"}],"wp:featuredmedia":[{"embeddable":true,"href":"https:\/\/boldogbuldog.hu\/index.php\/wp-json\/wp\/v2\/media\/633"}],"wp:attachment":[{"href":"https:\/\/boldogbuldog.hu\/index.php\/wp-json\/wp\/v2\/media?parent=632"}],"wp:term":[{"taxonomy":"product_brand","embeddable":true,"href":"https:\/\/boldogbuldog.hu\/index.php\/wp-json\/wp\/v2\/product_brand?post=632"},{"taxonomy":"product_cat","embeddable":true,"href":"https:\/\/boldogbuldog.hu\/index.php\/wp-json\/wp\/v2\/product_cat?post=632"},{"taxonomy":"product_tag","embeddable":true,"href":"https:\/\/boldogbuldog.hu\/index.php\/wp-json\/wp\/v2\/product_tag?post=632"}],"curies":[{"name":"wp","href":"https:\/\/api.w.org\/{rel}","templated":true}]}}