{"id":634,"date":"2026-03-04T07:02:53","date_gmt":"2026-03-04T07:02:53","guid":{"rendered":"https:\/\/boldogbuldog.hu\/?post_type=product&#038;p=634"},"modified":"2026-03-13T07:08:33","modified_gmt":"2026-03-13T07:08:33","slug":"prevital-tonhal-14kg","status":"publish","type":"product","link":"https:\/\/boldogbuldog.hu\/index.php\/termek\/prevital-tonhal-14kg\/","title":{"rendered":"Prevital Tonhal 1,4kg"},"content":{"rendered":"","protected":false},"excerpt":{"rendered":"<p id=\"p-rc_ab266a624596b7fc-150\" data-path-to-node=\"3\"><b data-path-to-node=\"3\" data-index-in-node=\"0\">\u00d6sszet\u00e9tel:<\/b> Gabonaf\u00e9l\u00e9k, n\u00f6v\u00e9nyi feh\u00e9rje kivonatok, h\u00fas \u00e9s \u00e1llati sz\u00e1rmaz\u00e9kok (14%), olajok \u00e9s zs\u00edrok, \u00e9leszt\u0151 (2,5%), hal \u00e9s halsz\u00e1rmaz\u00e9kok (4% tonhal a z\u00f6ld, narancs, barna sz\u00edn\u0171 t\u00e1pszemekben), n\u00f6v\u00e9nyi eredet\u0171 sz\u00e1rmaz\u00e9kok (2% cukorr\u00e9pap\u00e9p), \u00e1sv\u00e1nyi anyagok, z\u00f6lds\u00e9ge<span class=\"citation-3283 citation-end-3283\">k (0,45% sz\u00e1r\u00edtott bors\u00f3, mely 4% bors\u00f3nak felel meg a z\u00f6ld, narancs \u00e9s barna sz\u00edn\u0171 t\u00e1pszemekben).<\/span> <b data-path-to-node=\"3\" data-index-in-node=\"367\"><span class=\"citation-3282\">Kever\u00e9si ar\u00e1ny:<\/span><\/b><span class=\"citation-3282 citation-end-3282\"> 40% piros, 40% barna, 10% narancs \u00e9s 10% z\u00f6ld.<\/span><\/p>\n<div class=\"source-inline-chip-container ng-star-inserted\"><\/div>\n<p>&nbsp;<\/p>\n<p id=\"p-rc_ab266a624596b7fc-151\" data-path-to-node=\"4\"><b data-path-to-node=\"4\" data-index-in-node=\"0\"><span class=\"citation-3281 citation-end-3281\">Analitikai \u00f6sszetev\u0151k:<\/span><\/b><\/p>\n<ul data-path-to-node=\"5\">\n<li>\n<p id=\"p-rc_ab266a624596b7fc-152\" data-path-to-node=\"5,0,0\"><span class=\"citation-3280 citation-end-3280\">Nyers<\/span>feh\u00e9rje: 30,0%<\/p>\n<\/li>\n<li>\n<p data-path-to-node=\"5,1,0\">Nyerszs\u00edr: 12,0%<\/p>\n<\/li>\n<li>\n<p data-path-to-node=\"5,2,0\">Nyershamu: 7,0%<\/p>\n<\/li>\n<li>\n<p data-path-to-node=\"5,3,0\">Nyersrostok: 3,0%<\/p>\n<\/li>\n<li>\n<p data-path-to-node=\"5,4,0\">Omega 6 zs\u00edrsavak: 2,10%<\/p>\n<\/li>\n<\/ul>\n<p id=\"p-rc_ab266a624596b7fc-153\" data-path-to-node=\"6\"><b data-path-to-node=\"6\" data-index-in-node=\"0\">A<span class=\"citation-3279\">dal\u00e9kanyagok \/ T\u00e1p\u00e9rt\u00e9kkel rendelkez\u0151 adal\u00e9kanyagok \/ kg:<\/span><\/b><\/p>\n<ul data-path-to-node=\"7\">\n<li>\n<p id=\"p-rc_ab266a624596b7fc-154\" data-path-to-node=\"7,0,0\"><span class=\"citation-3278 citation-end-3278\">A vitamin: 12000 NE<\/span><\/p>\n<\/li>\n<li>\n<p id=\"p-rc_ab266a624596b7fc-155\" data-path-to-node=\"7,1,0\"><span class=\"citation-3277 citation-end-3277\">D3 vitamin: 1200 NE<\/span><\/p>\n<\/li>\n<li>\n<p id=\"p-rc_ab266a624596b7fc-156\" data-path-to-node=\"7,2,0\"><span class=\"citation-3276 citation-end-3276\">E vitamin: 245 mg<\/span><\/p>\n<\/li>\n<li>\n<p id=\"p-rc_ab266a624596b7fc-157\" data-path-to-node=\"7,3,0\"><span class=\"citation-3275 citation-end-3275\">C vitamin: 55 mg<\/span><\/p>\n<\/li>\n<li>\n<p id=\"p-rc_ab266a624596b7fc-158\" data-path-to-node=\"7,4,0\"><span class=\"citation-3274 citation-end-3274\">R\u00e9z (mint R\u00e9z(II)-szulf\u00e1t, pentahidr\u00e1t): 17 mg<\/span><\/p>\n<\/li>\n<li>\n<p id=\"p-rc_ab266a624596b7fc-159\" data-path-to-node=\"7,5,0\"><span class=\"citation-3273 citation-end-3273\">Vas (mint Vas(II)-szulf\u00e1t, monohidr\u00e1t): 128 mg<\/span><\/p>\n<\/li>\n<li>\n<p id=\"p-rc_ab266a624596b7fc-160\" data-path-to-node=\"7,6,0\"><span class=\"citation-3272 citation-end-3272\">J\u00f3d <\/span>(mint Kalcium-jod\u00e1t, v\u00edzmentes): 3,4 mg<\/p>\n<\/li>\n<li>\n<p data-path-to-node=\"7,7,0\">Cink (mint Cink-szulf\u00e1t, monohidr\u00e1t): 130 mg<\/p>\n<\/li>\n<li>\n<p data-path-to-node=\"7,8,0\">Mang\u00e1n (mint Mang\u00e1n(II)-oxid): 18 mg<\/p>\n<\/li>\n<li>\n<p id=\"p-rc_ab266a624596b7fc-161\" data-path-to-node=\"7,9,0\">Sz<span class=\"citation-3269 citation-3270 citation-3271 citation-end-3271\">el\u00e9n (mint N\u00e1trium-szelenit): 0,35 mg<\/span><\/p>\n<\/li>\n<li>\n<p id=\"p-rc_ab266a624596b7fc-162\" data-path-to-node=\"7,10,0\"><span class=\"citation-3266 citation-3267 citation-3268 citation-end-3268\">Taurin: 1500 mg<\/span><\/p>\n<\/li>\n<\/ul>\n<p id=\"p-rc_ab266a624596b7fc-163\" data-path-to-node=\"8\"><b data-path-to-node=\"8\" data-index-in-node=\"0\"><span class=\"citation-3263 citation-3264 citation-3265\">Technol\u00f3giai adal\u00e9kanyagok:<\/span><\/b><span class=\"citation-3263 citation-3264 citation-3265 citation-end-3265\"> antioxid\u00e1nsok.<\/span><\/p>\n<p data-path-to-node=\"8\"><b data-path-to-node=\"8\" data-index-in-node=\"43\"><span class=\"citation-3260 citation-3261 citation-3262\">\u00c9rz\u00e9kszervi tulajdons\u00e1gokat jav\u00edt\u00f3 adal\u00e9kanyagok:<\/span><\/b><span class=\"citation-3260 citation-3261 citation-3262 citation-end-3262\"> sz\u00ednez\u00e9kek.<\/span><\/p>\n","protected":false},"featured_media":635,"template":"","meta":{"site-sidebar-layout":"default","site-content-layout":"","ast-site-content-layout":"default","site-content-style":"default","site-sidebar-style":"default","ast-global-header-display":"","ast-banner-title-visibility":"","ast-main-header-display":"","ast-hfb-above-header-display":"","ast-hfb-below-header-display":"","ast-hfb-mobile-header-display":"","site-post-title":"","ast-breadcrumbs-content":"","ast-featured-img":"","footer-sml-layout":"","ast-disable-related-posts":"","theme-transparent-header-meta":"default","adv-header-id-meta":"","stick-header-meta":"","header-above-stick-meta":"","header-main-stick-meta":"","header-below-stick-meta":"","astra-migrate-meta-layouts":"set","ast-page-background-enabled":"default","ast-page-background-meta":{"desktop":{"background-color":"var(--ast-global-color-5)","background-image":"","background-repeat":"repeat","background-position":"center center","background-size":"auto","background-attachment":"scroll","background-type":"","background-media":"","overlay-type":"","overlay-color":"","overlay-opacity":"","overlay-gradient":""},"tablet":{"background-color":"","background-image":"","background-repeat":"repeat","background-position":"center center","background-size":"auto","background-attachment":"scroll","background-type":"","background-media":"","overlay-type":"","overlay-color":"","overlay-opacity":"","overlay-gradient":""},"mobile":{"background-color":"","background-image":"","background-repeat":"repeat","background-position":"center center","background-size":"auto","background-attachment":"scroll","background-type":"","background-media":"","overlay-type":"","overlay-color":"","overlay-opacity":"","overlay-gradient":""}},"ast-content-background-meta":{"desktop":{"background-color":"var(--ast-global-color-4)","background-image":"","background-repeat":"repeat","background-position":"center center","background-size":"auto","background-attachment":"scroll","background-type":"","background-media":"","overlay-type":"","overlay-color":"","overlay-opacity":"","overlay-gradient":""},"tablet":{"background-color":"var(--ast-global-color-4)","background-image":"","background-repeat":"repeat","background-position":"center center","background-size":"auto","background-attachment":"scroll","background-type":"","background-media":"","overlay-type":"","overlay-color":"","overlay-opacity":"","overlay-gradient":""},"mobile":{"background-color":"var(--ast-global-color-4)","background-image":"","background-repeat":"repeat","background-position":"center center","background-size":"auto","background-attachment":"scroll","background-type":"","background-media":"","overlay-type":"","overlay-color":"","overlay-opacity":"","overlay-gradient":""}}},"product_brand":[],"product_cat":[31,34],"product_tag":[],"class_list":{"0":"post-634","1":"product","2":"type-product","3":"status-publish","4":"has-post-thumbnail","6":"product_cat-macska-eledelek","7":"product_cat-prevital-cica","8":"desktop-align-left","9":"tablet-align-left","10":"mobile-align-left","12":"first","13":"instock","14":"shipping-taxable","15":"product-type-simple"},"_links":{"self":[{"href":"https:\/\/boldogbuldog.hu\/index.php\/wp-json\/wp\/v2\/product\/634","targetHints":{"allow":["GET"]}}],"collection":[{"href":"https:\/\/boldogbuldog.hu\/index.php\/wp-json\/wp\/v2\/product"}],"about":[{"href":"https:\/\/boldogbuldog.hu\/index.php\/wp-json\/wp\/v2\/types\/product"}],"wp:featuredmedia":[{"embeddable":true,"href":"https:\/\/boldogbuldog.hu\/index.php\/wp-json\/wp\/v2\/media\/635"}],"wp:attachment":[{"href":"https:\/\/boldogbuldog.hu\/index.php\/wp-json\/wp\/v2\/media?parent=634"}],"wp:term":[{"taxonomy":"product_brand","embeddable":true,"href":"https:\/\/boldogbuldog.hu\/index.php\/wp-json\/wp\/v2\/product_brand?post=634"},{"taxonomy":"product_cat","embeddable":true,"href":"https:\/\/boldogbuldog.hu\/index.php\/wp-json\/wp\/v2\/product_cat?post=634"},{"taxonomy":"product_tag","embeddable":true,"href":"https:\/\/boldogbuldog.hu\/index.php\/wp-json\/wp\/v2\/product_tag?post=634"}],"curies":[{"name":"wp","href":"https:\/\/api.w.org\/{rel}","templated":true}]}}