{"id":636,"date":"2026-03-04T08:51:18","date_gmt":"2026-03-04T08:51:18","guid":{"rendered":"https:\/\/boldogbuldog.hu\/?post_type=product&#038;p=636"},"modified":"2026-03-13T07:24:17","modified_gmt":"2026-03-13T07:24:17","slug":"prevital-tasakos-marha-nyul-pulyka-4db-100g","status":"publish","type":"product","link":"https:\/\/boldogbuldog.hu\/index.php\/termek\/prevital-tasakos-marha-nyul-pulyka-4db-100g\/","title":{"rendered":"Prevital Tasakos Marha Ny\u00fal Pulyka 4db 100g"},"content":{"rendered":"","protected":false},"excerpt":{"rendered":"<h3 data-path-to-node=\"3\">1. \u00cdzvari\u00e1ci\u00f3: Marh\u00e1val<\/h3>\n<p data-path-to-node=\"4\"><b data-path-to-node=\"4\" data-index-in-node=\"0\">\u00d6sszet\u00e9tel:<\/b> H\u00fas \u00e9s \u00e1llati sz\u00e1rmaz\u00e9kok (4% marha), gabonaf\u00e9l\u00e9k, n\u00f6v\u00e9nyi feh\u00e9rje kivonatok, \u00e1sv\u00e1nyi anyagok, k\u00fcl\u00f6nf\u00e9le cukrok. <b data-path-to-node=\"4\" data-index-in-node=\"125\">Sz\u00ednez\u00e9kek \u00e9s tart\u00f3s\u00edt\u00f3szer n\u00e9lk\u00fcl.<\/b><\/p>\n<h3 data-path-to-node=\"5\">2. \u00cdzvari\u00e1ci\u00f3: Ny\u00fallal \u00e9s pulyk\u00e1val<\/h3>\n<p data-path-to-node=\"6\"><b data-path-to-node=\"6\" data-index-in-node=\"0\">\u00d6sszet\u00e9tel:<\/b> H\u00fas \u00e9s \u00e1llati sz\u00e1rmaz\u00e9kok (4% ny\u00fal, 4% pulyka), gabonaf\u00e9l\u00e9k, n\u00f6v\u00e9nyi feh\u00e9rje kivonatok, \u00e1sv\u00e1nyi anyagok, k\u00fcl\u00f6nf\u00e9le cukrok. <b data-path-to-node=\"6\" data-index-in-node=\"135\">Sz\u00ednez\u00e9kek \u00e9s tart\u00f3s\u00edt\u00f3szer n\u00e9lk\u00fcl.<\/b><\/p>\n<hr data-path-to-node=\"7\" \/>\n<p data-path-to-node=\"8\"><b data-path-to-node=\"8\" data-index-in-node=\"0\">Analitikai \u00f6sszetev\u0151k (mindk\u00e9t \u00edzre \u00e9rv\u00e9nyes):<\/b><\/p>\n<ul data-path-to-node=\"9\">\n<li>\n<p data-path-to-node=\"9,0,0\">Nedvess\u00e9gtartalom: 82%<\/p>\n<\/li>\n<li>\n<p data-path-to-node=\"9,1,0\">Nyersfeh\u00e9rje: 7%<\/p>\n<\/li>\n<li>\n<p data-path-to-node=\"9,2,0\">Zs\u00edrtartalom: 4,5%<\/p>\n<\/li>\n<li>\n<p data-path-to-node=\"9,3,0\">Nyershamu: 2,5%<\/p>\n<\/li>\n<li>\n<p data-path-to-node=\"9,4,0\">Nyersrostok: 0,3%<\/p>\n<\/li>\n<\/ul>\n<p data-path-to-node=\"10\"><b data-path-to-node=\"10\" data-index-in-node=\"0\">T\u00e1panyag adal\u00e9kok 1 kg-ban:<\/b><\/p>\n<ul data-path-to-node=\"11\">\n<li>\n<p data-path-to-node=\"11,0,0\">A-vitamin: 1100 NE<\/p>\n<\/li>\n<li>\n<p data-path-to-node=\"11,1,0\">D3-vitamin: 100 NE<\/p>\n<\/li>\n<li>\n<p data-path-to-node=\"11,2,0\">E-vitamin: 15 mg<\/p>\n<\/li>\n<li>\n<p data-path-to-node=\"11,3,0\">Cink (mint Cink-szulf\u00e1t, monohidr\u00e1t): 10 mg<\/p>\n<\/li>\n<li>\n<p data-path-to-node=\"11,4,0\">Mang\u00e1n (mint Mang\u00e1n(II)-oxid): 2,5 mg<\/p>\n<\/li>\n<li>\n<p data-path-to-node=\"11,5,0\">R\u00e9z (mint R\u00e9z(II)-szulf\u00e1t, pentahidr\u00e1t): 1,2 mg<\/p>\n<\/li>\n<li>\n<p data-path-to-node=\"11,6,0\">J\u00f3d (mint Kalcium-jod\u00e1t, v\u00edzmentes): 0,2 mg<\/p>\n<\/li>\n<li>\n<p data-path-to-node=\"11,7,0\">Taurin: 520 mg<\/p>\n<\/li>\n<\/ul>\n","protected":false},"featured_media":637,"template":"","meta":{"site-sidebar-layout":"default","site-content-layout":"","ast-site-content-layout":"default","site-content-style":"default","site-sidebar-style":"default","ast-global-header-display":"","ast-banner-title-visibility":"","ast-main-header-display":"","ast-hfb-above-header-display":"","ast-hfb-below-header-display":"","ast-hfb-mobile-header-display":"","site-post-title":"","ast-breadcrumbs-content":"","ast-featured-img":"","footer-sml-layout":"","ast-disable-related-posts":"","theme-transparent-header-meta":"default","adv-header-id-meta":"","stick-header-meta":"","header-above-stick-meta":"","header-main-stick-meta":"","header-below-stick-meta":"","astra-migrate-meta-layouts":"set","ast-page-background-enabled":"default","ast-page-background-meta":{"desktop":{"background-color":"var(--ast-global-color-5)","background-image":"","background-repeat":"repeat","background-position":"center center","background-size":"auto","background-attachment":"scroll","background-type":"","background-media":"","overlay-type":"","overlay-color":"","overlay-opacity":"","overlay-gradient":""},"tablet":{"background-color":"","background-image":"","background-repeat":"repeat","background-position":"center center","background-size":"auto","background-attachment":"scroll","background-type":"","background-media":"","overlay-type":"","overlay-color":"","overlay-opacity":"","overlay-gradient":""},"mobile":{"background-color":"","background-image":"","background-repeat":"repeat","background-position":"center center","background-size":"auto","background-attachment":"scroll","background-type":"","background-media":"","overlay-type":"","overlay-color":"","overlay-opacity":"","overlay-gradient":""}},"ast-content-background-meta":{"desktop":{"background-color":"var(--ast-global-color-4)","background-image":"","background-repeat":"repeat","background-position":"center center","background-size":"auto","background-attachment":"scroll","background-type":"","background-media":"","overlay-type":"","overlay-color":"","overlay-opacity":"","overlay-gradient":""},"tablet":{"background-color":"var(--ast-global-color-4)","background-image":"","background-repeat":"repeat","background-position":"center center","background-size":"auto","background-attachment":"scroll","background-type":"","background-media":"","overlay-type":"","overlay-color":"","overlay-opacity":"","overlay-gradient":""},"mobile":{"background-color":"var(--ast-global-color-4)","background-image":"","background-repeat":"repeat","background-position":"center center","background-size":"auto","background-attachment":"scroll","background-type":"","background-media":"","overlay-type":"","overlay-color":"","overlay-opacity":"","overlay-gradient":""}}},"product_brand":[],"product_cat":[31,34],"product_tag":[],"class_list":{"0":"post-636","1":"product","2":"type-product","3":"status-publish","4":"has-post-thumbnail","6":"product_cat-macska-eledelek","7":"product_cat-prevital-cica","8":"desktop-align-left","9":"tablet-align-left","10":"mobile-align-left","12":"first","13":"instock","14":"shipping-taxable","15":"product-type-simple"},"_links":{"self":[{"href":"https:\/\/boldogbuldog.hu\/index.php\/wp-json\/wp\/v2\/product\/636","targetHints":{"allow":["GET"]}}],"collection":[{"href":"https:\/\/boldogbuldog.hu\/index.php\/wp-json\/wp\/v2\/product"}],"about":[{"href":"https:\/\/boldogbuldog.hu\/index.php\/wp-json\/wp\/v2\/types\/product"}],"wp:featuredmedia":[{"embeddable":true,"href":"https:\/\/boldogbuldog.hu\/index.php\/wp-json\/wp\/v2\/media\/637"}],"wp:attachment":[{"href":"https:\/\/boldogbuldog.hu\/index.php\/wp-json\/wp\/v2\/media?parent=636"}],"wp:term":[{"taxonomy":"product_brand","embeddable":true,"href":"https:\/\/boldogbuldog.hu\/index.php\/wp-json\/wp\/v2\/product_brand?post=636"},{"taxonomy":"product_cat","embeddable":true,"href":"https:\/\/boldogbuldog.hu\/index.php\/wp-json\/wp\/v2\/product_cat?post=636"},{"taxonomy":"product_tag","embeddable":true,"href":"https:\/\/boldogbuldog.hu\/index.php\/wp-json\/wp\/v2\/product_tag?post=636"}],"curies":[{"name":"wp","href":"https:\/\/api.w.org\/{rel}","templated":true}]}}