{"id":651,"date":"2026-03-06T09:27:51","date_gmt":"2026-03-06T09:27:51","guid":{"rendered":"https:\/\/boldogbuldog.hu\/?post_type=product&#038;p=651"},"modified":"2026-03-13T09:24:17","modified_gmt":"2026-03-13T09:24:17","slug":"prevital-tasakos-csirke-lazac-marha-nyul-pulyka-24242424-96db-dob","status":"publish","type":"product","link":"https:\/\/boldogbuldog.hu\/index.php\/termek\/prevital-tasakos-csirke-lazac-marha-nyul-pulyka-24242424-96db-dob\/","title":{"rendered":"Prevital Tasakos Csirke, Lazac, Marha, Ny\u00fal-Pulyka (24+24+24+24) 96db\/dob"},"content":{"rendered":"","protected":false},"excerpt":{"rendered":"<h3 data-path-to-node=\"4\">Sz\u00f3sz<\/h3>\n<h3 data-path-to-node=\"4\">1. \u00cdzvari\u00e1ci\u00f3: Csirk\u00e9vel<\/h3>\n<p data-path-to-node=\"5\"><b data-path-to-node=\"5\" data-index-in-node=\"0\">\u00d6sszet\u00e9tel:<\/b> H\u00fas \u00e9s \u00e1llati sz\u00e1rmaz\u00e9kok (4% csirke), hal \u00e9s halsz\u00e1rmaz\u00e9kok, n\u00f6v\u00e9nyi eredet\u0171 sz\u00e1rmaz\u00e9kok, n\u00f6v\u00e9nyi feh\u00e9rje kivonatok, \u00e1sv\u00e1nyi anyagok, k\u00fcl\u00f6nf\u00e9le cukrok. <b data-path-to-node=\"5\" data-index-in-node=\"165\">Tart\u00f3s\u00edt\u00f3szer n\u00e9lk\u00fcl.<\/b><\/p>\n<h3 data-path-to-node=\"6\">2. \u00cdzvari\u00e1ci\u00f3: Lazaccal<\/h3>\n<p data-path-to-node=\"7\"><b data-path-to-node=\"7\" data-index-in-node=\"0\">\u00d6sszet\u00e9tel:<\/b> H\u00fas \u00e9s \u00e1llati sz\u00e1rmaz\u00e9kok, hal \u00e9s halsz\u00e1rmaz\u00e9kok (4% lazac), n\u00f6v\u00e9nyi eredet\u0171 sz\u00e1rmaz\u00e9kok, n\u00f6v\u00e9nyi feh\u00e9rje kivonatok, \u00e1sv\u00e1nyi anyagok, k\u00fcl\u00f6nf\u00e9le cukrok. <b data-path-to-node=\"7\" data-index-in-node=\"164\">Tart\u00f3s\u00edt\u00f3szer n\u00e9lk\u00fcl.<\/b><\/p>\n<p data-path-to-node=\"8\"><b data-path-to-node=\"8\" data-index-in-node=\"0\">Analitikai \u00f6sszetev\u0151k (a sz\u00f3szos \u00edzekre):<\/b><\/p>\n<ul data-path-to-node=\"9\">\n<li>\n<p data-path-to-node=\"9,0,0\">Nedvess\u00e9gtartalom: 82%<\/p>\n<\/li>\n<li>\n<p data-path-to-node=\"9,1,0\">Nyersfeh\u00e9rje: 9%<\/p>\n<\/li>\n<li>\n<p data-path-to-node=\"9,2,0\">Zs\u00edrtartalom: 5%<\/p>\n<\/li>\n<li>\n<p data-path-to-node=\"9,3,0\">Nyershamu: 3%<\/p>\n<\/li>\n<li>\n<p data-path-to-node=\"9,4,0\">Nyersrostok: 0,8%<\/p>\n<\/li>\n<\/ul>\n<p data-path-to-node=\"10\"><b data-path-to-node=\"10\" data-index-in-node=\"0\">Adal\u00e9kanyagok: T\u00e1p\u00e9rt\u00e9kkel rendelkez\u0151 adal\u00e9kanyagok \/ kg:<\/b> D3-vitamin 160 NE, E-vitamin 30 mg, Cink (mint Cink-szulf\u00e1t, monohidr\u00e1t) 10 mg, Mang\u00e1n (mint Mang\u00e1n(II)-oxid) 2 mg, R\u00e9z (mint R\u00e9z(II)-szulf\u00e1t, pentahidr\u00e1t) 1,2 mg, J\u00f3d (mint Kalcium-jod\u00e1t, v\u00edzmentes) 0,2 mg, Taurin 520 mg.<\/p>\n<h3 data-path-to-node=\"14\">Aszpik<\/h3>\n<h3 data-path-to-node=\"14\">1. \u00cdzvari\u00e1ci\u00f3: Marh\u00e1val<\/h3>\n<p data-path-to-node=\"15\"><b data-path-to-node=\"15\" data-index-in-node=\"0\">\u00d6sszet\u00e9tel:<\/b> H\u00fas \u00e9s \u00e1llati sz\u00e1rmaz\u00e9kok (4% marha), gabonaf\u00e9l\u00e9k, n\u00f6v\u00e9nyi feh\u00e9rje kivonatok, \u00e1sv\u00e1nyi anyagok, k\u00fcl\u00f6nf\u00e9le cukrok. <b data-path-to-node=\"15\" data-index-in-node=\"125\">Sz\u00ednez\u00e9kek \u00e9s tart\u00f3s\u00edt\u00f3szer n\u00e9lk\u00fcl.<\/b><\/p>\n<h3 data-path-to-node=\"16\">2. \u00cdzvari\u00e1ci\u00f3: Ny\u00fallal \u00e9s pulyk\u00e1val<\/h3>\n<p data-path-to-node=\"17\"><b data-path-to-node=\"17\" data-index-in-node=\"0\">\u00d6sszet\u00e9tel:<\/b> H\u00fas \u00e9s \u00e1llati sz\u00e1rmaz\u00e9kok (4% ny\u00fal, 4% pulyka), gabonaf\u00e9l\u00e9k, n\u00f6v\u00e9nyi feh\u00e9rje kivonatok, \u00e1sv\u00e1nyi anyagok, k\u00fcl\u00f6nf\u00e9le cukrok. <b data-path-to-node=\"17\" data-index-in-node=\"135\">Sz\u00ednez\u00e9kek \u00e9s tart\u00f3s\u00edt\u00f3szer n\u00e9lk\u00fcl.<\/b><\/p>\n<p data-path-to-node=\"18\"><b data-path-to-node=\"18\" data-index-in-node=\"0\">Analitikai \u00f6sszetev\u0151k (az aszpikos \u00edzekre):<\/b><\/p>\n<ul data-path-to-node=\"19\">\n<li>\n<p data-path-to-node=\"19,0,0\">Nedvess\u00e9gtartalom: 82%<\/p>\n<\/li>\n<li>\n<p data-path-to-node=\"19,1,0\">Nyersfeh\u00e9rje: 7%<\/p>\n<\/li>\n<li>\n<p data-path-to-node=\"19,2,0\">Zs\u00edrtartalom: 4,5%<\/p>\n<\/li>\n<li>\n<p data-path-to-node=\"19,3,0\">Nyershamu: 2,5%<\/p>\n<\/li>\n<li>\n<p data-path-to-node=\"19,4,0\">Nyersrostok: 0,3%<\/p>\n<\/li>\n<\/ul>\n<p data-path-to-node=\"20\"><b data-path-to-node=\"20\" data-index-in-node=\"0\">Adal\u00e9kanyagok: T\u00e1p\u00e9rt\u00e9kkel rendelkez\u0151 adal\u00e9kanyagok \/ kg:<\/b> A-vitamin 1100 NE, D3-vitamin 100 NE, E-vitamin 15 mg, Cink (mint Cink-szulf\u00e1t, monohidr\u00e1t) 10 mg, Mang\u00e1n (mint Mang\u00e1n(II)-oxid) 2,5 mg, R\u00e9z (mint R\u00e9z(II)-szulf\u00e1t, pentahidr\u00e1t) 1,2 mg, J\u00f3d (mint Kalcium-jod\u00e1t, v\u00edzmentes) 0,2 mg, Taurin 520 mg.<\/p>\n<p data-path-to-node=\"10\">\n<p data-path-to-node=\"10\">\n","protected":false},"featured_media":652,"template":"","meta":{"site-sidebar-layout":"default","site-content-layout":"","ast-site-content-layout":"default","site-content-style":"default","site-sidebar-style":"default","ast-global-header-display":"","ast-banner-title-visibility":"","ast-main-header-display":"","ast-hfb-above-header-display":"","ast-hfb-below-header-display":"","ast-hfb-mobile-header-display":"","site-post-title":"","ast-breadcrumbs-content":"","ast-featured-img":"","footer-sml-layout":"","ast-disable-related-posts":"","theme-transparent-header-meta":"default","adv-header-id-meta":"","stick-header-meta":"","header-above-stick-meta":"","header-main-stick-meta":"","header-below-stick-meta":"","astra-migrate-meta-layouts":"set","ast-page-background-enabled":"default","ast-page-background-meta":{"desktop":{"background-color":"var(--ast-global-color-5)","background-image":"","background-repeat":"repeat","background-position":"center center","background-size":"auto","background-attachment":"scroll","background-type":"","background-media":"","overlay-type":"","overlay-color":"","overlay-opacity":"","overlay-gradient":""},"tablet":{"background-color":"","background-image":"","background-repeat":"repeat","background-position":"center center","background-size":"auto","background-attachment":"scroll","background-type":"","background-media":"","overlay-type":"","overlay-color":"","overlay-opacity":"","overlay-gradient":""},"mobile":{"background-color":"","background-image":"","background-repeat":"repeat","background-position":"center center","background-size":"auto","background-attachment":"scroll","background-type":"","background-media":"","overlay-type":"","overlay-color":"","overlay-opacity":"","overlay-gradient":""}},"ast-content-background-meta":{"desktop":{"background-color":"var(--ast-global-color-4)","background-image":"","background-repeat":"repeat","background-position":"center center","background-size":"auto","background-attachment":"scroll","background-type":"","background-media":"","overlay-type":"","overlay-color":"","overlay-opacity":"","overlay-gradient":""},"tablet":{"background-color":"var(--ast-global-color-4)","background-image":"","background-repeat":"repeat","background-position":"center center","background-size":"auto","background-attachment":"scroll","background-type":"","background-media":"","overlay-type":"","overlay-color":"","overlay-opacity":"","overlay-gradient":""},"mobile":{"background-color":"var(--ast-global-color-4)","background-image":"","background-repeat":"repeat","background-position":"center center","background-size":"auto","background-attachment":"scroll","background-type":"","background-media":"","overlay-type":"","overlay-color":"","overlay-opacity":"","overlay-gradient":""}}},"product_brand":[],"product_cat":[31,34],"product_tag":[],"class_list":{"0":"post-651","1":"product","2":"type-product","3":"status-publish","4":"has-post-thumbnail","6":"product_cat-macska-eledelek","7":"product_cat-prevital-cica","8":"desktop-align-left","9":"tablet-align-left","10":"mobile-align-left","12":"first","13":"instock","14":"shipping-taxable","15":"product-type-simple"},"_links":{"self":[{"href":"https:\/\/boldogbuldog.hu\/index.php\/wp-json\/wp\/v2\/product\/651","targetHints":{"allow":["GET"]}}],"collection":[{"href":"https:\/\/boldogbuldog.hu\/index.php\/wp-json\/wp\/v2\/product"}],"about":[{"href":"https:\/\/boldogbuldog.hu\/index.php\/wp-json\/wp\/v2\/types\/product"}],"wp:featuredmedia":[{"embeddable":true,"href":"https:\/\/boldogbuldog.hu\/index.php\/wp-json\/wp\/v2\/media\/652"}],"wp:attachment":[{"href":"https:\/\/boldogbuldog.hu\/index.php\/wp-json\/wp\/v2\/media?parent=651"}],"wp:term":[{"taxonomy":"product_brand","embeddable":true,"href":"https:\/\/boldogbuldog.hu\/index.php\/wp-json\/wp\/v2\/product_brand?post=651"},{"taxonomy":"product_cat","embeddable":true,"href":"https:\/\/boldogbuldog.hu\/index.php\/wp-json\/wp\/v2\/product_cat?post=651"},{"taxonomy":"product_tag","embeddable":true,"href":"https:\/\/boldogbuldog.hu\/index.php\/wp-json\/wp\/v2\/product_tag?post=651"}],"curies":[{"name":"wp","href":"https:\/\/api.w.org\/{rel}","templated":true}]}}