{"id":653,"date":"2026-03-06T09:29:14","date_gmt":"2026-03-06T09:29:14","guid":{"rendered":"https:\/\/boldogbuldog.hu\/?post_type=product&#038;p=653"},"modified":"2026-03-13T09:16:10","modified_gmt":"2026-03-13T09:16:10","slug":"prevital-tasakos-giga-box-csirke-borju-lazac-steril-maj-12121212-48db-dob","status":"publish","type":"product","link":"https:\/\/boldogbuldog.hu\/index.php\/termek\/prevital-tasakos-giga-box-csirke-borju-lazac-steril-maj-12121212-48db-dob\/","title":{"rendered":"Prevital Tasakos Giga Box Csirke, Borj\u00fa, Lazac, Steril M\u00e1j (12+12+12+12) 48db\/dob"},"content":{"rendered":"","protected":false},"excerpt":{"rendered":"<p data-path-to-node=\"3\"><b data-path-to-node=\"3\" data-index-in-node=\"0\">\u00cdzvari\u00e1ci\u00f3k \u00e9s \u00f6sszet\u00e9tel:<\/b><\/p>\n<ul data-path-to-node=\"4\">\n<li>\n<p data-path-to-node=\"4,0,0\"><b data-path-to-node=\"4,0,0\" data-index-in-node=\"0\">Csirk\u00e9vel:<\/b> H\u00fas \u00e9s \u00e1llati sz\u00e1rmaz\u00e9kok (4% csirke), hal \u00e9s halsz\u00e1rmaz\u00e9kok, n\u00f6v\u00e9nyi eredet\u0171 sz\u00e1rmaz\u00e9kok, n\u00f6v\u00e9nyi feh\u00e9rje kivonatok, \u00e1sv\u00e1nyi anyagok, k\u00fcl\u00f6nf\u00e9le cukrok. <b data-path-to-node=\"4,0,0\" data-index-in-node=\"164\">Tart\u00f3s\u00edt\u00f3szer n\u00e9lk\u00fcl.<\/b><\/p>\n<\/li>\n<li>\n<p data-path-to-node=\"4,1,0\"><b data-path-to-node=\"4,1,0\" data-index-in-node=\"0\">Borj\u00faval:<\/b> H\u00fas \u00e9s \u00e1llati sz\u00e1rmaz\u00e9kok (4% borj\u00fa), hal \u00e9s halsz\u00e1rmaz\u00e9kok, n\u00f6v\u00e9nyi eredet\u0171 sz\u00e1rmaz\u00e9kok, n\u00f6v\u00e9nyi feh\u00e9rje kivonatok, \u00e1sv\u00e1nyi anyagok, k\u00fcl\u00f6nf\u00e9le cukrok. <b data-path-to-node=\"4,1,0\" data-index-in-node=\"162\">Tart\u00f3s\u00edt\u00f3szer n\u00e9lk\u00fcl.<\/b><\/p>\n<\/li>\n<li>\n<p data-path-to-node=\"4,2,0\"><b data-path-to-node=\"4,2,0\" data-index-in-node=\"0\">Lazaccal:<\/b> H\u00fas \u00e9s \u00e1llati sz\u00e1rmaz\u00e9kok, hal \u00e9s halsz\u00e1rmaz\u00e9kok (4% lazac), n\u00f6v\u00e9nyi eredet\u0171 sz\u00e1rmaz\u00e9kok, n\u00f6v\u00e9nyi feh\u00e9rje kivonatok, \u00e1sv\u00e1nyi anyagok, k\u00fcl\u00f6nf\u00e9le cukrok. <b data-path-to-node=\"4,2,0\" data-index-in-node=\"162\">Tart\u00f3s\u00edt\u00f3szer n\u00e9lk\u00fcl.<\/b><\/p>\n<\/li>\n<\/ul>\n<p data-path-to-node=\"5\"><b data-path-to-node=\"5\" data-index-in-node=\"0\">Analitikai \u00f6sszetev\u0151k (a fenti 3 \u00edzre):<\/b><\/p>\n<ul>\n<li data-path-to-node=\"6,0,0\">Nedvess\u00e9gtartalom: 82%<\/li>\n<li data-path-to-node=\"6,1,0\">Nyersfeh\u00e9rje: 9%<\/li>\n<li data-path-to-node=\"6,2,0\">Zs\u00edrtartalom: 5%<\/li>\n<li data-path-to-node=\"6,3,0\">Nyershamu: 3%<\/li>\n<li data-path-to-node=\"6,4,0\">Nyersrostok: 0,8%<\/li>\n<\/ul>\n<p><b data-path-to-node=\"7\" data-index-in-node=\"0\">T\u00e1panyag adal\u00e9kok 1 kg-ban:<\/b> D3-vitamin 160 NE, E-vitamin 30 mg, Cink (mint Cink-szulf\u00e1t, monohidr\u00e1t) 10 mg, Mang\u00e1n (mint Mang\u00e1n(II)-oxid) 2 mg, R\u00e9z (mint R\u00e9z(II)-szulf\u00e1t, pentahidr\u00e1t) 1,2 mg, J\u00f3d (mint Kalcium-jod\u00e1t, v\u00edzmentes) 0,2 mg, Taurin 520 mg.<\/p>\n<p>&nbsp;<\/p>\n<ul>\n<li><strong>M\u00e1jjal:\u00a0<\/strong>H\u00fas \u00e9s \u00e1llati sz\u00e1rmaz\u00e9kok (4% m\u00e1j), n\u00f6v\u00e9nyi eredet\u0171 sz\u00e1rmaz\u00e9kok (0,4% inulin), \u00e1sv\u00e1nyi anyagok. <b data-path-to-node=\"11\" data-index-in-node=\"108\">Sz\u00ednez\u00e9kek \u00e9s tart\u00f3s\u00edt\u00f3szer n\u00e9lk\u00fcl.<\/b><\/li>\n<\/ul>\n<p data-path-to-node=\"12\"><b data-path-to-node=\"12\" data-index-in-node=\"0\">Analitikai \u00f6sszetev\u0151k:<\/b><\/p>\n<ul>\n<li data-path-to-node=\"13,0,0\">Nedvess\u00e9gtartalom: 82%<\/li>\n<li data-path-to-node=\"13,1,0\">Nyersfeh\u00e9rje: 8,5%<\/li>\n<li data-path-to-node=\"13,2,0\">Zs\u00edrtartalom: 3%<\/li>\n<li data-path-to-node=\"13,3,0\">Nyershamu: 2,5%<\/li>\n<li data-path-to-node=\"13,4,0\">Nyersrostok: 1%<\/li>\n<\/ul>\n<p data-path-to-node=\"13,4,0\"><b data-path-to-node=\"14\" data-index-in-node=\"0\">T\u00e1panyag adal\u00e9kok 1 kg-ban:<\/b> D3-vitamin 160 NE, E-vitamin 100 mg, Cink (mint Cink-szulf\u00e1t, monohidr\u00e1t) 10 mg, Mang\u00e1n (mint Mang\u00e1n(II)-oxid) 2 mg, R\u00e9z (mint R\u00e9z(II)-szulf\u00e1t, pentahidr\u00e1t) 1,2 mg, J\u00f3d (mint Kalcium-jod\u00e1t, v\u00edzmentes) 0,2 mg, Taurin 520 mg, Biotin 100 \u00b5g.<\/p>\n<p data-path-to-node=\"13,4,0\">\n","protected":false},"featured_media":654,"template":"","meta":{"site-sidebar-layout":"default","site-content-layout":"","ast-site-content-layout":"default","site-content-style":"default","site-sidebar-style":"default","ast-global-header-display":"","ast-banner-title-visibility":"","ast-main-header-display":"","ast-hfb-above-header-display":"","ast-hfb-below-header-display":"","ast-hfb-mobile-header-display":"","site-post-title":"","ast-breadcrumbs-content":"","ast-featured-img":"","footer-sml-layout":"","ast-disable-related-posts":"","theme-transparent-header-meta":"default","adv-header-id-meta":"","stick-header-meta":"","header-above-stick-meta":"","header-main-stick-meta":"","header-below-stick-meta":"","astra-migrate-meta-layouts":"set","ast-page-background-enabled":"default","ast-page-background-meta":{"desktop":{"background-color":"var(--ast-global-color-5)","background-image":"","background-repeat":"repeat","background-position":"center center","background-size":"auto","background-attachment":"scroll","background-type":"","background-media":"","overlay-type":"","overlay-color":"","overlay-opacity":"","overlay-gradient":""},"tablet":{"background-color":"","background-image":"","background-repeat":"repeat","background-position":"center center","background-size":"auto","background-attachment":"scroll","background-type":"","background-media":"","overlay-type":"","overlay-color":"","overlay-opacity":"","overlay-gradient":""},"mobile":{"background-color":"","background-image":"","background-repeat":"repeat","background-position":"center center","background-size":"auto","background-attachment":"scroll","background-type":"","background-media":"","overlay-type":"","overlay-color":"","overlay-opacity":"","overlay-gradient":""}},"ast-content-background-meta":{"desktop":{"background-color":"var(--ast-global-color-4)","background-image":"","background-repeat":"repeat","background-position":"center center","background-size":"auto","background-attachment":"scroll","background-type":"","background-media":"","overlay-type":"","overlay-color":"","overlay-opacity":"","overlay-gradient":""},"tablet":{"background-color":"var(--ast-global-color-4)","background-image":"","background-repeat":"repeat","background-position":"center center","background-size":"auto","background-attachment":"scroll","background-type":"","background-media":"","overlay-type":"","overlay-color":"","overlay-opacity":"","overlay-gradient":""},"mobile":{"background-color":"var(--ast-global-color-4)","background-image":"","background-repeat":"repeat","background-position":"center center","background-size":"auto","background-attachment":"scroll","background-type":"","background-media":"","overlay-type":"","overlay-color":"","overlay-opacity":"","overlay-gradient":""}}},"product_brand":[],"product_cat":[31,34],"product_tag":[],"class_list":{"0":"post-653","1":"product","2":"type-product","3":"status-publish","4":"has-post-thumbnail","6":"product_cat-macska-eledelek","7":"product_cat-prevital-cica","8":"desktop-align-left","9":"tablet-align-left","10":"mobile-align-left","12":"first","13":"instock","14":"shipping-taxable","15":"product-type-simple"},"_links":{"self":[{"href":"https:\/\/boldogbuldog.hu\/index.php\/wp-json\/wp\/v2\/product\/653","targetHints":{"allow":["GET"]}}],"collection":[{"href":"https:\/\/boldogbuldog.hu\/index.php\/wp-json\/wp\/v2\/product"}],"about":[{"href":"https:\/\/boldogbuldog.hu\/index.php\/wp-json\/wp\/v2\/types\/product"}],"wp:featuredmedia":[{"embeddable":true,"href":"https:\/\/boldogbuldog.hu\/index.php\/wp-json\/wp\/v2\/media\/654"}],"wp:attachment":[{"href":"https:\/\/boldogbuldog.hu\/index.php\/wp-json\/wp\/v2\/media?parent=653"}],"wp:term":[{"taxonomy":"product_brand","embeddable":true,"href":"https:\/\/boldogbuldog.hu\/index.php\/wp-json\/wp\/v2\/product_brand?post=653"},{"taxonomy":"product_cat","embeddable":true,"href":"https:\/\/boldogbuldog.hu\/index.php\/wp-json\/wp\/v2\/product_cat?post=653"},{"taxonomy":"product_tag","embeddable":true,"href":"https:\/\/boldogbuldog.hu\/index.php\/wp-json\/wp\/v2\/product_tag?post=653"}],"curies":[{"name":"wp","href":"https:\/\/api.w.org\/{rel}","templated":true}]}}