{"id":662,"date":"2026-03-06T09:43:45","date_gmt":"2026-03-06T09:43:45","guid":{"rendered":"https:\/\/boldogbuldog.hu\/?post_type=product&#038;p=662"},"modified":"2026-03-13T11:14:03","modified_gmt":"2026-03-13T11:14:03","slug":"my-cat-pastetom-hal-100g-16db-dob","status":"publish","type":"product","link":"https:\/\/boldogbuldog.hu\/index.php\/termek\/my-cat-pastetom-hal-100g-16db-dob\/","title":{"rendered":"My Cat P\u00e1st\u00e9tom Hal 100g 16db\/dob"},"content":{"rendered":"","protected":false},"excerpt":{"rendered":"<p data-path-to-node=\"4\"><b data-path-to-node=\"4\" data-index-in-node=\"0\">\u00d6sszet\u00e9tel:<\/b> H\u00fas \u00e9s \u00e1llati sz\u00e1rmaz\u00e9kok, hal \u00e9s halsz\u00e1rmaz\u00e9kok (4% hal), \u00e1sv\u00e1nyi anyagok.<\/p>\n<p data-path-to-node=\"5\"><b data-path-to-node=\"5\" data-index-in-node=\"0\">Analitikai \u00f6sszetev\u0151k:<\/b><\/p>\n<ul data-path-to-node=\"6\">\n<li>\n<p data-path-to-node=\"6,0,0\">Nyersfeh\u00e9rje: 8,5%<\/p>\n<\/li>\n<li>\n<p data-path-to-node=\"6,1,0\">Zs\u00edrtartalom: 5,5%<\/p>\n<\/li>\n<li>\n<p data-path-to-node=\"6,2,0\">Nyersrostok: 0,4%<\/p>\n<\/li>\n<li>\n<p data-path-to-node=\"6,3,0\">Nyershamu: 2,5%<\/p>\n<\/li>\n<li>\n<p data-path-to-node=\"6,4,0\">Nedvess\u00e9gtartalom: 81,5%<\/p>\n<\/li>\n<\/ul>\n<p data-path-to-node=\"7\"><b data-path-to-node=\"7\" data-index-in-node=\"0\">Adal\u00e9kanyagok 1 kg-ban \/ T\u00e1pl\u00e1lkoz\u00e1s-fiziol\u00f3giai adal\u00e9kanyagok:<\/b><\/p>\n<ul data-path-to-node=\"8\">\n<li>\n<p data-path-to-node=\"8,0,0\">Taurin: 450 mg<\/p>\n<\/li>\n<li>\n<p data-path-to-node=\"8,1,0\">Cink (cink-szulf\u00e1t-monohidr\u00e1t): 20 mg<\/p>\n<\/li>\n<li>\n<p data-path-to-node=\"8,2,0\">Mang\u00e1n (mang\u00e1n-szulf\u00e1t-monohidr\u00e1t): 6 mg<\/p>\n<\/li>\n<li>\n<p data-path-to-node=\"8,3,0\">R\u00e9z (r\u00e9z-szulf\u00e1t-pentahidr\u00e1t): 1 mg<\/p>\n<\/li>\n<li>\n<p data-path-to-node=\"8,4,0\">J\u00f3d (v\u00edzmentes kalcium-jod\u00e1t): 0,5 mg<\/p>\n<\/li>\n<li>\n<p data-path-to-node=\"8,5,0\">D3-vitamin (kolekalciferol): 250 NE<\/p>\n<\/li>\n<li>\n<p data-path-to-node=\"8,6,0\">E-vitamin (DL-\u03b1-tokoferil-acet\u00e1t): 30 mg<\/p>\n<\/li>\n<\/ul>\n","protected":false},"featured_media":663,"template":"","meta":{"site-sidebar-layout":"default","site-content-layout":"","ast-site-content-layout":"default","site-content-style":"default","site-sidebar-style":"default","ast-global-header-display":"","ast-banner-title-visibility":"","ast-main-header-display":"","ast-hfb-above-header-display":"","ast-hfb-below-header-display":"","ast-hfb-mobile-header-display":"","site-post-title":"","ast-breadcrumbs-content":"","ast-featured-img":"","footer-sml-layout":"","ast-disable-related-posts":"","theme-transparent-header-meta":"default","adv-header-id-meta":"","stick-header-meta":"","header-above-stick-meta":"","header-main-stick-meta":"","header-below-stick-meta":"","astra-migrate-meta-layouts":"set","ast-page-background-enabled":"default","ast-page-background-meta":{"desktop":{"background-color":"var(--ast-global-color-5)","background-image":"","background-repeat":"repeat","background-position":"center center","background-size":"auto","background-attachment":"scroll","background-type":"","background-media":"","overlay-type":"","overlay-color":"","overlay-opacity":"","overlay-gradient":""},"tablet":{"background-color":"","background-image":"","background-repeat":"repeat","background-position":"center center","background-size":"auto","background-attachment":"scroll","background-type":"","background-media":"","overlay-type":"","overlay-color":"","overlay-opacity":"","overlay-gradient":""},"mobile":{"background-color":"","background-image":"","background-repeat":"repeat","background-position":"center center","background-size":"auto","background-attachment":"scroll","background-type":"","background-media":"","overlay-type":"","overlay-color":"","overlay-opacity":"","overlay-gradient":""}},"ast-content-background-meta":{"desktop":{"background-color":"var(--ast-global-color-4)","background-image":"","background-repeat":"repeat","background-position":"center center","background-size":"auto","background-attachment":"scroll","background-type":"","background-media":"","overlay-type":"","overlay-color":"","overlay-opacity":"","overlay-gradient":""},"tablet":{"background-color":"var(--ast-global-color-4)","background-image":"","background-repeat":"repeat","background-position":"center center","background-size":"auto","background-attachment":"scroll","background-type":"","background-media":"","overlay-type":"","overlay-color":"","overlay-opacity":"","overlay-gradient":""},"mobile":{"background-color":"var(--ast-global-color-4)","background-image":"","background-repeat":"repeat","background-position":"center center","background-size":"auto","background-attachment":"scroll","background-type":"","background-media":"","overlay-type":"","overlay-color":"","overlay-opacity":"","overlay-gradient":""}}},"product_brand":[],"product_cat":[31,35],"product_tag":[],"class_list":{"0":"post-662","1":"product","2":"type-product","3":"status-publish","4":"has-post-thumbnail","6":"product_cat-macska-eledelek","7":"product_cat-my-cate","8":"desktop-align-left","9":"tablet-align-left","10":"mobile-align-left","12":"first","13":"instock","14":"shipping-taxable","15":"product-type-simple"},"_links":{"self":[{"href":"https:\/\/boldogbuldog.hu\/index.php\/wp-json\/wp\/v2\/product\/662","targetHints":{"allow":["GET"]}}],"collection":[{"href":"https:\/\/boldogbuldog.hu\/index.php\/wp-json\/wp\/v2\/product"}],"about":[{"href":"https:\/\/boldogbuldog.hu\/index.php\/wp-json\/wp\/v2\/types\/product"}],"wp:featuredmedia":[{"embeddable":true,"href":"https:\/\/boldogbuldog.hu\/index.php\/wp-json\/wp\/v2\/media\/663"}],"wp:attachment":[{"href":"https:\/\/boldogbuldog.hu\/index.php\/wp-json\/wp\/v2\/media?parent=662"}],"wp:term":[{"taxonomy":"product_brand","embeddable":true,"href":"https:\/\/boldogbuldog.hu\/index.php\/wp-json\/wp\/v2\/product_brand?post=662"},{"taxonomy":"product_cat","embeddable":true,"href":"https:\/\/boldogbuldog.hu\/index.php\/wp-json\/wp\/v2\/product_cat?post=662"},{"taxonomy":"product_tag","embeddable":true,"href":"https:\/\/boldogbuldog.hu\/index.php\/wp-json\/wp\/v2\/product_tag?post=662"}],"curies":[{"name":"wp","href":"https:\/\/api.w.org\/{rel}","templated":true}]}}