{"id":676,"date":"2026-03-06T10:14:38","date_gmt":"2026-03-06T10:14:38","guid":{"rendered":"https:\/\/boldogbuldog.hu\/?post_type=product&#038;p=676"},"modified":"2026-03-13T11:17:06","modified_gmt":"2026-03-13T11:17:06","slug":"green-eyes-soft-hal-15kg","status":"publish","type":"product","link":"https:\/\/boldogbuldog.hu\/index.php\/termek\/green-eyes-soft-hal-15kg\/","title":{"rendered":"Green Eyes Soft Hal 15kg"},"content":{"rendered":"","protected":false},"excerpt":{"rendered":"<p data-path-to-node=\"5\"><b data-path-to-node=\"5\" data-index-in-node=\"0\">\u00d6sszet\u00e9tel:<\/b> H\u00fas-h\u00fas liszt (min. 4% hal), kukorica liszt, kukorica glut\u00e9n, zs\u00edrok, vitaminokat \u00e9s \u00e1sv\u00e1nyi anyagokat tartalmaz\u00f3 premix, digest, antioxid\u00e1ns.<\/p>\n<p data-path-to-node=\"6\"><b data-path-to-node=\"6\" data-index-in-node=\"0\">Beltartalom:<\/b><\/p>\n<ul data-path-to-node=\"7\">\n<li>\n<p data-path-to-node=\"7,0,0\">Nedvess\u00e9gtartalom: 10 %<\/p>\n<\/li>\n<li>\n<p data-path-to-node=\"7,1,0\">Nyersfeh\u00e9rje: 28 %<\/p>\n<\/li>\n<li>\n<p data-path-to-node=\"7,2,0\">Nyerszs\u00edr: 10 %<\/p>\n<\/li>\n<li>\n<p data-path-to-node=\"7,3,0\">Hamu: 8 %<\/p>\n<\/li>\n<li>\n<p data-path-to-node=\"7,4,0\">Nyersrost: 2,4 %<\/p>\n<\/li>\n<li>\n<p data-path-to-node=\"7,5,0\">Kalcium: 2,2 %<\/p>\n<\/li>\n<li>\n<p data-path-to-node=\"7,6,0\">N\u00e1trium: 0,4 %<\/p>\n<\/li>\n<li>\n<p data-path-to-node=\"7,7,0\">Foszfor: 1,6 %<\/p>\n<\/li>\n<li>\n<p data-path-to-node=\"7,8,0\">A-vitamin: min 12000 NE\/kg<\/p>\n<\/li>\n<li>\n<p data-path-to-node=\"7,9,0\">D3-vitamin: 1200 NE\/kg<\/p>\n<\/li>\n<li>\n<p data-path-to-node=\"7,10,0\">E-vitamin: 95 mg\/kg<\/p>\n<\/li>\n<li>\n<p data-path-to-node=\"7,11,0\">B1-vitamin: 6 mg\/kg<\/p>\n<\/li>\n<li>\n<p data-path-to-node=\"7,12,0\">B2-vitamin: 7 mg\/kg<\/p>\n<\/li>\n<li>\n<p data-path-to-node=\"7,13,0\">E-vitamin: 0,1%<\/p>\n<\/li>\n<\/ul>\n","protected":false},"featured_media":677,"template":"","meta":{"site-sidebar-layout":"default","site-content-layout":"","ast-site-content-layout":"default","site-content-style":"default","site-sidebar-style":"default","ast-global-header-display":"","ast-banner-title-visibility":"","ast-main-header-display":"","ast-hfb-above-header-display":"","ast-hfb-below-header-display":"","ast-hfb-mobile-header-display":"","site-post-title":"","ast-breadcrumbs-content":"","ast-featured-img":"","footer-sml-layout":"","ast-disable-related-posts":"","theme-transparent-header-meta":"default","adv-header-id-meta":"","stick-header-meta":"","header-above-stick-meta":"","header-main-stick-meta":"","header-below-stick-meta":"","astra-migrate-meta-layouts":"set","ast-page-background-enabled":"default","ast-page-background-meta":{"desktop":{"background-color":"var(--ast-global-color-5)","background-image":"","background-repeat":"repeat","background-position":"center center","background-size":"auto","background-attachment":"scroll","background-type":"","background-media":"","overlay-type":"","overlay-color":"","overlay-opacity":"","overlay-gradient":""},"tablet":{"background-color":"","background-image":"","background-repeat":"repeat","background-position":"center center","background-size":"auto","background-attachment":"scroll","background-type":"","background-media":"","overlay-type":"","overlay-color":"","overlay-opacity":"","overlay-gradient":""},"mobile":{"background-color":"","background-image":"","background-repeat":"repeat","background-position":"center center","background-size":"auto","background-attachment":"scroll","background-type":"","background-media":"","overlay-type":"","overlay-color":"","overlay-opacity":"","overlay-gradient":""}},"ast-content-background-meta":{"desktop":{"background-color":"var(--ast-global-color-4)","background-image":"","background-repeat":"repeat","background-position":"center center","background-size":"auto","background-attachment":"scroll","background-type":"","background-media":"","overlay-type":"","overlay-color":"","overlay-opacity":"","overlay-gradient":""},"tablet":{"background-color":"var(--ast-global-color-4)","background-image":"","background-repeat":"repeat","background-position":"center center","background-size":"auto","background-attachment":"scroll","background-type":"","background-media":"","overlay-type":"","overlay-color":"","overlay-opacity":"","overlay-gradient":""},"mobile":{"background-color":"var(--ast-global-color-4)","background-image":"","background-repeat":"repeat","background-position":"center center","background-size":"auto","background-attachment":"scroll","background-type":"","background-media":"","overlay-type":"","overlay-color":"","overlay-opacity":"","overlay-gradient":""}}},"product_brand":[],"product_cat":[36,31],"product_tag":[],"class_list":{"0":"post-676","1":"product","2":"type-product","3":"status-publish","4":"has-post-thumbnail","6":"product_cat-green-eyes-soft","7":"product_cat-macska-eledelek","8":"desktop-align-left","9":"tablet-align-left","10":"mobile-align-left","12":"first","13":"instock","14":"shipping-taxable","15":"product-type-simple"},"_links":{"self":[{"href":"https:\/\/boldogbuldog.hu\/index.php\/wp-json\/wp\/v2\/product\/676","targetHints":{"allow":["GET"]}}],"collection":[{"href":"https:\/\/boldogbuldog.hu\/index.php\/wp-json\/wp\/v2\/product"}],"about":[{"href":"https:\/\/boldogbuldog.hu\/index.php\/wp-json\/wp\/v2\/types\/product"}],"wp:featuredmedia":[{"embeddable":true,"href":"https:\/\/boldogbuldog.hu\/index.php\/wp-json\/wp\/v2\/media\/677"}],"wp:attachment":[{"href":"https:\/\/boldogbuldog.hu\/index.php\/wp-json\/wp\/v2\/media?parent=676"}],"wp:term":[{"taxonomy":"product_brand","embeddable":true,"href":"https:\/\/boldogbuldog.hu\/index.php\/wp-json\/wp\/v2\/product_brand?post=676"},{"taxonomy":"product_cat","embeddable":true,"href":"https:\/\/boldogbuldog.hu\/index.php\/wp-json\/wp\/v2\/product_cat?post=676"},{"taxonomy":"product_tag","embeddable":true,"href":"https:\/\/boldogbuldog.hu\/index.php\/wp-json\/wp\/v2\/product_tag?post=676"}],"curies":[{"name":"wp","href":"https:\/\/api.w.org\/{rel}","templated":true}]}}