{"id":691,"date":"2026-03-06T10:30:39","date_gmt":"2026-03-06T10:30:39","guid":{"rendered":"https:\/\/boldogbuldog.hu\/?post_type=product&#038;p=691"},"modified":"2026-03-11T19:00:22","modified_gmt":"2026-03-11T19:00:22","slug":"fincsi-talcas-baromfi-300g","status":"publish","type":"product","link":"https:\/\/boldogbuldog.hu\/index.php\/termek\/fincsi-talcas-baromfi-300g\/","title":{"rendered":"Fincsi T\u00e1lc\u00e1s Baromfi 300g 9db\/dob"},"content":{"rendered":"","protected":false},"excerpt":{"rendered":"<p data-path-to-node=\"3\"><b data-path-to-node=\"3\" data-index-in-node=\"0\">\u00d6sszet\u00e9tel:<\/b> H\u00fas \u00e9s \u00e1llati sz\u00e1rmaz\u00e9kok 40%, hal \u00e9s halsz\u00e1rmaz\u00e9kok, n\u00f6v\u00e9nyi eredet\u0171 sz\u00e1rmaz\u00e9kok, \u00e1sv\u00e1nyi anyagok, k\u00fcl\u00f6nf\u00e9le cukrok.<\/p>\n<p data-path-to-node=\"4\"><b data-path-to-node=\"4\" data-index-in-node=\"0\">Analitikai \u00f6sszetev\u0151k:<\/b><\/p>\n<ul data-path-to-node=\"5\">\n<li>\n<p data-path-to-node=\"5,0,0\">Nedvess\u00e9gtartalom: 82%<\/p>\n<\/li>\n<li>\n<p data-path-to-node=\"5,1,0\">Nyersfeh\u00e9rje: 9%<\/p>\n<\/li>\n<li>\n<p data-path-to-node=\"5,2,0\">Zs\u00edrtartalom: 5%<\/p>\n<\/li>\n<li>\n<p data-path-to-node=\"5,3,0\">Nyershamu: 3%<\/p>\n<\/li>\n<li>\n<p data-path-to-node=\"5,4,0\">Nyersrost: 0,3%<\/p>\n<\/li>\n<\/ul>\n<p data-path-to-node=\"6\"><b data-path-to-node=\"6\" data-index-in-node=\"0\">Adal\u00e9kanyagok \/ T\u00e1p\u00e9rt\u00e9kkel rendelkez\u0151 adal\u00e9kanyagok (kg-onk\u00e9nt):<\/b><\/p>\n<ul data-path-to-node=\"7\">\n<li>\n<p data-path-to-node=\"7,0,0\">E-vitamin: 25 mg<\/p>\n<\/li>\n<li>\n<p data-path-to-node=\"7,1,0\">Zn (cink-szulf\u00e1t-monohidr\u00e1t): 10 mg<\/p>\n<\/li>\n<li>\n<p data-path-to-node=\"7,2,0\">Mn (mang\u00e1n-oxid): 2,5 mg<\/p>\n<\/li>\n<li>\n<p data-path-to-node=\"7,3,0\">I (kalcium-jod\u00e1t): 0,2 mg<\/p>\n<\/li>\n<\/ul>\n","protected":false},"featured_media":684,"template":"","meta":{"site-sidebar-layout":"default","site-content-layout":"","ast-site-content-layout":"default","site-content-style":"default","site-sidebar-style":"default","ast-global-header-display":"","ast-banner-title-visibility":"","ast-main-header-display":"","ast-hfb-above-header-display":"","ast-hfb-below-header-display":"","ast-hfb-mobile-header-display":"","site-post-title":"","ast-breadcrumbs-content":"","ast-featured-img":"","footer-sml-layout":"","ast-disable-related-posts":"","theme-transparent-header-meta":"default","adv-header-id-meta":"","stick-header-meta":"","header-above-stick-meta":"","header-main-stick-meta":"","header-below-stick-meta":"","astra-migrate-meta-layouts":"set","ast-page-background-enabled":"default","ast-page-background-meta":{"desktop":{"background-color":"var(--ast-global-color-5)","background-image":"","background-repeat":"repeat","background-position":"center center","background-size":"auto","background-attachment":"scroll","background-type":"","background-media":"","overlay-type":"","overlay-color":"","overlay-opacity":"","overlay-gradient":""},"tablet":{"background-color":"","background-image":"","background-repeat":"repeat","background-position":"center center","background-size":"auto","background-attachment":"scroll","background-type":"","background-media":"","overlay-type":"","overlay-color":"","overlay-opacity":"","overlay-gradient":""},"mobile":{"background-color":"","background-image":"","background-repeat":"repeat","background-position":"center center","background-size":"auto","background-attachment":"scroll","background-type":"","background-media":"","overlay-type":"","overlay-color":"","overlay-opacity":"","overlay-gradient":""}},"ast-content-background-meta":{"desktop":{"background-color":"var(--ast-global-color-4)","background-image":"","background-repeat":"repeat","background-position":"center center","background-size":"auto","background-attachment":"scroll","background-type":"","background-media":"","overlay-type":"","overlay-color":"","overlay-opacity":"","overlay-gradient":""},"tablet":{"background-color":"var(--ast-global-color-4)","background-image":"","background-repeat":"repeat","background-position":"center center","background-size":"auto","background-attachment":"scroll","background-type":"","background-media":"","overlay-type":"","overlay-color":"","overlay-opacity":"","overlay-gradient":""},"mobile":{"background-color":"var(--ast-global-color-4)","background-image":"","background-repeat":"repeat","background-position":"center center","background-size":"auto","background-attachment":"scroll","background-type":"","background-media":"","overlay-type":"","overlay-color":"","overlay-opacity":"","overlay-gradient":""}}},"product_brand":[],"product_cat":[38,19],"product_tag":[],"class_list":{"0":"post-691","1":"product","2":"type-product","3":"status-publish","4":"has-post-thumbnail","6":"product_cat-fincsi","7":"product_cat-kutya-eledelek","8":"desktop-align-left","9":"tablet-align-left","10":"mobile-align-left","12":"first","13":"instock","14":"shipping-taxable","15":"product-type-simple"},"_links":{"self":[{"href":"https:\/\/boldogbuldog.hu\/index.php\/wp-json\/wp\/v2\/product\/691","targetHints":{"allow":["GET"]}}],"collection":[{"href":"https:\/\/boldogbuldog.hu\/index.php\/wp-json\/wp\/v2\/product"}],"about":[{"href":"https:\/\/boldogbuldog.hu\/index.php\/wp-json\/wp\/v2\/types\/product"}],"wp:featuredmedia":[{"embeddable":true,"href":"https:\/\/boldogbuldog.hu\/index.php\/wp-json\/wp\/v2\/media\/684"}],"wp:attachment":[{"href":"https:\/\/boldogbuldog.hu\/index.php\/wp-json\/wp\/v2\/media?parent=691"}],"wp:term":[{"taxonomy":"product_brand","embeddable":true,"href":"https:\/\/boldogbuldog.hu\/index.php\/wp-json\/wp\/v2\/product_brand?post=691"},{"taxonomy":"product_cat","embeddable":true,"href":"https:\/\/boldogbuldog.hu\/index.php\/wp-json\/wp\/v2\/product_cat?post=691"},{"taxonomy":"product_tag","embeddable":true,"href":"https:\/\/boldogbuldog.hu\/index.php\/wp-json\/wp\/v2\/product_tag?post=691"}],"curies":[{"name":"wp","href":"https:\/\/api.w.org\/{rel}","templated":true}]}}